{"id":7501,"date":"2026-02-24T01:08:01","date_gmt":"2026-02-24T00:08:01","guid":{"rendered":"https:\/\/medipeel.me\/?post_type=product&#038;p=7501"},"modified":"2026-04-08T15:46:47","modified_gmt":"2026-04-08T13:46:47","slug":"medi-peel-premium-collagen-naite-massage-cream-stick","status":"publish","type":"product","link":"https:\/\/medipeel.me\/sr\/\u043f\u0440\u043e\u0438\u0437\u0432\u043e\u0434\/medi-peel-premium-collagen-naite-massage-cream-stick\/","title":{"rendered":"MEDI-PEEL Premium Collagen Naite Massage Cream Stick"},"content":{"rendered":"<div dir=\"ltr\" data-olk-copy-source=\"MessageBody\"><strong>MEDI-PEEL Premium Collagen Naite Massage Cream Stick<\/strong> \u2014 \u044d\u0442\u043e \u043a\u043e\u043b\u043b\u0430\u0433\u0435\u043d\u043e\u0432\u044b\u0439 \u043c\u0430\u0441\u0441\u0430\u0436\u043d\u044b\u0439 \u043a\u0440\u0435\u043c-\u0441\u0442\u0438\u043a \u0434\u043b\u044f \u043b\u0438\u0446\u0430 \u0438 \u0442\u0435\u043b\u0430, \u0438\u043d\u043d\u043e\u0432\u0430\u0446\u0438\u043e\u043d\u043d\u044b\u0439 \u043f\u0440\u043e\u0434\u0443\u043a\u0442 \u0434\u043b\u044f \u043b\u0438\u0444\u0442\u0438\u043d\u0433\u0430, \u043f\u043e\u0432\u044b\u0448\u0435\u043d\u0438\u044f \u0443\u043f\u0440\u0443\u0433\u043e\u0441\u0442\u0438 \u0438 \u043a\u043e\u043c\u043f\u043b\u0435\u043a\u0441\u043d\u043e\u0433\u043e \u0443\u0445\u043e\u0434\u0430 \u0437\u0430 \u043a\u043e\u0436\u0435\u0439. \u0424\u043e\u0440\u043c\u0443\u043b\u0430 \u0441\u043e\u0447\u0435\u0442\u0430\u0435\u0442 \u0430\u043a\u0442\u0438\u0432\u043d\u044b\u0435 \u043a\u043e\u043c\u043f\u043e\u043d\u0435\u043d\u0442\u044b, \u0441\u043f\u043e\u0441\u043e\u0431\u0441\u0442\u0432\u0443\u044e\u0449\u0438\u0435 \u043f\u043e\u0434\u0442\u044f\u0436\u043a\u0435 \u043a\u043e\u043d\u0442\u0443\u0440\u043e\u0432 \u0438 \u0443\u043b\u0443\u0447\u0448\u0435\u043d\u0438\u044e \u0442\u0435\u043a\u0441\u0442\u0443\u0440\u044b \u043a\u043e\u0436\u0438.<\/div>\n<div dir=\"ltr\"><\/div>\n<div>Proizvod pove\u0107ava gustinu i elasti\u010dnost ko\u017ee, ujedna\u010dava ten i daje zdrav sjaj. Obezbe\u0111uje vidljiv lifting efekat za lice, vrat i telo, istovremeno intenzivno hidriraju\u0107i i hrane\u0107i ko\u017eu tokom masa\u017ee, ostavljaju\u0107i ose\u0107aj komfora i negovanosti.<\/div>\n<div dir=\"ltr\"><\/div>\n<div>Tekstura lako klizi po ko\u017ei, brzo se upija i ne ostavlja lepljiv trag. Aplikator je dizajniran uzimaju\u0107i u obzir anatomske konture lica i tela, \u0161to omogu\u0107ava prakti\u010dnu obradu kako ve\u0107ih, tako i te\u017ee dostupnih zona.<\/div>\n<div dir=\"ltr\"><\/div>\n<div>Pogodan je za upotrebu na licu i telu.<\/div>\n<div dir=\"ltr\"><\/div>\n<div>\u2e3b<\/div>\n<div dir=\"ltr\"><\/div>\n<div><strong>Na\u010din upotrebe:<\/strong><\/div>\n<div dir=\"ltr\"><\/div>\n<div>Koristiti ujutru i\/ili uve\u010de na o\u010di\u0161\u0107enu ko\u017eu.<\/div>\n<div dir=\"ltr\"><\/div>\n<div>Vrat i dekolte: povla\u010dite stik od vrata ka ramenima.<\/div>\n<div>Lice i linija vilice: izvodite pokrete od linije vilice ka u\u0161ima.<\/div>\n<div>Ruke: masirajte od zglobova \u0161aka navi\u0161e ka ramenima.<\/div>\n<div>Stomak: izvodite ne\u017ene kru\u017ene pokrete u smeru kazaljke na satu.<\/div>\n<div>Butine i listovi: masirajte odozdo nagore radi opu\u0161tanja i tonusa.<\/div>\n<div>Zadnjica: izvodite pokrete odozdo nagore radi pove\u0107anja \u010dvrstine.<\/div>\n<div dir=\"ltr\"><\/div>\n<div>\u2e3b<\/div>\n<div dir=\"ltr\"><\/div>\n<div><strong>Klju\u010dne aktivne komponente:<\/strong><\/div>\n<div dir=\"ltr\"><\/div>\n<div>Kolagen pove\u0107ava gustinu i elasti\u010dnost ko\u017ee, ja\u010da njenu strukturu i podr\u017eava prirodni lifting efekat. Doprinosi smanjenju opu\u0161tenosti i sitnih bora, \u010dine\u0107i ko\u017eu zategnutijom i \u010dvr\u0161\u0107om.<\/div>\n<div dir=\"ltr\"><\/div>\n<div>Lotus PDRN i ekstrakt cveta lotosa stimuli\u0161u obnovu \u0107elija ko\u017ee, podsti\u010du zarastanje i regeneraciju, poja\u010davaju zdrav sjaj i ujedna\u010davaju ten. Pru\u017eaju antioksidativnu za\u0161titu i poma\u017eu u o\u010duvanju mladala\u010dkog izgleda ko\u017ee.<\/div>\n<div dir=\"ltr\"><\/div>\n<div>Peptidi i adenozin imaju izra\u017eeno anti-age dejstvo: stimuli\u0161u sintezu kolagena i elastina, smanjuju vidljivost bora i pregiba, odr\u017eavaju \u010dvrstinu i glatko\u0107u ko\u017ee.<\/div>\n<div dir=\"ltr\"><\/div>\n<div>Niacinamid pobolj\u0161ava teksturu ko\u017ee, ujedna\u010dava ten i vizuelno smanjuje pore. Obezbe\u0111uje hidrataciju, ja\u010da za\u0161titnu barijeru ko\u017ee i daje joj zdrav, sve\u017e sjaj.<\/div>\n<div><\/div>\n<div><\/div>\n<div>\u2e3b<\/div>\n<div><\/div>\n<div><span data-olk-copy-source=\"MessageBody\">Water, Butylene Glycol, Glycerin, Cetyl Ethylhexanoate, Hydrogenated Poly(C6-14 Olefin), Cetearyl Alcohol, Butyrospermum Parkii (Shea) Butter, Pentaerythrityl Tetraethylhexanoate, 1,2-Hexanediol, Glyceryl Stearate Citrate, Pentylene Glycol, Polyglyceryl-3 Methylglucose Distearate, Hydroxyethyl Acrylate\/Sodium Acryloyldimethyl Taurate Copolymer, Nelumbo Nucifera Flower Water, Panthenol, Tapioca Starch, Hydroxypropyl Starch Phosphate, Vinyl Dimethicone\/Methicone Silsesquioxane Crosspolymer, Ethylhexylglycerin, Fragrance(Parfum), Squalane, Caprylic\/Capric Triglyceride, Sorbitan Isostearate, Hydrolyzed Sponge, Adenosine, Hydrogenated Lecithin, Allantoin, Disodium Edta, Lithospermum Officinale Root Extract, Ceramide NP, Beta-Glucan, Mentha Rotundifolia Leaf Extract, Camellia Sinensis Leaf Extract, Tocopherol, Thymus Vulgaris (Thyme) Leaf Extract, Zinc Hydrolyzed Hyaluronate, Hydrolyzed Collagen, Lactobacillus\/Rye Flour Ferment, Lactobacillus\/Soymilk Ferment Filtrate, Bacillus\/Soybean Ferment Extract, Propanediol, Anastatica Hierochuntica Extract, Lactobacillus Ferment, Malus Domestica Fruit Cell Culture Extract, Sodium Hyaluronate, Hydroxypropyltrimonium Hyaluronate, Nelumbo Nucifera Leaf Extract, Niacinamide, Acetyl Hexapeptide-8, Folic Acid, Pantothenic Acid, Pyridoxine, Ascorbic Acid Polypeptide, Hydrolyzed Hyaluronic Acid, Sodium Acetylated Hyaluronate, Sodium Dna, Thiamine Hcl, Hyaluronic Acid, Cyanocobalamin, Hydrolyzed Sodium Hyaluronate, Riboflavin, Sodium Hyaluronate Crosspolymer, Potassium Hyaluronate, Acetyl Octapeptide-3, Acetyl Tetrapeptide-2, Acetyl Tetrapeptide-3, Acetyl Tetrapeptide-5, Acetyl Tetrapeptide-9, Carnosine, Copper Tripeptide-1, Nonapeptide-1, Palmitoyl Pentapeptide-4, Palmitoyl Tripeptide-1, Palmitoyl Tripeptide-5<\/span><\/div>","protected":false},"excerpt":{"rendered":"<p><span data-olk-copy-source=\"MessageBody\">MEDI-PEEL Premium Collagen Naite Massage Cream Stick je kolagenski masa\u017eni krem-stik za lice i telo, inovativan proizvod za lifting, pove\u0107anje elasti\u010dnosti i sveobuhvatnu negu ko\u017ee. Formula kombinuje aktivne komponente koje doprinose zatezanju kontura i pobolj\u0161anju teksture ko\u017ee.<\/span><\/p>","protected":false},"featured_media":7502,"template":"","meta":{"_uag_custom_page_level_css":""},"product_brand":[],"product_cat":[15],"product_tag":[],"class_list":{"0":"post-7501","1":"product","2":"type-product","3":"status-publish","4":"has-post-thumbnail","6":"product_cat-misc","7":"post-item","9":"first","10":"instock","11":"shipping-taxable","12":"purchasable","13":"product-type-simple"},"yoast_head":"<!-- This site is optimized with the Yoast SEO Premium plugin v27.2 (Yoast SEO v27.2) - https:\/\/yoast.com\/product\/yoast-seo-premium-wordpress\/ -->\n<title>MEDI-PEEL Premium Collagen Naite Massage Cream Stick - Medi-Peel Montenegro<\/title>\n<meta name=\"robots\" content=\"index, follow, max-snippet:-1, max-image-preview:large, max-video-preview:-1\" \/>\n<link rel=\"canonical\" href=\"https:\/\/medipeel.me\/sr\/\u043f\u0440\u043e\u0438\u0437\u0432\u043e\u0434\/medi-peel-premium-collagen-naite-massage-cream-stick\/\" \/>\n<meta property=\"og:locale\" content=\"sr_RS\" \/>\n<meta property=\"og:type\" content=\"article\" \/>\n<meta property=\"og:title\" content=\"MEDI-PEEL Premium Collagen Naite Massage Cream Stick\" \/>\n<meta property=\"og:description\" content=\"MEDI-PEEL Premium Collagen Naite Massage Cream Stick \u2014 \u044d\u0442\u043e \u043a\u043e\u043b\u043b\u0430\u0433\u0435\u043d\u043e\u0432\u044b\u0439 \u043c\u0430\u0441\u0441\u0430\u0436\u043d\u044b\u0439 \u043a\u0440\u0435\u043c-\u0441\u0442\u0438\u043a \u0434\u043b\u044f \u043b\u0438\u0446\u0430 \u0438 \u0442\u0435\u043b\u0430, \u0438\u043d\u043d\u043e\u0432\u0430\u0446\u0438\u043e\u043d\u043d\u044b\u0439 \u043f\u0440\u043e\u0434\u0443\u043a\u0442 \u0434\u043b\u044f \u043b\u0438\u0444\u0442\u0438\u043d\u0433\u0430, \u043f\u043e\u0432\u044b\u0448\u0435\u043d\u0438\u044f \u0443\u043f\u0440\u0443\u0433\u043e\u0441\u0442\u0438 \u0438 \u043a\u043e\u043c\u043f\u043b\u0435\u043a\u0441\u043d\u043e\u0433\u043e \u0443\u0445\u043e\u0434\u0430 \u0437\u0430 \u043a\u043e\u0436\u0435\u0439. \u0424\u043e\u0440\u043c\u0443\u043b\u0430 \u0441\u043e\u0447\u0435\u0442\u0430\u0435\u0442 \u0430\u043a\u0442\u0438\u0432\u043d\u044b\u0435 \u043a\u043e\u043c\u043f\u043e\u043d\u0435\u043d\u0442\u044b, \u0441\u043f\u043e\u0441\u043e\u0431\u0441\u0442\u0432\u0443\u044e\u0449\u0438\u0435 \u043f\u043e\u0434\u0442\u044f\u0436\u043a\u0435 \u043a\u043e\u043d\u0442\u0443\u0440\u043e\u0432 \u0438 \u0443\u043b\u0443\u0447\u0448\u0435\u043d\u0438\u044e \u0442\u0435\u043a\u0441\u0442\u0443\u0440\u044b \u043a\u043e\u0436\u0438.\" \/>\n<meta property=\"og:url\" content=\"https:\/\/medipeel.me\/sr\/\u043f\u0440\u043e\u0438\u0437\u0432\u043e\u0434\/medi-peel-premium-collagen-naite-massage-cream-stick\/\" \/>\n<meta property=\"og:site_name\" content=\"Medi-Peel Montenegro\" \/>\n<meta property=\"article:publisher\" content=\"https:\/\/www.facebook.com\/medipeel.montenegro.serbia\/\" \/>\n<meta property=\"article:modified_time\" content=\"2026-04-08T13:46:47+00:00\" \/>\n<meta property=\"og:image\" content=\"https:\/\/medipeel.me\/wp-content\/uploads\/2026\/02\/1-1.jpg\" \/>\n\t<meta property=\"og:image:width\" content=\"1000\" \/>\n\t<meta property=\"og:image:height\" content=\"1000\" \/>\n\t<meta property=\"og:image:type\" content=\"image\/jpeg\" \/>\n<script type=\"application\/ld+json\" class=\"yoast-schema-graph\">{\"@context\":\"https:\/\/schema.org\",\"@graph\":[{\"@type\":\"WebPage\",\"@id\":\"https:\/\/medipeel.me\/product\/medi-peel-premium-collagen-naite-massage-cream-stick\/\",\"url\":\"https:\/\/medipeel.me\/product\/medi-peel-premium-collagen-naite-massage-cream-stick\/\",\"name\":\"MEDI-PEEL Premium Collagen Naite Massage Cream Stick - Medi-Peel Montenegro\",\"isPartOf\":{\"@id\":\"https:\/\/medipeel.me\/sr\/#website\"},\"primaryImageOfPage\":{\"@id\":\"https:\/\/medipeel.me\/product\/medi-peel-premium-collagen-naite-massage-cream-stick\/#primaryimage\"},\"image\":{\"@id\":\"https:\/\/medipeel.me\/product\/medi-peel-premium-collagen-naite-massage-cream-stick\/#primaryimage\"},\"thumbnailUrl\":\"https:\/\/medipeel.me\/wp-content\/uploads\/2026\/02\/1-1.jpg\",\"datePublished\":\"2026-02-24T00:08:01+00:00\",\"dateModified\":\"2026-04-08T13:46:47+00:00\",\"breadcrumb\":{\"@id\":\"https:\/\/medipeel.me\/product\/medi-peel-premium-collagen-naite-massage-cream-stick\/#breadcrumb\"},\"inLanguage\":\"sr-RS\",\"potentialAction\":[{\"@type\":\"ReadAction\",\"target\":[\"https:\/\/medipeel.me\/product\/medi-peel-premium-collagen-naite-massage-cream-stick\/\"]}]},{\"@type\":\"ImageObject\",\"inLanguage\":\"sr-RS\",\"@id\":\"https:\/\/medipeel.me\/product\/medi-peel-premium-collagen-naite-massage-cream-stick\/#primaryimage\",\"url\":\"https:\/\/medipeel.me\/wp-content\/uploads\/2026\/02\/1-1.jpg\",\"contentUrl\":\"https:\/\/medipeel.me\/wp-content\/uploads\/2026\/02\/1-1.jpg\",\"width\":1000,\"height\":1000},{\"@type\":\"BreadcrumbList\",\"@id\":\"https:\/\/medipeel.me\/product\/medi-peel-premium-collagen-naite-massage-cream-stick\/#breadcrumb\",\"itemListElement\":[{\"@type\":\"ListItem\",\"position\":1,\"name\":\"\u0413\u043b\u0430\u0432\u043d\u0430\u044f \u0441\u0442\u0440\u0430\u043d\u0438\u0446\u0430\",\"item\":\"https:\/\/medipeel.me\/\"},{\"@type\":\"ListItem\",\"position\":2,\"name\":\"\u041a\u0430\u0442\u0430\u043b\u043e\u0433\",\"item\":\"https:\/\/medipeel.me\/\"},{\"@type\":\"ListItem\",\"position\":3,\"name\":\"MEDI-PEEL Premium Collagen Naite Massage Cream Stick\"}]},{\"@type\":\"WebSite\",\"@id\":\"https:\/\/medipeel.me\/sr\/#website\",\"url\":\"https:\/\/medipeel.me\/sr\/\",\"name\":\"Medi-Peel Montenegro\",\"description\":\"Ekskluzivni zastupnik MEDI-PEEL za Crnu Goru\",\"publisher\":{\"@id\":\"https:\/\/medipeel.me\/sr\/#organization\"},\"potentialAction\":[{\"@type\":\"SearchAction\",\"target\":{\"@type\":\"EntryPoint\",\"urlTemplate\":\"https:\/\/medipeel.me\/sr\/?s={search_term_string}\"},\"query-input\":{\"@type\":\"PropertyValueSpecification\",\"valueRequired\":true,\"valueName\":\"search_term_string\"}}],\"inLanguage\":\"sr-RS\"},{\"@type\":\"Organization\",\"@id\":\"https:\/\/medipeel.me\/sr\/#organization\",\"name\":\"MEDII-PEEL\",\"url\":\"https:\/\/medipeel.me\/sr\/\",\"logo\":{\"@type\":\"ImageObject\",\"inLanguage\":\"sr-RS\",\"@id\":\"https:\/\/medipeel.me\/sr\/#\/schema\/logo\/image\/\",\"url\":\"https:\/\/medipeel.me\/wp-content\/uploads\/2021\/10\/Logo-MediPeel-Mne.jpg\",\"contentUrl\":\"https:\/\/medipeel.me\/wp-content\/uploads\/2021\/10\/Logo-MediPeel-Mne.jpg\",\"width\":288,\"height\":288,\"caption\":\"MEDII-PEEL\"},\"image\":{\"@id\":\"https:\/\/medipeel.me\/sr\/#\/schema\/logo\/image\/\"},\"sameAs\":[\"https:\/\/www.facebook.com\/medipeel.montenegro.serbia\/\"]}]}<\/script>\n<!-- \/ Yoast SEO Premium plugin. -->","yoast_head_json":{"title":"MEDI-PEEL Premium Collagen Naite Massage Cream Stick - Medi-Peel Montenegro","robots":{"index":"index","follow":"follow","max-snippet":"max-snippet:-1","max-image-preview":"max-image-preview:large","max-video-preview":"max-video-preview:-1"},"canonical":"https:\/\/medipeel.me\/sr\/\u043f\u0440\u043e\u0438\u0437\u0432\u043e\u0434\/medi-peel-premium-collagen-naite-massage-cream-stick\/","og_locale":"sr_RS","og_type":"article","og_title":"MEDI-PEEL Premium Collagen Naite Massage Cream Stick","og_description":"MEDI-PEEL Premium Collagen Naite Massage Cream Stick \u2014 \u044d\u0442\u043e \u043a\u043e\u043b\u043b\u0430\u0433\u0435\u043d\u043e\u0432\u044b\u0439 \u043c\u0430\u0441\u0441\u0430\u0436\u043d\u044b\u0439 \u043a\u0440\u0435\u043c-\u0441\u0442\u0438\u043a \u0434\u043b\u044f \u043b\u0438\u0446\u0430 \u0438 \u0442\u0435\u043b\u0430, \u0438\u043d\u043d\u043e\u0432\u0430\u0446\u0438\u043e\u043d\u043d\u044b\u0439 \u043f\u0440\u043e\u0434\u0443\u043a\u0442 \u0434\u043b\u044f \u043b\u0438\u0444\u0442\u0438\u043d\u0433\u0430, \u043f\u043e\u0432\u044b\u0448\u0435\u043d\u0438\u044f \u0443\u043f\u0440\u0443\u0433\u043e\u0441\u0442\u0438 \u0438 \u043a\u043e\u043c\u043f\u043b\u0435\u043a\u0441\u043d\u043e\u0433\u043e \u0443\u0445\u043e\u0434\u0430 \u0437\u0430 \u043a\u043e\u0436\u0435\u0439. \u0424\u043e\u0440\u043c\u0443\u043b\u0430 \u0441\u043e\u0447\u0435\u0442\u0430\u0435\u0442 \u0430\u043a\u0442\u0438\u0432\u043d\u044b\u0435 \u043a\u043e\u043c\u043f\u043e\u043d\u0435\u043d\u0442\u044b, \u0441\u043f\u043e\u0441\u043e\u0431\u0441\u0442\u0432\u0443\u044e\u0449\u0438\u0435 \u043f\u043e\u0434\u0442\u044f\u0436\u043a\u0435 \u043a\u043e\u043d\u0442\u0443\u0440\u043e\u0432 \u0438 \u0443\u043b\u0443\u0447\u0448\u0435\u043d\u0438\u044e \u0442\u0435\u043a\u0441\u0442\u0443\u0440\u044b \u043a\u043e\u0436\u0438.","og_url":"https:\/\/medipeel.me\/sr\/\u043f\u0440\u043e\u0438\u0437\u0432\u043e\u0434\/medi-peel-premium-collagen-naite-massage-cream-stick\/","og_site_name":"Medi-Peel Montenegro","article_publisher":"https:\/\/www.facebook.com\/medipeel.montenegro.serbia\/","article_modified_time":"2026-04-08T13:46:47+00:00","og_image":[{"width":1000,"height":1000,"url":"https:\/\/medipeel.me\/wp-content\/uploads\/2026\/02\/1-1.jpg","type":"image\/jpeg"}],"schema":{"@context":"https:\/\/schema.org","@graph":[{"@type":"WebPage","@id":"https:\/\/medipeel.me\/product\/medi-peel-premium-collagen-naite-massage-cream-stick\/","url":"https:\/\/medipeel.me\/product\/medi-peel-premium-collagen-naite-massage-cream-stick\/","name":"MEDI-PEEL Premium Collagen Naite Massage Cream Stick - Medi-Peel Montenegro","isPartOf":{"@id":"https:\/\/medipeel.me\/sr\/#website"},"primaryImageOfPage":{"@id":"https:\/\/medipeel.me\/product\/medi-peel-premium-collagen-naite-massage-cream-stick\/#primaryimage"},"image":{"@id":"https:\/\/medipeel.me\/product\/medi-peel-premium-collagen-naite-massage-cream-stick\/#primaryimage"},"thumbnailUrl":"https:\/\/medipeel.me\/wp-content\/uploads\/2026\/02\/1-1.jpg","datePublished":"2026-02-24T00:08:01+00:00","dateModified":"2026-04-08T13:46:47+00:00","breadcrumb":{"@id":"https:\/\/medipeel.me\/product\/medi-peel-premium-collagen-naite-massage-cream-stick\/#breadcrumb"},"inLanguage":"sr-RS","potentialAction":[{"@type":"ReadAction","target":["https:\/\/medipeel.me\/product\/medi-peel-premium-collagen-naite-massage-cream-stick\/"]}]},{"@type":"ImageObject","inLanguage":"sr-RS","@id":"https:\/\/medipeel.me\/product\/medi-peel-premium-collagen-naite-massage-cream-stick\/#primaryimage","url":"https:\/\/medipeel.me\/wp-content\/uploads\/2026\/02\/1-1.jpg","contentUrl":"https:\/\/medipeel.me\/wp-content\/uploads\/2026\/02\/1-1.jpg","width":1000,"height":1000},{"@type":"BreadcrumbList","@id":"https:\/\/medipeel.me\/product\/medi-peel-premium-collagen-naite-massage-cream-stick\/#breadcrumb","itemListElement":[{"@type":"ListItem","position":1,"name":"\u0413\u043b\u0430\u0432\u043d\u0430\u044f \u0441\u0442\u0440\u0430\u043d\u0438\u0446\u0430","item":"https:\/\/medipeel.me\/"},{"@type":"ListItem","position":2,"name":"\u041a\u0430\u0442\u0430\u043b\u043e\u0433","item":"https:\/\/medipeel.me\/"},{"@type":"ListItem","position":3,"name":"MEDI-PEEL Premium Collagen Naite Massage Cream Stick"}]},{"@type":"WebSite","@id":"https:\/\/medipeel.me\/sr\/#website","url":"https:\/\/medipeel.me\/sr\/","name":"Medi-Peel Montenegro","description":"Ekskluzivni zastupnik MEDI-PEEL za Crnu Goru","publisher":{"@id":"https:\/\/medipeel.me\/sr\/#organization"},"potentialAction":[{"@type":"SearchAction","target":{"@type":"EntryPoint","urlTemplate":"https:\/\/medipeel.me\/sr\/?s={search_term_string}"},"query-input":{"@type":"PropertyValueSpecification","valueRequired":true,"valueName":"search_term_string"}}],"inLanguage":"sr-RS"},{"@type":"Organization","@id":"https:\/\/medipeel.me\/sr\/#organization","name":"MEDII-PEEL","url":"https:\/\/medipeel.me\/sr\/","logo":{"@type":"ImageObject","inLanguage":"sr-RS","@id":"https:\/\/medipeel.me\/sr\/#\/schema\/logo\/image\/","url":"https:\/\/medipeel.me\/wp-content\/uploads\/2021\/10\/Logo-MediPeel-Mne.jpg","contentUrl":"https:\/\/medipeel.me\/wp-content\/uploads\/2021\/10\/Logo-MediPeel-Mne.jpg","width":288,"height":288,"caption":"MEDII-PEEL"},"image":{"@id":"https:\/\/medipeel.me\/sr\/#\/schema\/logo\/image\/"},"sameAs":["https:\/\/www.facebook.com\/medipeel.montenegro.serbia\/"]}]}},"uagb_featured_image_src":{"full":["https:\/\/medipeel.me\/wp-content\/uploads\/2026\/02\/1-1.jpg",1000,1000,false],"thumbnail":["https:\/\/medipeel.me\/wp-content\/uploads\/2026\/02\/1-1-150x150.jpg",150,150,true],"medium":["https:\/\/medipeel.me\/wp-content\/uploads\/2026\/02\/1-1-300x300.jpg",300,300,true],"medium_large":["https:\/\/medipeel.me\/wp-content\/uploads\/2026\/02\/1-1-768x768.jpg",768,768,true],"large":["https:\/\/medipeel.me\/wp-content\/uploads\/2026\/02\/1-1.jpg",1000,1000,false],"1536x1536":["https:\/\/medipeel.me\/wp-content\/uploads\/2026\/02\/1-1.jpg",1000,1000,false],"2048x2048":["https:\/\/medipeel.me\/wp-content\/uploads\/2026\/02\/1-1.jpg",1000,1000,false],"trp-custom-language-flag":["https:\/\/medipeel.me\/wp-content\/uploads\/2026\/02\/1-1-12x12.jpg",12,12,true],"vcmegaposts-masonry":["https:\/\/medipeel.me\/wp-content\/uploads\/2026\/02\/1-1-500x500.jpg",500,500,true],"vcmegaposts-normal":["https:\/\/medipeel.me\/wp-content\/uploads\/2026\/02\/1-1-800x800.jpg",800,800,true],"vcmegaposts-type1":["https:\/\/medipeel.me\/wp-content\/uploads\/2026\/02\/1-1-800x500.jpg",800,500,true],"woocommerce_thumbnail":["https:\/\/medipeel.me\/wp-content\/uploads\/2026\/02\/1-1-450x600.jpg",450,600,true],"woocommerce_single":["https:\/\/medipeel.me\/wp-content\/uploads\/2026\/02\/1-1-600x600.jpg",600,600,true],"woocommerce_gallery_thumbnail":["https:\/\/medipeel.me\/wp-content\/uploads\/2026\/02\/1-1-100x100.jpg",100,100,true]},"uagb_author_info":{"display_name":"Alexanderealest@gmail.com","author_link":"https:\/\/medipeel.me\/sr\/author\/"},"uagb_comment_info":0,"uagb_excerpt":"MEDI-PEEL Premium Collagen Naite Massage Cream Stick \u2014 \u044d\u0442\u043e \u043a\u043e\u043b\u043b\u0430\u0433\u0435\u043d\u043e\u0432\u044b\u0439 \u043c\u0430\u0441\u0441\u0430\u0436\u043d\u044b\u0439 \u043a\u0440\u0435\u043c-\u0441\u0442\u0438\u043a \u0434\u043b\u044f \u043b\u0438\u0446\u0430 \u0438 \u0442\u0435\u043b\u0430, \u0438\u043d\u043d\u043e\u0432\u0430\u0446\u0438\u043e\u043d\u043d\u044b\u0439 \u043f\u0440\u043e\u0434\u0443\u043a\u0442 \u0434\u043b\u044f \u043b\u0438\u0444\u0442\u0438\u043d\u0433\u0430, \u043f\u043e\u0432\u044b\u0448\u0435\u043d\u0438\u044f \u0443\u043f\u0440\u0443\u0433\u043e\u0441\u0442\u0438 \u0438 \u043a\u043e\u043c\u043f\u043b\u0435\u043a\u0441\u043d\u043e\u0433\u043e \u0443\u0445\u043e\u0434\u0430 \u0437\u0430 \u043a\u043e\u0436\u0435\u0439. \u0424\u043e\u0440\u043c\u0443\u043b\u0430 \u0441\u043e\u0447\u0435\u0442\u0430\u0435\u0442 \u0430\u043a\u0442\u0438\u0432\u043d\u044b\u0435 \u043a\u043e\u043c\u043f\u043e\u043d\u0435\u043d\u0442\u044b, \u0441\u043f\u043e\u0441\u043e\u0431\u0441\u0442\u0432\u0443\u044e\u0449\u0438\u0435 \u043f\u043e\u0434\u0442\u044f\u0436\u043a\u0435 \u043a\u043e\u043d\u0442\u0443\u0440\u043e\u0432 \u0438 \u0443\u043b\u0443\u0447\u0448\u0435\u043d\u0438\u044e \u0442\u0435\u043a\u0441\u0442\u0443\u0440\u044b \u043a\u043e\u0436\u0438.","jetpack_sharing_enabled":true,"_links":{"self":[{"href":"https:\/\/medipeel.me\/sr\/wp-json\/wp\/v2\/product\/7501","targetHints":{"allow":["GET"]}}],"collection":[{"href":"https:\/\/medipeel.me\/sr\/wp-json\/wp\/v2\/product"}],"about":[{"href":"https:\/\/medipeel.me\/sr\/wp-json\/wp\/v2\/types\/product"}],"wp:featuredmedia":[{"embeddable":true,"href":"https:\/\/medipeel.me\/sr\/wp-json\/wp\/v2\/media\/7502"}],"wp:attachment":[{"href":"https:\/\/medipeel.me\/sr\/wp-json\/wp\/v2\/media?parent=7501"}],"wp:term":[{"taxonomy":"product_brand","embeddable":true,"href":"https:\/\/medipeel.me\/sr\/wp-json\/wp\/v2\/product_brand?post=7501"},{"taxonomy":"product_cat","embeddable":true,"href":"https:\/\/medipeel.me\/sr\/wp-json\/wp\/v2\/product_cat?post=7501"},{"taxonomy":"product_tag","embeddable":true,"href":"https:\/\/medipeel.me\/sr\/wp-json\/wp\/v2\/product_tag?post=7501"}],"curies":[{"name":"wp","href":"https:\/\/api.w.org\/{rel}","templated":true}]}}