{"id":7470,"date":"2026-01-18T13:05:00","date_gmt":"2026-01-18T12:05:00","guid":{"rendered":"https:\/\/medipeel.me\/?post_type=product&#038;p=7470"},"modified":"2026-01-31T17:46:31","modified_gmt":"2026-01-31T16:46:31","slug":"medipeel-mdp-peptide-9-uv-bio-sunscreen-55","status":"publish","type":"product","link":"https:\/\/medipeel.me\/sr\/\u043f\u0440\u043e\u0438\u0437\u0432\u043e\u0434\/medipeel-mdp-peptide-9-uv-bio-sunscreen-55\/","title":{"rendered":"Medipeel MDP+ Peptide 9 UV Bio Sunscreen 55+"},"content":{"rendered":"<p data-start=\"4176\" data-end=\"4505\"><strong data-start=\"4176\" data-end=\"4211\">MDP+ Peptide 9 UV Bio Sunscreen<\/strong> je multifunkcionalna krema za za\u0161titu od sunca koja istovremeno neguje i \u0161titi ko\u017eu. Sa <strong data-start=\"4340\" data-end=\"4357\">SPF55+ PA++++<\/strong> formulom, pru\u017ea \u0161irok spektar za\u0161tite od UVA i UVB zraka, spre\u010davaju\u0107i opekotine, preran\u0435 znake starenja i tamne mrlje uzrokovane suncem.<\/p>\n<p data-start=\"4507\" data-end=\"4719\">Oboga\u0107en naprednim <strong data-start=\"4517\" data-end=\"4545\">kompleksom od 9 peptida<\/strong> ovaj proizvod poma\u017ee u o\u010duvanju elasti\u010dnosti i \u010dvrsto\u0107e ko\u017ee, stimuli\u0161e sintezu kolagena i umanjuje vidljivost finih linija i bora.<\/p>\n<p data-start=\"4721\" data-end=\"4926\"><strong data-start=\"4721\" data-end=\"4735\">Niacinamid<\/strong> doprinosi ujedna\u010denijem tonu ko\u017ee i ja\u010danju za\u0161titne barijere, dok <strong data-start=\"4777\" data-end=\"4789\">adenozin<\/strong> i <strong data-start=\"4792\" data-end=\"4807\">koenzim Q10<\/strong> dodatno pobolj\u0161avaju teksturu ko\u017ee i njenu otpornost na spoljne uticaje.<\/p>\n<p data-start=\"5122\" data-end=\"5148\"><strong data-start=\"5122\" data-end=\"5148\">Klju\u010dni benefiti:<\/strong><\/p>\n<ul data-start=\"5149\" data-end=\"5557\">\n<li data-start=\"5149\" data-end=\"5227\">\n<p data-start=\"5151\" data-end=\"5227\">Visoka UV za\u0161tita protiv UVA i UVB.<\/p>\n<\/li>\n<li data-start=\"5228\" data-end=\"5319\">\n<p data-start=\"5230\" data-end=\"5319\">Anti-age efekat \u2013 pobolj\u0161ava elasti\u010dnost ko\u017ee.<\/p>\n<\/li>\n<li data-start=\"5320\" data-end=\"5395\">\n<p data-start=\"5322\" data-end=\"5395\">Posvetljivanje i ujedna\u010davanje tena.<\/p>\n<\/li>\n<li data-start=\"5396\" data-end=\"5475\">\n<p data-start=\"5398\" data-end=\"5475\">Intenzivna hidratacija i negovana ko\u017ea.<\/p>\n<\/li>\n<li data-start=\"5476\" data-end=\"5557\">\n<p data-start=\"5478\" data-end=\"5557\">Laka primena i nemasna zavr\u0161nica.<\/p>\n<\/li>\n<\/ul>\n<p>&nbsp;<\/p>\n<p>Water (Aqua), Triethylhexanoin, Ceresin, Acrylates Copolymer, Diethylamino Hydroxybenzoyl Hexyl Benzoate, Isononyl Isononanoate, Isoamyl Laurate, Dibutyl Adipate, Isoamyl p-Methoxycinnamate, Butyloctyl Salicylate, Caprylic\/Capric Triglyceride, 4-Methylbenzylidene Camphor, Ethylhexyl Palmitate, Euphorbia Cerifera (Candelilla) Wax, Polymethyl Methacrylate, Ozokerite, <strong data-start=\"835\" data-end=\"849\">Zinc Oxide<\/strong>, <strong data-start=\"851\" data-end=\"871\">Titanium Dioxide<\/strong>, Glycerin, <strong data-start=\"883\" data-end=\"898\">Niacinamide<\/strong>, Nylon-12, Sorbitan Sesquioleate, 1,2-Hexanediol, Sorbitan Olivate, Aluminum Hydroxide, Stearic Acid, Tocopherol (Vitamin E), Butylene Glycol, Ethylhexylglycerin, <strong data-start=\"1062\" data-end=\"1075\">Adenosine<\/strong>, Glycine Soja (Soybean) Oil, Disodium EDTA, plant extracts (e.g., Aloe Barbadensis Leaf Extract, Yam Root, Viola Mandshurica Flower, Rice Extract), Biosaccharide Gum-4, Sodium Hyaluronate, Hydrolyzed Collagen &amp; Elastin, Ubiquinone (Coenzyme Q10), peptide complex (e.g., Hexapeptide-9, Acetyl Hexapeptide-8, Copper Tripeptide-1, Palmitoyl Peptides, Nonapeptide-1, Tripeptide-1), Pentylene Glycol, Potassium Hyaluronate, Fragrance (Parfum) and others.<\/p>","protected":false},"excerpt":{"rendered":"<p><strong data-start=\"4176\" data-end=\"4211\">MDP+ Peptide 9 UV Bio Sunscreen<\/strong> MDP+ Peptide 9 UV Bio Sunscreen je multifunkcionalna krema za za\u0161titu od sunca koja istovremeno neguje i \u0161titi ko\u017eu.<\/p>","protected":false},"featured_media":7471,"template":"","meta":{"_uag_custom_page_level_css":""},"product_brand":[],"product_cat":[255,15,573,301,349,260],"product_tag":[],"class_list":{"0":"post-7470","1":"product","2":"type-product","3":"status-publish","4":"has-post-thumbnail","6":"product_cat-antiage","7":"product_cat-misc","8":"product_cat-573","9":"product_cat-nutrition","10":"product_cat-suncream","11":"product_cat-hidratation","12":"post-item","14":"first","15":"instock","16":"shipping-taxable","17":"purchasable","18":"product-type-simple"},"yoast_head":"<!-- This site is optimized with the Yoast SEO Premium plugin v27.2 (Yoast SEO v27.2) - https:\/\/yoast.com\/product\/yoast-seo-premium-wordpress\/ -->\n<title>Medipeel MDP+ Peptide 9 UV Bio Sunscreen 55+ - Medi-Peel Montenegro<\/title>\n<meta name=\"robots\" content=\"index, follow, max-snippet:-1, max-image-preview:large, max-video-preview:-1\" \/>\n<link rel=\"canonical\" href=\"https:\/\/medipeel.me\/sr\/\u043f\u0440\u043e\u0438\u0437\u0432\u043e\u0434\/medipeel-mdp-peptide-9-uv-bio-sunscreen-55\/\" \/>\n<meta property=\"og:locale\" content=\"sr_RS\" \/>\n<meta property=\"og:type\" content=\"article\" \/>\n<meta property=\"og:title\" content=\"Medipeel MDP+ Peptide 9 UV Bio Sunscreen 55+\" \/>\n<meta property=\"og:description\" content=\"MDP+ Peptide 9 UV Bio Sunscreen \u2014 \u044d\u0442\u043e \u043c\u043d\u043e\u0433\u043e\u0444\u0443\u043d\u043a\u0446\u0438\u043e\u043d\u0430\u043b\u044c\u043d\u044b\u0439 \u0441\u043e\u043b\u043d\u0446\u0435\u0437\u0430\u0449\u0438\u0442\u043d\u044b\u0439 \u043f\u0440\u043e\u0434\u0443\u043a\u0442, \u043a\u043e\u0442\u043e\u0440\u044b\u0439 \u043e\u0434\u043d\u043e\u0432\u0440\u0435\u043c\u0435\u043d\u043d\u043e \u0437\u0430\u0449\u0438\u0449\u0430\u0435\u0442 \u0438 \u0443\u0445\u0430\u0436\u0438\u0432\u0430\u0435\u0442 \u0437\u0430 \u043a\u043e\u0436\u0435\u0439.\" \/>\n<meta property=\"og:url\" content=\"https:\/\/medipeel.me\/sr\/\u043f\u0440\u043e\u0438\u0437\u0432\u043e\u0434\/medipeel-mdp-peptide-9-uv-bio-sunscreen-55\/\" \/>\n<meta property=\"og:site_name\" content=\"Medi-Peel Montenegro\" \/>\n<meta property=\"article:publisher\" content=\"https:\/\/www.facebook.com\/medipeel.montenegro.serbia\/\" \/>\n<meta property=\"article:modified_time\" content=\"2026-01-31T16:46:31+00:00\" \/>\n<meta property=\"og:image\" content=\"https:\/\/medipeel.me\/wp-content\/uploads\/2026\/01\/1-12.jpg\" \/>\n\t<meta property=\"og:image:width\" content=\"1000\" \/>\n\t<meta property=\"og:image:height\" content=\"1000\" \/>\n\t<meta property=\"og:image:type\" content=\"image\/jpeg\" \/>\n<script type=\"application\/ld+json\" class=\"yoast-schema-graph\">{\"@context\":\"https:\/\/schema.org\",\"@graph\":[{\"@type\":\"WebPage\",\"@id\":\"https:\/\/medipeel.me\/ru\/product\/medipeel-mdp-peptide-9-uv-bio-sunscreen-55\/\",\"url\":\"https:\/\/medipeel.me\/ru\/product\/medipeel-mdp-peptide-9-uv-bio-sunscreen-55\/\",\"name\":\"Medipeel MDP+ Peptide 9 UV Bio Sunscreen 55+ - Medi-Peel Montenegro\",\"isPartOf\":{\"@id\":\"https:\/\/medipeel.me\/sr\/#website\"},\"primaryImageOfPage\":{\"@id\":\"https:\/\/medipeel.me\/ru\/product\/medipeel-mdp-peptide-9-uv-bio-sunscreen-55\/#primaryimage\"},\"image\":{\"@id\":\"https:\/\/medipeel.me\/ru\/product\/medipeel-mdp-peptide-9-uv-bio-sunscreen-55\/#primaryimage\"},\"thumbnailUrl\":\"https:\/\/medipeel.me\/wp-content\/uploads\/2026\/01\/1-12.jpg\",\"datePublished\":\"2026-01-18T12:05:00+00:00\",\"dateModified\":\"2026-01-31T16:46:31+00:00\",\"breadcrumb\":{\"@id\":\"https:\/\/medipeel.me\/ru\/product\/medipeel-mdp-peptide-9-uv-bio-sunscreen-55\/#breadcrumb\"},\"inLanguage\":\"sr-RS\",\"potentialAction\":[{\"@type\":\"ReadAction\",\"target\":[\"https:\/\/medipeel.me\/ru\/product\/medipeel-mdp-peptide-9-uv-bio-sunscreen-55\/\"]}]},{\"@type\":\"ImageObject\",\"inLanguage\":\"sr-RS\",\"@id\":\"https:\/\/medipeel.me\/ru\/product\/medipeel-mdp-peptide-9-uv-bio-sunscreen-55\/#primaryimage\",\"url\":\"https:\/\/medipeel.me\/wp-content\/uploads\/2026\/01\/1-12.jpg\",\"contentUrl\":\"https:\/\/medipeel.me\/wp-content\/uploads\/2026\/01\/1-12.jpg\",\"width\":1000,\"height\":1000},{\"@type\":\"BreadcrumbList\",\"@id\":\"https:\/\/medipeel.me\/ru\/product\/medipeel-mdp-peptide-9-uv-bio-sunscreen-55\/#breadcrumb\",\"itemListElement\":[{\"@type\":\"ListItem\",\"position\":1,\"name\":\"\u0413\u043b\u0430\u0432\u043d\u0430\u044f \u0441\u0442\u0440\u0430\u043d\u0438\u0446\u0430\",\"item\":\"https:\/\/medipeel.me\/\"},{\"@type\":\"ListItem\",\"position\":2,\"name\":\"\u041a\u0430\u0442\u0430\u043b\u043e\u0433\",\"item\":\"https:\/\/medipeel.me\/\"},{\"@type\":\"ListItem\",\"position\":3,\"name\":\"Medipeel MDP+ Peptide 9 UV Bio Sunscreen 55+\"}]},{\"@type\":\"WebSite\",\"@id\":\"https:\/\/medipeel.me\/sr\/#website\",\"url\":\"https:\/\/medipeel.me\/sr\/\",\"name\":\"Medi-Peel Montenegro\",\"description\":\"Ekskluzivni zastupnik MEDI-PEEL za Crnu Goru\",\"publisher\":{\"@id\":\"https:\/\/medipeel.me\/sr\/#organization\"},\"potentialAction\":[{\"@type\":\"SearchAction\",\"target\":{\"@type\":\"EntryPoint\",\"urlTemplate\":\"https:\/\/medipeel.me\/sr\/?s={search_term_string}\"},\"query-input\":{\"@type\":\"PropertyValueSpecification\",\"valueRequired\":true,\"valueName\":\"search_term_string\"}}],\"inLanguage\":\"sr-RS\"},{\"@type\":\"Organization\",\"@id\":\"https:\/\/medipeel.me\/sr\/#organization\",\"name\":\"MEDII-PEEL\",\"url\":\"https:\/\/medipeel.me\/sr\/\",\"logo\":{\"@type\":\"ImageObject\",\"inLanguage\":\"sr-RS\",\"@id\":\"https:\/\/medipeel.me\/sr\/#\/schema\/logo\/image\/\",\"url\":\"https:\/\/medipeel.me\/wp-content\/uploads\/2021\/10\/Logo-MediPeel-Mne.jpg\",\"contentUrl\":\"https:\/\/medipeel.me\/wp-content\/uploads\/2021\/10\/Logo-MediPeel-Mne.jpg\",\"width\":288,\"height\":288,\"caption\":\"MEDII-PEEL\"},\"image\":{\"@id\":\"https:\/\/medipeel.me\/sr\/#\/schema\/logo\/image\/\"},\"sameAs\":[\"https:\/\/www.facebook.com\/medipeel.montenegro.serbia\/\"]}]}<\/script>\n<!-- \/ Yoast SEO Premium plugin. -->","yoast_head_json":{"title":"Medipeel MDP+ Peptide 9 UV Bio Sunscreen 55+ - Medi-Peel Montenegro","robots":{"index":"index","follow":"follow","max-snippet":"max-snippet:-1","max-image-preview":"max-image-preview:large","max-video-preview":"max-video-preview:-1"},"canonical":"https:\/\/medipeel.me\/sr\/\u043f\u0440\u043e\u0438\u0437\u0432\u043e\u0434\/medipeel-mdp-peptide-9-uv-bio-sunscreen-55\/","og_locale":"sr_RS","og_type":"article","og_title":"Medipeel MDP+ Peptide 9 UV Bio Sunscreen 55+","og_description":"MDP+ Peptide 9 UV Bio Sunscreen \u2014 \u044d\u0442\u043e \u043c\u043d\u043e\u0433\u043e\u0444\u0443\u043d\u043a\u0446\u0438\u043e\u043d\u0430\u043b\u044c\u043d\u044b\u0439 \u0441\u043e\u043b\u043d\u0446\u0435\u0437\u0430\u0449\u0438\u0442\u043d\u044b\u0439 \u043f\u0440\u043e\u0434\u0443\u043a\u0442, \u043a\u043e\u0442\u043e\u0440\u044b\u0439 \u043e\u0434\u043d\u043e\u0432\u0440\u0435\u043c\u0435\u043d\u043d\u043e \u0437\u0430\u0449\u0438\u0449\u0430\u0435\u0442 \u0438 \u0443\u0445\u0430\u0436\u0438\u0432\u0430\u0435\u0442 \u0437\u0430 \u043a\u043e\u0436\u0435\u0439.","og_url":"https:\/\/medipeel.me\/sr\/\u043f\u0440\u043e\u0438\u0437\u0432\u043e\u0434\/medipeel-mdp-peptide-9-uv-bio-sunscreen-55\/","og_site_name":"Medi-Peel Montenegro","article_publisher":"https:\/\/www.facebook.com\/medipeel.montenegro.serbia\/","article_modified_time":"2026-01-31T16:46:31+00:00","og_image":[{"width":1000,"height":1000,"url":"https:\/\/medipeel.me\/wp-content\/uploads\/2026\/01\/1-12.jpg","type":"image\/jpeg"}],"schema":{"@context":"https:\/\/schema.org","@graph":[{"@type":"WebPage","@id":"https:\/\/medipeel.me\/ru\/product\/medipeel-mdp-peptide-9-uv-bio-sunscreen-55\/","url":"https:\/\/medipeel.me\/ru\/product\/medipeel-mdp-peptide-9-uv-bio-sunscreen-55\/","name":"Medipeel MDP+ Peptide 9 UV Bio Sunscreen 55+ - Medi-Peel Montenegro","isPartOf":{"@id":"https:\/\/medipeel.me\/sr\/#website"},"primaryImageOfPage":{"@id":"https:\/\/medipeel.me\/ru\/product\/medipeel-mdp-peptide-9-uv-bio-sunscreen-55\/#primaryimage"},"image":{"@id":"https:\/\/medipeel.me\/ru\/product\/medipeel-mdp-peptide-9-uv-bio-sunscreen-55\/#primaryimage"},"thumbnailUrl":"https:\/\/medipeel.me\/wp-content\/uploads\/2026\/01\/1-12.jpg","datePublished":"2026-01-18T12:05:00+00:00","dateModified":"2026-01-31T16:46:31+00:00","breadcrumb":{"@id":"https:\/\/medipeel.me\/ru\/product\/medipeel-mdp-peptide-9-uv-bio-sunscreen-55\/#breadcrumb"},"inLanguage":"sr-RS","potentialAction":[{"@type":"ReadAction","target":["https:\/\/medipeel.me\/ru\/product\/medipeel-mdp-peptide-9-uv-bio-sunscreen-55\/"]}]},{"@type":"ImageObject","inLanguage":"sr-RS","@id":"https:\/\/medipeel.me\/ru\/product\/medipeel-mdp-peptide-9-uv-bio-sunscreen-55\/#primaryimage","url":"https:\/\/medipeel.me\/wp-content\/uploads\/2026\/01\/1-12.jpg","contentUrl":"https:\/\/medipeel.me\/wp-content\/uploads\/2026\/01\/1-12.jpg","width":1000,"height":1000},{"@type":"BreadcrumbList","@id":"https:\/\/medipeel.me\/ru\/product\/medipeel-mdp-peptide-9-uv-bio-sunscreen-55\/#breadcrumb","itemListElement":[{"@type":"ListItem","position":1,"name":"\u0413\u043b\u0430\u0432\u043d\u0430\u044f \u0441\u0442\u0440\u0430\u043d\u0438\u0446\u0430","item":"https:\/\/medipeel.me\/"},{"@type":"ListItem","position":2,"name":"\u041a\u0430\u0442\u0430\u043b\u043e\u0433","item":"https:\/\/medipeel.me\/"},{"@type":"ListItem","position":3,"name":"Medipeel MDP+ Peptide 9 UV Bio Sunscreen 55+"}]},{"@type":"WebSite","@id":"https:\/\/medipeel.me\/sr\/#website","url":"https:\/\/medipeel.me\/sr\/","name":"Medi-Peel Montenegro","description":"Ekskluzivni zastupnik MEDI-PEEL za Crnu Goru","publisher":{"@id":"https:\/\/medipeel.me\/sr\/#organization"},"potentialAction":[{"@type":"SearchAction","target":{"@type":"EntryPoint","urlTemplate":"https:\/\/medipeel.me\/sr\/?s={search_term_string}"},"query-input":{"@type":"PropertyValueSpecification","valueRequired":true,"valueName":"search_term_string"}}],"inLanguage":"sr-RS"},{"@type":"Organization","@id":"https:\/\/medipeel.me\/sr\/#organization","name":"MEDII-PEEL","url":"https:\/\/medipeel.me\/sr\/","logo":{"@type":"ImageObject","inLanguage":"sr-RS","@id":"https:\/\/medipeel.me\/sr\/#\/schema\/logo\/image\/","url":"https:\/\/medipeel.me\/wp-content\/uploads\/2021\/10\/Logo-MediPeel-Mne.jpg","contentUrl":"https:\/\/medipeel.me\/wp-content\/uploads\/2021\/10\/Logo-MediPeel-Mne.jpg","width":288,"height":288,"caption":"MEDII-PEEL"},"image":{"@id":"https:\/\/medipeel.me\/sr\/#\/schema\/logo\/image\/"},"sameAs":["https:\/\/www.facebook.com\/medipeel.montenegro.serbia\/"]}]}},"uagb_featured_image_src":{"full":["https:\/\/medipeel.me\/wp-content\/uploads\/2026\/01\/1-12.jpg",1000,1000,false],"thumbnail":["https:\/\/medipeel.me\/wp-content\/uploads\/2026\/01\/1-12-150x150.jpg",150,150,true],"medium":["https:\/\/medipeel.me\/wp-content\/uploads\/2026\/01\/1-12-300x300.jpg",300,300,true],"medium_large":["https:\/\/medipeel.me\/wp-content\/uploads\/2026\/01\/1-12-768x768.jpg",768,768,true],"large":["https:\/\/medipeel.me\/wp-content\/uploads\/2026\/01\/1-12.jpg",1000,1000,false],"1536x1536":["https:\/\/medipeel.me\/wp-content\/uploads\/2026\/01\/1-12.jpg",1000,1000,false],"2048x2048":["https:\/\/medipeel.me\/wp-content\/uploads\/2026\/01\/1-12.jpg",1000,1000,false],"trp-custom-language-flag":["https:\/\/medipeel.me\/wp-content\/uploads\/2026\/01\/1-12-12x12.jpg",12,12,true],"vcmegaposts-masonry":["https:\/\/medipeel.me\/wp-content\/uploads\/2026\/01\/1-12-500x500.jpg",500,500,true],"vcmegaposts-normal":["https:\/\/medipeel.me\/wp-content\/uploads\/2026\/01\/1-12-800x800.jpg",800,800,true],"vcmegaposts-type1":["https:\/\/medipeel.me\/wp-content\/uploads\/2026\/01\/1-12-800x500.jpg",800,500,true],"woocommerce_thumbnail":["https:\/\/medipeel.me\/wp-content\/uploads\/2026\/01\/1-12-450x600.jpg",450,600,true],"woocommerce_single":["https:\/\/medipeel.me\/wp-content\/uploads\/2026\/01\/1-12-600x600.jpg",600,600,true],"woocommerce_gallery_thumbnail":["https:\/\/medipeel.me\/wp-content\/uploads\/2026\/01\/1-12-100x100.jpg",100,100,true]},"uagb_author_info":{"display_name":"Alexanderealest@gmail.com","author_link":"https:\/\/medipeel.me\/sr\/author\/"},"uagb_comment_info":0,"uagb_excerpt":"MDP+ Peptide 9 UV Bio Sunscreen \u2014 \u044d\u0442\u043e \u043c\u043d\u043e\u0433\u043e\u0444\u0443\u043d\u043a\u0446\u0438\u043e\u043d\u0430\u043b\u044c\u043d\u044b\u0439 \u0441\u043e\u043b\u043d\u0446\u0435\u0437\u0430\u0449\u0438\u0442\u043d\u044b\u0439 \u043f\u0440\u043e\u0434\u0443\u043a\u0442, \u043a\u043e\u0442\u043e\u0440\u044b\u0439 \u043e\u0434\u043d\u043e\u0432\u0440\u0435\u043c\u0435\u043d\u043d\u043e \u0437\u0430\u0449\u0438\u0449\u0430\u0435\u0442 \u0438 \u0443\u0445\u0430\u0436\u0438\u0432\u0430\u0435\u0442 \u0437\u0430 \u043a\u043e\u0436\u0435\u0439.","jetpack_sharing_enabled":true,"_links":{"self":[{"href":"https:\/\/medipeel.me\/sr\/wp-json\/wp\/v2\/product\/7470","targetHints":{"allow":["GET"]}}],"collection":[{"href":"https:\/\/medipeel.me\/sr\/wp-json\/wp\/v2\/product"}],"about":[{"href":"https:\/\/medipeel.me\/sr\/wp-json\/wp\/v2\/types\/product"}],"wp:featuredmedia":[{"embeddable":true,"href":"https:\/\/medipeel.me\/sr\/wp-json\/wp\/v2\/media\/7471"}],"wp:attachment":[{"href":"https:\/\/medipeel.me\/sr\/wp-json\/wp\/v2\/media?parent=7470"}],"wp:term":[{"taxonomy":"product_brand","embeddable":true,"href":"https:\/\/medipeel.me\/sr\/wp-json\/wp\/v2\/product_brand?post=7470"},{"taxonomy":"product_cat","embeddable":true,"href":"https:\/\/medipeel.me\/sr\/wp-json\/wp\/v2\/product_cat?post=7470"},{"taxonomy":"product_tag","embeddable":true,"href":"https:\/\/medipeel.me\/sr\/wp-json\/wp\/v2\/product_tag?post=7470"}],"curies":[{"name":"wp","href":"https:\/\/api.w.org\/{rel}","templated":true}]}}