{"id":7052,"date":"2024-12-17T17:13:15","date_gmt":"2024-12-17T16:13:15","guid":{"rendered":"https:\/\/medipeel.me\/?post_type=product&#038;p=7052"},"modified":"2025-04-26T10:44:57","modified_gmt":"2025-04-26T08:44:57","slug":"medi-peel-vegan-vitamin-collagen-wrapping-mask2","status":"publish","type":"product","link":"https:\/\/medipeel.me\/sr\/\u043f\u0440\u043e\u0438\u0437\u0432\u043e\u0434\/medi-peel-vegan-vitamin-collagen-wrapping-mask2\/","title":{"rendered":"Medi-Peel Vegan Vitamin Collagen Wrapping Mask"},"content":{"rendered":"<p class=\"translation-block\">Osvetljuju\u0107a vitaminska film maska sa kolagenom dizajnirana je da osvetli fleke i pigmentaciju, ujedna\u010di ton ko\u017ee, pru\u017ei joj sve\u017einu i sjaj, kao i da pobolj\u0161a njenu \u010dvrstocu i elasti\u010dnost. Maska efikasno hladi i umiruje ko\u017eu, posebno nakon izlaganja sun\u010devoj svetlosti, spre\u010davaju\u0107i toplotno starenje.\n<br>\nTrostruka hijaluronska kiselina obezbe\u0111uje duboku hidrataciju i poma\u017ee u zadr\u017eavanju vlage u ko\u017ei. \n<br>Sadr\u017ei jedinstveni kompleks VITA10 SOME, koji uklju\u010duje 10 vitamina koji se aktivno bore protiv stara\u010dkih pega, fleka i drugih o\u0161te\u0107enja ko\u017ee, daju\u0107i joj \u010disto\u0107u i sjaj, \u010dine\u0107i je svetlijom i negovanijom.<br>\nHidrolizovani kolagen i anti-sebum P aktivno pobolj\u0161avaju elasti\u010dnost ko\u017ee i poma\u017eu u zatezanju pora, \u010dine\u0107i je glatkom i \u010dvrstom. <br>AHA i PHA komponente ne\u017eno uklanjaju mrtve \u0107elije ko\u017ee, podsti\u010du\u0107i njeno obnavljanje i pobolj\u0161avaju\u0107i apsorpciju aktivnih sastojaka.<\/p>\n<p><strong>Na\u010din upotrebe:<\/strong> Nanesite masku na suvo, o\u010di\u0161c\u0301eno lice. Dr\u017eite 20-30 minuta, a zatim uklonite film sa lica.<\/p>\n<p><em>Originalna Medi-Peel korejska kozmetika u Srbiji i Crnoj Gori. Visokokvalitetna kuc\u0301na nega lica i tela.<\/em><\/p>\n<hr \/>\n<p><strong><em>Sastojci:<\/em><\/strong><em>Sea Buckthorn Water (605,800 ppm), Jojoba Seed Oil, Polyvinyl Alcohol, Methylpropanediol, Butylene Glycol, 1,2-Hexanediol, Caprylic\/Capric Triglycerides, Niacinamide (20,000 ppm), Algin, Polyglyceryl-10 Oleate, Polysorbate 80, Pullulan, Sphingomonas Ferment Extract, Gardenia Extract, Lemon Extract, Plum Extract, Apple Extract, Papaya Fruit Extract, Grape Extract, Evening Primrose Flower Extract, Elm Root Extract, Pine Leaf Extract, Kudzu Root Extract, Hydrogenated Lecithin, Sodium Hyaluronate, Glyceryl Stearate, PEG-100 Stearate, Purified Water, Panthenol (7,500 ppm), Disteardimonium Hectorite, Sodium Polystyrene Sulfonate, Microcrystalline Cellulose, Tocopheryl Acetate (1,000 ppm), Ethylhexylglycerin, Methyl Diisopropyl Propionamide, Allantoin, Adenosine, Cellulose Gum, Sodium Phytate, Dextrin, Tocopherol (1 ppm), Glycerin, Citric Acid, Polyglyceryl-10 Stearate, Gluconolactone, Glutathione, Mandelic Acid, Silica, Ascorbic Acid (10 ppb), Kaolin, Papain, Ferulic Acid, Galactomyces Ferment Filtrate, Beta-Sitosterol, Glyceryl Glucoside, Sodium Ascorbyl Phosphate (5 ppb), Phytosterol, Collagen (0.45 ppb), Leuconostoc\/Radish Root Ferment Filtrate, Retinyl Palmitate (0.1 ppb), Biotin (0.1 ppb), Thiamine HCl (0.1 ppb), Folic Acid (0.1 ppb), Pyridoxine (0.1 ppb), Hydrolyzed Hyaluronic Acid, Cyanocobalamin (0.001 ppb), Sodium Acetylated Hyaluronate (0.001 ppb), Fragrance.<\/em><\/p>","protected":false},"excerpt":{"rendered":"<p>Osvetljuju\u0107a vitaminska film maska sa kolagenom. 70ml<\/p>","protected":false},"featured_media":7066,"template":"","meta":{"_uag_custom_page_level_css":""},"product_brand":[],"product_cat":[255,573,373,375,367,346,264,272,355,359,260],"product_tag":[],"class_list":{"0":"post-7052","1":"product","2":"type-product","3":"status-publish","4":"has-post-thumbnail","6":"product_cat-antiage","7":"product_cat-573","8":"product_cat-alltypesofskin","9":"product_cat-problematicskin","10":"product_cat-sensitiveskin","11":"product_cat-filmmask","12":"product_cat-masks","13":"product_cat-brightening","14":"product_cat-pigmentation","15":"product_cat-pore","16":"product_cat-hidratation","17":"post-item","19":"first","20":"outofstock","21":"shipping-taxable","22":"purchasable","23":"product-type-simple"},"yoast_head":"<!-- This site is optimized with the Yoast SEO Premium plugin v27.2 (Yoast SEO v27.2) - https:\/\/yoast.com\/product\/yoast-seo-premium-wordpress\/ -->\n<title>Medi-Peel Vegan Vitamin Collagen Wrapping Mask - Medi-Peel Montenegro<\/title>\n<meta name=\"robots\" content=\"index, follow, max-snippet:-1, max-image-preview:large, max-video-preview:-1\" \/>\n<link rel=\"canonical\" href=\"https:\/\/medipeel.me\/sr\/\u043f\u0440\u043e\u0438\u0437\u0432\u043e\u0434\/medi-peel-vegan-vitamin-collagen-wrapping-mask2\/\" \/>\n<meta property=\"og:locale\" content=\"sr_RS\" \/>\n<meta property=\"og:type\" content=\"article\" \/>\n<meta property=\"og:title\" content=\"Medi-Peel Vegan Vitamin Collagen Wrapping Mask\" \/>\n<meta property=\"og:description\" content=\"\u041e\u0441\u0432\u0435\u0442\u043b\u044f\u044e\u0449\u0430\u044f \u0432\u0438\u0442\u0430\u043c\u0438\u043d\u043d\u043e-\u043a\u043e\u043b\u043b\u0430\u0433\u0435\u043d\u043e\u0432\u0430\u044f \u043c\u0430\u0441\u043a\u0430-\u043f\u043b\u0451\u043d\u043a\u0430. 70ml\" \/>\n<meta property=\"og:url\" content=\"https:\/\/medipeel.me\/sr\/\u043f\u0440\u043e\u0438\u0437\u0432\u043e\u0434\/medi-peel-vegan-vitamin-collagen-wrapping-mask2\/\" \/>\n<meta property=\"og:site_name\" content=\"Medi-Peel Montenegro\" \/>\n<meta property=\"article:publisher\" content=\"https:\/\/www.facebook.com\/medipeel.montenegro.serbia\/\" \/>\n<meta property=\"article:modified_time\" content=\"2025-04-26T08:44:57+00:00\" \/>\n<meta property=\"og:image\" content=\"https:\/\/medipeel.me\/wp-content\/uploads\/2024\/12\/Medi-Peel-Vegan-Vitamin-Collagen-Wrapping-Mask.jpg\" \/>\n\t<meta property=\"og:image:width\" content=\"1200\" \/>\n\t<meta property=\"og:image:height\" content=\"1200\" \/>\n\t<meta property=\"og:image:type\" content=\"image\/jpeg\" \/>\n<script type=\"application\/ld+json\" class=\"yoast-schema-graph\">{\"@context\":\"https:\/\/schema.org\",\"@graph\":[{\"@type\":\"WebPage\",\"@id\":\"https:\/\/medipeel.me\/product\/medi-peel-vegan-vitamin-collagen-wrapping-mask2\/\",\"url\":\"https:\/\/medipeel.me\/product\/medi-peel-vegan-vitamin-collagen-wrapping-mask2\/\",\"name\":\"Medi-Peel Vegan Vitamin Collagen Wrapping Mask - Medi-Peel Montenegro\",\"isPartOf\":{\"@id\":\"https:\/\/medipeel.me\/sr\/#website\"},\"primaryImageOfPage\":{\"@id\":\"https:\/\/medipeel.me\/product\/medi-peel-vegan-vitamin-collagen-wrapping-mask2\/#primaryimage\"},\"image\":{\"@id\":\"https:\/\/medipeel.me\/product\/medi-peel-vegan-vitamin-collagen-wrapping-mask2\/#primaryimage\"},\"thumbnailUrl\":\"https:\/\/medipeel.me\/wp-content\/uploads\/2024\/12\/Medi-Peel-Vegan-Vitamin-Collagen-Wrapping-Mask.jpg\",\"datePublished\":\"2024-12-17T16:13:15+00:00\",\"dateModified\":\"2025-04-26T08:44:57+00:00\",\"breadcrumb\":{\"@id\":\"https:\/\/medipeel.me\/product\/medi-peel-vegan-vitamin-collagen-wrapping-mask2\/#breadcrumb\"},\"inLanguage\":\"sr-RS\",\"potentialAction\":[{\"@type\":\"ReadAction\",\"target\":[\"https:\/\/medipeel.me\/product\/medi-peel-vegan-vitamin-collagen-wrapping-mask2\/\"]}]},{\"@type\":\"ImageObject\",\"inLanguage\":\"sr-RS\",\"@id\":\"https:\/\/medipeel.me\/product\/medi-peel-vegan-vitamin-collagen-wrapping-mask2\/#primaryimage\",\"url\":\"https:\/\/medipeel.me\/wp-content\/uploads\/2024\/12\/Medi-Peel-Vegan-Vitamin-Collagen-Wrapping-Mask.jpg\",\"contentUrl\":\"https:\/\/medipeel.me\/wp-content\/uploads\/2024\/12\/Medi-Peel-Vegan-Vitamin-Collagen-Wrapping-Mask.jpg\",\"width\":1200,\"height\":1200},{\"@type\":\"BreadcrumbList\",\"@id\":\"https:\/\/medipeel.me\/product\/medi-peel-vegan-vitamin-collagen-wrapping-mask2\/#breadcrumb\",\"itemListElement\":[{\"@type\":\"ListItem\",\"position\":1,\"name\":\"\u0413\u043b\u0430\u0432\u043d\u0430\u044f \u0441\u0442\u0440\u0430\u043d\u0438\u0446\u0430\",\"item\":\"https:\/\/medipeel.me\/\"},{\"@type\":\"ListItem\",\"position\":2,\"name\":\"\u041a\u0430\u0442\u0430\u043b\u043e\u0433\",\"item\":\"https:\/\/medipeel.me\/\"},{\"@type\":\"ListItem\",\"position\":3,\"name\":\"Medi-Peel Vegan Vitamin Collagen Wrapping Mask\"}]},{\"@type\":\"WebSite\",\"@id\":\"https:\/\/medipeel.me\/sr\/#website\",\"url\":\"https:\/\/medipeel.me\/sr\/\",\"name\":\"Medi-Peel Montenegro\",\"description\":\"Ekskluzivni zastupnik MEDI-PEEL za Crnu Goru\",\"publisher\":{\"@id\":\"https:\/\/medipeel.me\/sr\/#organization\"},\"potentialAction\":[{\"@type\":\"SearchAction\",\"target\":{\"@type\":\"EntryPoint\",\"urlTemplate\":\"https:\/\/medipeel.me\/sr\/?s={search_term_string}\"},\"query-input\":{\"@type\":\"PropertyValueSpecification\",\"valueRequired\":true,\"valueName\":\"search_term_string\"}}],\"inLanguage\":\"sr-RS\"},{\"@type\":\"Organization\",\"@id\":\"https:\/\/medipeel.me\/sr\/#organization\",\"name\":\"MEDII-PEEL\",\"url\":\"https:\/\/medipeel.me\/sr\/\",\"logo\":{\"@type\":\"ImageObject\",\"inLanguage\":\"sr-RS\",\"@id\":\"https:\/\/medipeel.me\/sr\/#\/schema\/logo\/image\/\",\"url\":\"https:\/\/medipeel.me\/wp-content\/uploads\/2021\/10\/Logo-MediPeel-Mne.jpg\",\"contentUrl\":\"https:\/\/medipeel.me\/wp-content\/uploads\/2021\/10\/Logo-MediPeel-Mne.jpg\",\"width\":288,\"height\":288,\"caption\":\"MEDII-PEEL\"},\"image\":{\"@id\":\"https:\/\/medipeel.me\/sr\/#\/schema\/logo\/image\/\"},\"sameAs\":[\"https:\/\/www.facebook.com\/medipeel.montenegro.serbia\/\"]}]}<\/script>\n<!-- \/ Yoast SEO Premium plugin. -->","yoast_head_json":{"title":"Medi-Peel Vegan Vitamin Collagen Wrapping Mask - Medi-Peel Montenegro","robots":{"index":"index","follow":"follow","max-snippet":"max-snippet:-1","max-image-preview":"max-image-preview:large","max-video-preview":"max-video-preview:-1"},"canonical":"https:\/\/medipeel.me\/sr\/\u043f\u0440\u043e\u0438\u0437\u0432\u043e\u0434\/medi-peel-vegan-vitamin-collagen-wrapping-mask2\/","og_locale":"sr_RS","og_type":"article","og_title":"Medi-Peel Vegan Vitamin Collagen Wrapping Mask","og_description":"\u041e\u0441\u0432\u0435\u0442\u043b\u044f\u044e\u0449\u0430\u044f \u0432\u0438\u0442\u0430\u043c\u0438\u043d\u043d\u043e-\u043a\u043e\u043b\u043b\u0430\u0433\u0435\u043d\u043e\u0432\u0430\u044f \u043c\u0430\u0441\u043a\u0430-\u043f\u043b\u0451\u043d\u043a\u0430. 70ml","og_url":"https:\/\/medipeel.me\/sr\/\u043f\u0440\u043e\u0438\u0437\u0432\u043e\u0434\/medi-peel-vegan-vitamin-collagen-wrapping-mask2\/","og_site_name":"Medi-Peel Montenegro","article_publisher":"https:\/\/www.facebook.com\/medipeel.montenegro.serbia\/","article_modified_time":"2025-04-26T08:44:57+00:00","og_image":[{"width":1200,"height":1200,"url":"https:\/\/medipeel.me\/wp-content\/uploads\/2024\/12\/Medi-Peel-Vegan-Vitamin-Collagen-Wrapping-Mask.jpg","type":"image\/jpeg"}],"schema":{"@context":"https:\/\/schema.org","@graph":[{"@type":"WebPage","@id":"https:\/\/medipeel.me\/product\/medi-peel-vegan-vitamin-collagen-wrapping-mask2\/","url":"https:\/\/medipeel.me\/product\/medi-peel-vegan-vitamin-collagen-wrapping-mask2\/","name":"Medi-Peel Vegan Vitamin Collagen Wrapping Mask - Medi-Peel Montenegro","isPartOf":{"@id":"https:\/\/medipeel.me\/sr\/#website"},"primaryImageOfPage":{"@id":"https:\/\/medipeel.me\/product\/medi-peel-vegan-vitamin-collagen-wrapping-mask2\/#primaryimage"},"image":{"@id":"https:\/\/medipeel.me\/product\/medi-peel-vegan-vitamin-collagen-wrapping-mask2\/#primaryimage"},"thumbnailUrl":"https:\/\/medipeel.me\/wp-content\/uploads\/2024\/12\/Medi-Peel-Vegan-Vitamin-Collagen-Wrapping-Mask.jpg","datePublished":"2024-12-17T16:13:15+00:00","dateModified":"2025-04-26T08:44:57+00:00","breadcrumb":{"@id":"https:\/\/medipeel.me\/product\/medi-peel-vegan-vitamin-collagen-wrapping-mask2\/#breadcrumb"},"inLanguage":"sr-RS","potentialAction":[{"@type":"ReadAction","target":["https:\/\/medipeel.me\/product\/medi-peel-vegan-vitamin-collagen-wrapping-mask2\/"]}]},{"@type":"ImageObject","inLanguage":"sr-RS","@id":"https:\/\/medipeel.me\/product\/medi-peel-vegan-vitamin-collagen-wrapping-mask2\/#primaryimage","url":"https:\/\/medipeel.me\/wp-content\/uploads\/2024\/12\/Medi-Peel-Vegan-Vitamin-Collagen-Wrapping-Mask.jpg","contentUrl":"https:\/\/medipeel.me\/wp-content\/uploads\/2024\/12\/Medi-Peel-Vegan-Vitamin-Collagen-Wrapping-Mask.jpg","width":1200,"height":1200},{"@type":"BreadcrumbList","@id":"https:\/\/medipeel.me\/product\/medi-peel-vegan-vitamin-collagen-wrapping-mask2\/#breadcrumb","itemListElement":[{"@type":"ListItem","position":1,"name":"\u0413\u043b\u0430\u0432\u043d\u0430\u044f \u0441\u0442\u0440\u0430\u043d\u0438\u0446\u0430","item":"https:\/\/medipeel.me\/"},{"@type":"ListItem","position":2,"name":"\u041a\u0430\u0442\u0430\u043b\u043e\u0433","item":"https:\/\/medipeel.me\/"},{"@type":"ListItem","position":3,"name":"Medi-Peel Vegan Vitamin Collagen Wrapping Mask"}]},{"@type":"WebSite","@id":"https:\/\/medipeel.me\/sr\/#website","url":"https:\/\/medipeel.me\/sr\/","name":"Medi-Peel Montenegro","description":"Ekskluzivni zastupnik MEDI-PEEL za Crnu Goru","publisher":{"@id":"https:\/\/medipeel.me\/sr\/#organization"},"potentialAction":[{"@type":"SearchAction","target":{"@type":"EntryPoint","urlTemplate":"https:\/\/medipeel.me\/sr\/?s={search_term_string}"},"query-input":{"@type":"PropertyValueSpecification","valueRequired":true,"valueName":"search_term_string"}}],"inLanguage":"sr-RS"},{"@type":"Organization","@id":"https:\/\/medipeel.me\/sr\/#organization","name":"MEDII-PEEL","url":"https:\/\/medipeel.me\/sr\/","logo":{"@type":"ImageObject","inLanguage":"sr-RS","@id":"https:\/\/medipeel.me\/sr\/#\/schema\/logo\/image\/","url":"https:\/\/medipeel.me\/wp-content\/uploads\/2021\/10\/Logo-MediPeel-Mne.jpg","contentUrl":"https:\/\/medipeel.me\/wp-content\/uploads\/2021\/10\/Logo-MediPeel-Mne.jpg","width":288,"height":288,"caption":"MEDII-PEEL"},"image":{"@id":"https:\/\/medipeel.me\/sr\/#\/schema\/logo\/image\/"},"sameAs":["https:\/\/www.facebook.com\/medipeel.montenegro.serbia\/"]}]}},"uagb_featured_image_src":{"full":["https:\/\/medipeel.me\/wp-content\/uploads\/2024\/12\/Medi-Peel-Vegan-Vitamin-Collagen-Wrapping-Mask.jpg",1200,1200,false],"thumbnail":["https:\/\/medipeel.me\/wp-content\/uploads\/2024\/12\/Medi-Peel-Vegan-Vitamin-Collagen-Wrapping-Mask-150x150.jpg",150,150,true],"medium":["https:\/\/medipeel.me\/wp-content\/uploads\/2024\/12\/Medi-Peel-Vegan-Vitamin-Collagen-Wrapping-Mask-300x300.jpg",300,300,true],"medium_large":["https:\/\/medipeel.me\/wp-content\/uploads\/2024\/12\/Medi-Peel-Vegan-Vitamin-Collagen-Wrapping-Mask-768x768.jpg",768,768,true],"large":["https:\/\/medipeel.me\/wp-content\/uploads\/2024\/12\/Medi-Peel-Vegan-Vitamin-Collagen-Wrapping-Mask-1024x1024.jpg",1024,1024,true],"1536x1536":["https:\/\/medipeel.me\/wp-content\/uploads\/2024\/12\/Medi-Peel-Vegan-Vitamin-Collagen-Wrapping-Mask.jpg",1200,1200,false],"2048x2048":["https:\/\/medipeel.me\/wp-content\/uploads\/2024\/12\/Medi-Peel-Vegan-Vitamin-Collagen-Wrapping-Mask.jpg",1200,1200,false],"trp-custom-language-flag":["https:\/\/medipeel.me\/wp-content\/uploads\/2024\/12\/Medi-Peel-Vegan-Vitamin-Collagen-Wrapping-Mask-12x12.jpg",12,12,true],"vcmegaposts-masonry":["https:\/\/medipeel.me\/wp-content\/uploads\/2024\/12\/Medi-Peel-Vegan-Vitamin-Collagen-Wrapping-Mask-500x500.jpg",500,500,true],"vcmegaposts-normal":["https:\/\/medipeel.me\/wp-content\/uploads\/2024\/12\/Medi-Peel-Vegan-Vitamin-Collagen-Wrapping-Mask-800x800.jpg",800,800,true],"vcmegaposts-type1":["https:\/\/medipeel.me\/wp-content\/uploads\/2024\/12\/Medi-Peel-Vegan-Vitamin-Collagen-Wrapping-Mask-800x500.jpg",800,500,true],"woocommerce_thumbnail":["https:\/\/medipeel.me\/wp-content\/uploads\/2024\/12\/Medi-Peel-Vegan-Vitamin-Collagen-Wrapping-Mask-450x600.jpg",450,600,true],"woocommerce_single":["https:\/\/medipeel.me\/wp-content\/uploads\/2024\/12\/Medi-Peel-Vegan-Vitamin-Collagen-Wrapping-Mask-600x600.jpg",600,600,true],"woocommerce_gallery_thumbnail":["https:\/\/medipeel.me\/wp-content\/uploads\/2024\/12\/Medi-Peel-Vegan-Vitamin-Collagen-Wrapping-Mask-100x100.jpg",100,100,true]},"uagb_author_info":{"display_name":"Medi-Peel","author_link":"https:\/\/medipeel.me\/sr\/author\/"},"uagb_comment_info":0,"uagb_excerpt":"\u041e\u0441\u0432\u0435\u0442\u043b\u044f\u044e\u0449\u0430\u044f \u0432\u0438\u0442\u0430\u043c\u0438\u043d\u043d\u043e-\u043a\u043e\u043b\u043b\u0430\u0433\u0435\u043d\u043e\u0432\u0430\u044f \u043c\u0430\u0441\u043a\u0430-\u043f\u043b\u0451\u043d\u043a\u0430. 70ml","jetpack_sharing_enabled":true,"_links":{"self":[{"href":"https:\/\/medipeel.me\/sr\/wp-json\/wp\/v2\/product\/7052","targetHints":{"allow":["GET"]}}],"collection":[{"href":"https:\/\/medipeel.me\/sr\/wp-json\/wp\/v2\/product"}],"about":[{"href":"https:\/\/medipeel.me\/sr\/wp-json\/wp\/v2\/types\/product"}],"wp:featuredmedia":[{"embeddable":true,"href":"https:\/\/medipeel.me\/sr\/wp-json\/wp\/v2\/media\/7066"}],"wp:attachment":[{"href":"https:\/\/medipeel.me\/sr\/wp-json\/wp\/v2\/media?parent=7052"}],"wp:term":[{"taxonomy":"product_brand","embeddable":true,"href":"https:\/\/medipeel.me\/sr\/wp-json\/wp\/v2\/product_brand?post=7052"},{"taxonomy":"product_cat","embeddable":true,"href":"https:\/\/medipeel.me\/sr\/wp-json\/wp\/v2\/product_cat?post=7052"},{"taxonomy":"product_tag","embeddable":true,"href":"https:\/\/medipeel.me\/sr\/wp-json\/wp\/v2\/product_tag?post=7052"}],"curies":[{"name":"wp","href":"https:\/\/api.w.org\/{rel}","templated":true}]}}