{"id":6429,"date":"2024-03-08T00:40:14","date_gmt":"2024-03-07T23:40:14","guid":{"rendered":"https:\/\/medipeel.me\/?post_type=product&#038;p=6429"},"modified":"2024-03-28T11:02:28","modified_gmt":"2024-03-28T10:02:28","slug":"medi-peel-peptide-9-volume-lifting-eye-patch-pro","status":"publish","type":"product","link":"https:\/\/medipeel.me\/sr\/\u043f\u0440\u043e\u0438\u0437\u0432\u043e\u0434\/medi-peel-peptide-9-volume-lifting-eye-patch-pro\/","title":{"rendered":"Medi-Peel Peptide 9 Volume Lifting Eye Patch Pro"},"content":{"rendered":"<p class=\"translation-block\">Hidrogel lifting flasteri hidriraju, posvjetljuju i ja\u010daju nje\u017enu ko\u017eu oko o\u010diju, uklanjaju znakove umora i stresa, izgla\u0111uju bore, pove\u0107avaju elasti\u010dnost i gustinu. Proizvod savr\u0161eno hrani, bori se protiv suho\u0107e i perutanja, smanjuje otok i pojavu podo\u010dnjaka. Flasteri su posebno efikasni za zrelu ko\u017eu, aktivno se bore protiv ranih znakova starenja, dubokih bora i \"vraninih nogu\". Pru\u017eaju primjetan efekat liftinga, \u010dine\u0107i ko\u017eu mla\u0111om i zdravom. Flasteri odmah osvje\u017eavaju kada se nanose, \u010dvrsto prianjaju uz ko\u017eu i ne klize.<br>\nKada se nanesu, aktivni sastojci hidrogel flastera se tope u ko\u017eu, postepeno se stanjivaju\u0107i kako se upijaju. Ova moderna tehnologija pru\u017ea efikasnu isporuku aktivnih sastojaka direktno u \u0107elije ko\u017ee.<br>\nKoje probleme rje\u0161ava:<br>\n- Fine linije i bore.<br>\n- \"Vranene noge\".<br>\n- Podo\u010dnjaci.<br>\n- Nate\u010denost i kesve ispod o\u010diju.<br>\n- Suvo\u0107a i dehidracija ne\u017ene ko\u017ee oko o\u010diju.<br>\n- Gubitak elasti\u010dnosti i \u010dvrsto\u0107e ko\u017ee.<br>\n- Umorni izgled o\u010diju.<br>\n- Neujedna\u010den ton i tekstura ko\u017ee oko o\u010diju.<br>\n- Ko\u017ea bez sjaja u predelu oko o\u010diju.<br>\n- Opu\u0161tena ko\u017ea ispod o\u010diju.<\/p>\n<p class=\"translation-block\"><strong>Glavni aktivni sastojci:<\/strong> <br>\nPro\u0161ireni peptidni kompleks sadr\u017ei jedinstven set od 20 visoko koncentrisanih peptida, kolagena, ekstrakta korena siringe i ekstrakta oleracee acmelle. Ova mo\u0107na me\u0161avina razvijena je kako bi zna\u010dajno smanjila bore i pove\u0107ala elasti\u010dnost ko\u017ee, ciljaju\u0107i na borbu protiv op\u0161tih znakova starenja.<br>\nSyn-Ake\u00ae (Dipeptide Diaminobutyroyl Benzylamide Diacetate) je peptid koji ima efekat sli\u010dan botulinu: opu\u0161ta mi\u0161i\u0107e lica, spre\u010dava pojavu bora na licu i smanjuje dubinu postoje\u0107ih.<br>\nArgirelin (Acetyl Hexapeptide-8) je peptid sa efektom sli\u010dnim botulinu, opu\u0161ta mi\u0161i\u0107e lica i spre\u010dava nastanak bora i nabora na licu.<br>\nVolufilin je supstanca koja se ekstrahuje iz anemarene,  povec\u0301ava gustinu i volumen ko\u017ee, imajuc\u0301i efekat sli\u010dan lipofilingu.<br>\nHidrolizirani kolagen prodire dublje od obi\u010dnog kolagena i intenzivno vla\u017ei, poma\u017ee u zadr\u017eavanju vlage u epidermi, pove\u0107ava elasti\u010dnost i glatko\u0107u ko\u017ee.<br>\nHidrolizirani elastin ja\u010da i odr\u017eava kolagena vlakna, pove\u0107ava elasti\u010dnost tkiva i \u010dini ko\u017eu elasti\u010dnom i glatkom.<br>\nNiacinamid (vitamin B3) ima multifunkcionalno djelovanje: posvjetljuje i sprje\u010dava pojavu pigmentacije, stimulira proizvodnju kolagena, pove\u0107ava \u010dvrsto\u0107u i elasti\u010dnost, ja\u010da za\u0161titnu barijeru i smanjuje osjetljivost.<br>\nEktoin je organska aminokiselina koja efikasno \u0161titi od vanjskih faktora i UV zraka, ima antisepti\u010dki efekat. Kontroli\u0161e proizvodnju melanina i poma\u017ee u posvjetljavanju pigmentacije.<br>\n6 vrsta hijaluronske kiseline djeluje duboko i na povr\u0161ini ko\u017ee, hidrira i zadr\u017eava vlagu, eliminira suvo\u0107u i osje\u0107aj zatezanja, kao i zagla\u0111uje teksturu i pove\u0107ava elasti\u010dnost.<br>\nAdenozin je sredstvo protiv starenja koji stimulira proizvodnju proteina kolagena, koji je odgovoran za gustinu, \u010dvrstinu, elasti\u010dnost i odsustvo bora.<\/p>\n<p class=\"translation-block\"><strong>Na\u010din upotrebe:<\/strong> Nanesite flastere na \u017eeljeno podru\u010dje na prethodno o\u010di\u0161c\u0301enu i hidriranu ko\u017eu. Posle 20-30 minuta uklonite flastere i utapkajte preostalu esenciju mekim pokretima.<\/p>\n<hr \/>\n<p><em><strong><em>Sastojci:<\/em><\/strong> Water, Glycerin, Butylene Glycol, Chondrus Crispus Powder, Niacinamide, Benzyl Glycol, Ceratonia Siliqua (Carob) Gum, Xanthan Gum, Allantoin, Dipotassium Glycyrrhizate, Hydroxyacetophenone, Ethylhexylglycerin, Polyglyceryl-10 Laurate, Polyglyceryl-10 Myristate, Sodium phytate, Ricinus Communis (Castor) Seed Oil, Tocopheryl Acetate, Synthetic Fluorphlogopite, Adenosine, Raspberry Ketone, Titanium Dioxide, Ectoin, 1,2-Hexanediol, Citric Acid, Ascophyllum Nodosum Extract, Illicium Verum (Anise) Fruit Extract, Epilobium Angustifolium Flower\/Leaf\/Stem Extract, Scutellaria Baicalensis Root Extract, Sodium Hyaluronate, Laminaria Japonica Extract, Potassium Hyaluronate, Hydrolyzed Collagen, Rehmannia Glutinosa Root Extract, Dipeptide Diaminobutyroyl Benzylamide Diacetate, Hydrolyzed Elastin, Sodium Hyaluronate Crosspolymer, Hydrolyzed Sodium Hyaluronate, Acmella Oleracea Extract, Hyaluronic Acid, Sodium Acetylated Hyaluronate, Copper Tripeptide-1, Acetyl Hexapeptide-8, Palmitoyl Tripeptide-5, Acetyl tripeptide-1, Palmitoyl Pentapeptide-4, Palmitoyl Tripeptide-1, Hexapeptide-9, Acetyl Tetrapeptide-5, Dipeptide-2, Acetyl Octapeptide-3, Acetyl Tetrapeptide-2, Acetyl Tetrapeptide-3, Dipeptide-4, Hexapeptide-2, Nonapeptide-1, Oligopeptide-6, Pentapeptide-3, Tripeptide-3, Tripeptide-2, Hydrogenated Polyisobutene, Anemarrhena Asphodeloides Root Extract, Ultramarines, Fragrance<\/em><\/p>","protected":false},"excerpt":{"rendered":"<p>Hidrogel flasteri za podizanje o\u010diju protiv starenja sa kompleksom od 20 peptida. 60 kom.<\/p>","protected":false},"featured_media":6468,"template":"","meta":{"_uag_custom_page_level_css":""},"product_brand":[],"product_cat":[255,256,374,272,268,358,360,260],"product_tag":[316,569],"class_list":{"0":"post-6429","1":"product","2":"type-product","3":"status-publish","4":"has-post-thumbnail","6":"product_cat-antiage","7":"product_cat-eyecare","8":"product_cat-matureskin","9":"product_cat-brightening","10":"product_cat-eyepatch","11":"product_cat-puffiness","12":"product_cat-dryness","13":"product_cat-hidratation","14":"product_tag-peptide-9","15":"product_tag-peptide-9-volume","16":"post-item","18":"first","19":"instock","20":"shipping-taxable","21":"purchasable","22":"product-type-simple"},"yoast_head":"<!-- This site is optimized with the Yoast SEO Premium plugin v27.2 (Yoast SEO v27.2) - https:\/\/yoast.com\/product\/yoast-seo-premium-wordpress\/ -->\n<title>Medi-Peel Peptide 9 Volume Lifting Eye Patch Pro - Medi-Peel Montenegro<\/title>\n<meta name=\"robots\" content=\"index, follow, max-snippet:-1, max-image-preview:large, max-video-preview:-1\" \/>\n<link rel=\"canonical\" href=\"https:\/\/medipeel.me\/sr\/\u043f\u0440\u043e\u0438\u0437\u0432\u043e\u0434\/medi-peel-peptide-9-volume-lifting-eye-patch-pro\/\" \/>\n<meta property=\"og:locale\" content=\"sr_RS\" \/>\n<meta property=\"og:type\" content=\"article\" \/>\n<meta property=\"og:title\" content=\"Medi-Peel Peptide 9 Volume Lifting Eye Patch Pro\" \/>\n<meta property=\"og:description\" content=\"\u0410\u043d\u0442\u0438\u0432\u043e\u0437\u0440\u0430\u0441\u0442\u043d\u044b\u0435 \u0433\u0438\u0434\u0440\u043e\u0433\u0435\u043b\u0435\u0432\u044b\u0435\u00a0\u043b\u0438\u0444\u0442\u0438\u043d\u0433-\u043f\u0430\u0442\u0447\u0438 \u0434\u043b\u044f \u0433\u043b\u0430\u0437 \u0441 \u043a\u043e\u043c\u043f\u043b\u0435\u043a\u0441\u043e\u043c \u0438\u0437 20 \u043f\u0435\u043f\u0442\u0438\u0434\u043e\u0432. 60 \u0448\u0442.\" \/>\n<meta property=\"og:url\" content=\"https:\/\/medipeel.me\/sr\/\u043f\u0440\u043e\u0438\u0437\u0432\u043e\u0434\/medi-peel-peptide-9-volume-lifting-eye-patch-pro\/\" \/>\n<meta property=\"og:site_name\" content=\"Medi-Peel Montenegro\" \/>\n<meta property=\"article:publisher\" content=\"https:\/\/www.facebook.com\/medipeel.montenegro.serbia\/\" \/>\n<meta property=\"article:modified_time\" content=\"2024-03-28T10:02:28+00:00\" \/>\n<meta property=\"og:image\" content=\"https:\/\/medipeel.me\/wp-content\/uploads\/2024\/03\/Medi-Peel-Peptide-9-Volume-Lifting-eye-patch-pro2.jpg\" \/>\n\t<meta property=\"og:image:width\" content=\"1200\" \/>\n\t<meta property=\"og:image:height\" content=\"1200\" \/>\n\t<meta property=\"og:image:type\" content=\"image\/jpeg\" \/>\n<script type=\"application\/ld+json\" class=\"yoast-schema-graph\">{\"@context\":\"https:\/\/schema.org\",\"@graph\":[{\"@type\":\"WebPage\",\"@id\":\"https:\/\/medipeel.me\/product\/medi-peel-peptide-9-volume-lifting-eye-patch-pro\/\",\"url\":\"https:\/\/medipeel.me\/product\/medi-peel-peptide-9-volume-lifting-eye-patch-pro\/\",\"name\":\"Medi-Peel Peptide 9 Volume Lifting Eye Patch Pro - Medi-Peel Montenegro\",\"isPartOf\":{\"@id\":\"https:\/\/medipeel.me\/sr\/#website\"},\"primaryImageOfPage\":{\"@id\":\"https:\/\/medipeel.me\/product\/medi-peel-peptide-9-volume-lifting-eye-patch-pro\/#primaryimage\"},\"image\":{\"@id\":\"https:\/\/medipeel.me\/product\/medi-peel-peptide-9-volume-lifting-eye-patch-pro\/#primaryimage\"},\"thumbnailUrl\":\"https:\/\/medipeel.me\/wp-content\/uploads\/2024\/03\/Medi-Peel-Peptide-9-Volume-Lifting-eye-patch-pro2.jpg\",\"datePublished\":\"2024-03-07T23:40:14+00:00\",\"dateModified\":\"2024-03-28T10:02:28+00:00\",\"breadcrumb\":{\"@id\":\"https:\/\/medipeel.me\/product\/medi-peel-peptide-9-volume-lifting-eye-patch-pro\/#breadcrumb\"},\"inLanguage\":\"sr-RS\",\"potentialAction\":[{\"@type\":\"ReadAction\",\"target\":[\"https:\/\/medipeel.me\/product\/medi-peel-peptide-9-volume-lifting-eye-patch-pro\/\"]}]},{\"@type\":\"ImageObject\",\"inLanguage\":\"sr-RS\",\"@id\":\"https:\/\/medipeel.me\/product\/medi-peel-peptide-9-volume-lifting-eye-patch-pro\/#primaryimage\",\"url\":\"https:\/\/medipeel.me\/wp-content\/uploads\/2024\/03\/Medi-Peel-Peptide-9-Volume-Lifting-eye-patch-pro2.jpg\",\"contentUrl\":\"https:\/\/medipeel.me\/wp-content\/uploads\/2024\/03\/Medi-Peel-Peptide-9-Volume-Lifting-eye-patch-pro2.jpg\",\"width\":1200,\"height\":1200},{\"@type\":\"BreadcrumbList\",\"@id\":\"https:\/\/medipeel.me\/product\/medi-peel-peptide-9-volume-lifting-eye-patch-pro\/#breadcrumb\",\"itemListElement\":[{\"@type\":\"ListItem\",\"position\":1,\"name\":\"\u0413\u043b\u0430\u0432\u043d\u0430\u044f \u0441\u0442\u0440\u0430\u043d\u0438\u0446\u0430\",\"item\":\"https:\/\/medipeel.me\/\"},{\"@type\":\"ListItem\",\"position\":2,\"name\":\"\u041a\u0430\u0442\u0430\u043b\u043e\u0433\",\"item\":\"https:\/\/medipeel.me\/\"},{\"@type\":\"ListItem\",\"position\":3,\"name\":\"Medi-Peel Peptide 9 Volume Lifting Eye Patch Pro\"}]},{\"@type\":\"WebSite\",\"@id\":\"https:\/\/medipeel.me\/sr\/#website\",\"url\":\"https:\/\/medipeel.me\/sr\/\",\"name\":\"Medi-Peel Montenegro\",\"description\":\"Ekskluzivni zastupnik MEDI-PEEL za Crnu Goru\",\"publisher\":{\"@id\":\"https:\/\/medipeel.me\/sr\/#organization\"},\"potentialAction\":[{\"@type\":\"SearchAction\",\"target\":{\"@type\":\"EntryPoint\",\"urlTemplate\":\"https:\/\/medipeel.me\/sr\/?s={search_term_string}\"},\"query-input\":{\"@type\":\"PropertyValueSpecification\",\"valueRequired\":true,\"valueName\":\"search_term_string\"}}],\"inLanguage\":\"sr-RS\"},{\"@type\":\"Organization\",\"@id\":\"https:\/\/medipeel.me\/sr\/#organization\",\"name\":\"MEDII-PEEL\",\"url\":\"https:\/\/medipeel.me\/sr\/\",\"logo\":{\"@type\":\"ImageObject\",\"inLanguage\":\"sr-RS\",\"@id\":\"https:\/\/medipeel.me\/sr\/#\/schema\/logo\/image\/\",\"url\":\"https:\/\/medipeel.me\/wp-content\/uploads\/2021\/10\/Logo-MediPeel-Mne.jpg\",\"contentUrl\":\"https:\/\/medipeel.me\/wp-content\/uploads\/2021\/10\/Logo-MediPeel-Mne.jpg\",\"width\":288,\"height\":288,\"caption\":\"MEDII-PEEL\"},\"image\":{\"@id\":\"https:\/\/medipeel.me\/sr\/#\/schema\/logo\/image\/\"},\"sameAs\":[\"https:\/\/www.facebook.com\/medipeel.montenegro.serbia\/\"]}]}<\/script>\n<!-- \/ Yoast SEO Premium plugin. -->","yoast_head_json":{"title":"Medi-Peel Peptide 9 Volume Lifting Eye Patch Pro - Medi-Peel Montenegro","robots":{"index":"index","follow":"follow","max-snippet":"max-snippet:-1","max-image-preview":"max-image-preview:large","max-video-preview":"max-video-preview:-1"},"canonical":"https:\/\/medipeel.me\/sr\/\u043f\u0440\u043e\u0438\u0437\u0432\u043e\u0434\/medi-peel-peptide-9-volume-lifting-eye-patch-pro\/","og_locale":"sr_RS","og_type":"article","og_title":"Medi-Peel Peptide 9 Volume Lifting Eye Patch Pro","og_description":"\u0410\u043d\u0442\u0438\u0432\u043e\u0437\u0440\u0430\u0441\u0442\u043d\u044b\u0435 \u0433\u0438\u0434\u0440\u043e\u0433\u0435\u043b\u0435\u0432\u044b\u0435\u00a0\u043b\u0438\u0444\u0442\u0438\u043d\u0433-\u043f\u0430\u0442\u0447\u0438 \u0434\u043b\u044f \u0433\u043b\u0430\u0437 \u0441 \u043a\u043e\u043c\u043f\u043b\u0435\u043a\u0441\u043e\u043c \u0438\u0437 20 \u043f\u0435\u043f\u0442\u0438\u0434\u043e\u0432. 60 \u0448\u0442.","og_url":"https:\/\/medipeel.me\/sr\/\u043f\u0440\u043e\u0438\u0437\u0432\u043e\u0434\/medi-peel-peptide-9-volume-lifting-eye-patch-pro\/","og_site_name":"Medi-Peel Montenegro","article_publisher":"https:\/\/www.facebook.com\/medipeel.montenegro.serbia\/","article_modified_time":"2024-03-28T10:02:28+00:00","og_image":[{"width":1200,"height":1200,"url":"https:\/\/medipeel.me\/wp-content\/uploads\/2024\/03\/Medi-Peel-Peptide-9-Volume-Lifting-eye-patch-pro2.jpg","type":"image\/jpeg"}],"schema":{"@context":"https:\/\/schema.org","@graph":[{"@type":"WebPage","@id":"https:\/\/medipeel.me\/product\/medi-peel-peptide-9-volume-lifting-eye-patch-pro\/","url":"https:\/\/medipeel.me\/product\/medi-peel-peptide-9-volume-lifting-eye-patch-pro\/","name":"Medi-Peel Peptide 9 Volume Lifting Eye Patch Pro - Medi-Peel Montenegro","isPartOf":{"@id":"https:\/\/medipeel.me\/sr\/#website"},"primaryImageOfPage":{"@id":"https:\/\/medipeel.me\/product\/medi-peel-peptide-9-volume-lifting-eye-patch-pro\/#primaryimage"},"image":{"@id":"https:\/\/medipeel.me\/product\/medi-peel-peptide-9-volume-lifting-eye-patch-pro\/#primaryimage"},"thumbnailUrl":"https:\/\/medipeel.me\/wp-content\/uploads\/2024\/03\/Medi-Peel-Peptide-9-Volume-Lifting-eye-patch-pro2.jpg","datePublished":"2024-03-07T23:40:14+00:00","dateModified":"2024-03-28T10:02:28+00:00","breadcrumb":{"@id":"https:\/\/medipeel.me\/product\/medi-peel-peptide-9-volume-lifting-eye-patch-pro\/#breadcrumb"},"inLanguage":"sr-RS","potentialAction":[{"@type":"ReadAction","target":["https:\/\/medipeel.me\/product\/medi-peel-peptide-9-volume-lifting-eye-patch-pro\/"]}]},{"@type":"ImageObject","inLanguage":"sr-RS","@id":"https:\/\/medipeel.me\/product\/medi-peel-peptide-9-volume-lifting-eye-patch-pro\/#primaryimage","url":"https:\/\/medipeel.me\/wp-content\/uploads\/2024\/03\/Medi-Peel-Peptide-9-Volume-Lifting-eye-patch-pro2.jpg","contentUrl":"https:\/\/medipeel.me\/wp-content\/uploads\/2024\/03\/Medi-Peel-Peptide-9-Volume-Lifting-eye-patch-pro2.jpg","width":1200,"height":1200},{"@type":"BreadcrumbList","@id":"https:\/\/medipeel.me\/product\/medi-peel-peptide-9-volume-lifting-eye-patch-pro\/#breadcrumb","itemListElement":[{"@type":"ListItem","position":1,"name":"\u0413\u043b\u0430\u0432\u043d\u0430\u044f \u0441\u0442\u0440\u0430\u043d\u0438\u0446\u0430","item":"https:\/\/medipeel.me\/"},{"@type":"ListItem","position":2,"name":"\u041a\u0430\u0442\u0430\u043b\u043e\u0433","item":"https:\/\/medipeel.me\/"},{"@type":"ListItem","position":3,"name":"Medi-Peel Peptide 9 Volume Lifting Eye Patch Pro"}]},{"@type":"WebSite","@id":"https:\/\/medipeel.me\/sr\/#website","url":"https:\/\/medipeel.me\/sr\/","name":"Medi-Peel Montenegro","description":"Ekskluzivni zastupnik MEDI-PEEL za Crnu Goru","publisher":{"@id":"https:\/\/medipeel.me\/sr\/#organization"},"potentialAction":[{"@type":"SearchAction","target":{"@type":"EntryPoint","urlTemplate":"https:\/\/medipeel.me\/sr\/?s={search_term_string}"},"query-input":{"@type":"PropertyValueSpecification","valueRequired":true,"valueName":"search_term_string"}}],"inLanguage":"sr-RS"},{"@type":"Organization","@id":"https:\/\/medipeel.me\/sr\/#organization","name":"MEDII-PEEL","url":"https:\/\/medipeel.me\/sr\/","logo":{"@type":"ImageObject","inLanguage":"sr-RS","@id":"https:\/\/medipeel.me\/sr\/#\/schema\/logo\/image\/","url":"https:\/\/medipeel.me\/wp-content\/uploads\/2021\/10\/Logo-MediPeel-Mne.jpg","contentUrl":"https:\/\/medipeel.me\/wp-content\/uploads\/2021\/10\/Logo-MediPeel-Mne.jpg","width":288,"height":288,"caption":"MEDII-PEEL"},"image":{"@id":"https:\/\/medipeel.me\/sr\/#\/schema\/logo\/image\/"},"sameAs":["https:\/\/www.facebook.com\/medipeel.montenegro.serbia\/"]}]}},"uagb_featured_image_src":{"full":["https:\/\/medipeel.me\/wp-content\/uploads\/2024\/03\/Medi-Peel-Peptide-9-Volume-Lifting-eye-patch-pro2.jpg",1200,1200,false],"thumbnail":["https:\/\/medipeel.me\/wp-content\/uploads\/2024\/03\/Medi-Peel-Peptide-9-Volume-Lifting-eye-patch-pro2-150x150.jpg",150,150,true],"medium":["https:\/\/medipeel.me\/wp-content\/uploads\/2024\/03\/Medi-Peel-Peptide-9-Volume-Lifting-eye-patch-pro2-300x300.jpg",300,300,true],"medium_large":["https:\/\/medipeel.me\/wp-content\/uploads\/2024\/03\/Medi-Peel-Peptide-9-Volume-Lifting-eye-patch-pro2-768x768.jpg",768,768,true],"large":["https:\/\/medipeel.me\/wp-content\/uploads\/2024\/03\/Medi-Peel-Peptide-9-Volume-Lifting-eye-patch-pro2-1024x1024.jpg",1024,1024,true],"1536x1536":["https:\/\/medipeel.me\/wp-content\/uploads\/2024\/03\/Medi-Peel-Peptide-9-Volume-Lifting-eye-patch-pro2.jpg",1200,1200,false],"2048x2048":["https:\/\/medipeel.me\/wp-content\/uploads\/2024\/03\/Medi-Peel-Peptide-9-Volume-Lifting-eye-patch-pro2.jpg",1200,1200,false],"trp-custom-language-flag":["https:\/\/medipeel.me\/wp-content\/uploads\/2024\/03\/Medi-Peel-Peptide-9-Volume-Lifting-eye-patch-pro2-12x12.jpg",12,12,true],"vcmegaposts-masonry":["https:\/\/medipeel.me\/wp-content\/uploads\/2024\/03\/Medi-Peel-Peptide-9-Volume-Lifting-eye-patch-pro2-500x500.jpg",500,500,true],"vcmegaposts-normal":["https:\/\/medipeel.me\/wp-content\/uploads\/2024\/03\/Medi-Peel-Peptide-9-Volume-Lifting-eye-patch-pro2-800x800.jpg",800,800,true],"vcmegaposts-type1":["https:\/\/medipeel.me\/wp-content\/uploads\/2024\/03\/Medi-Peel-Peptide-9-Volume-Lifting-eye-patch-pro2-800x500.jpg",800,500,true],"woocommerce_thumbnail":["https:\/\/medipeel.me\/wp-content\/uploads\/2024\/03\/Medi-Peel-Peptide-9-Volume-Lifting-eye-patch-pro2-450x600.jpg",450,600,true],"woocommerce_single":["https:\/\/medipeel.me\/wp-content\/uploads\/2024\/03\/Medi-Peel-Peptide-9-Volume-Lifting-eye-patch-pro2-600x600.jpg",600,600,true],"woocommerce_gallery_thumbnail":["https:\/\/medipeel.me\/wp-content\/uploads\/2024\/03\/Medi-Peel-Peptide-9-Volume-Lifting-eye-patch-pro2-100x100.jpg",100,100,true]},"uagb_author_info":{"display_name":"Medi-Peel","author_link":"https:\/\/medipeel.me\/sr\/author\/"},"uagb_comment_info":0,"uagb_excerpt":"\u0410\u043d\u0442\u0438\u0432\u043e\u0437\u0440\u0430\u0441\u0442\u043d\u044b\u0435 \u0433\u0438\u0434\u0440\u043e\u0433\u0435\u043b\u0435\u0432\u044b\u0435\u00a0\u043b\u0438\u0444\u0442\u0438\u043d\u0433-\u043f\u0430\u0442\u0447\u0438 \u0434\u043b\u044f \u0433\u043b\u0430\u0437 \u0441 \u043a\u043e\u043c\u043f\u043b\u0435\u043a\u0441\u043e\u043c \u0438\u0437 20 \u043f\u0435\u043f\u0442\u0438\u0434\u043e\u0432. 60 \u0448\u0442.","jetpack_sharing_enabled":true,"_links":{"self":[{"href":"https:\/\/medipeel.me\/sr\/wp-json\/wp\/v2\/product\/6429","targetHints":{"allow":["GET"]}}],"collection":[{"href":"https:\/\/medipeel.me\/sr\/wp-json\/wp\/v2\/product"}],"about":[{"href":"https:\/\/medipeel.me\/sr\/wp-json\/wp\/v2\/types\/product"}],"wp:featuredmedia":[{"embeddable":true,"href":"https:\/\/medipeel.me\/sr\/wp-json\/wp\/v2\/media\/6468"}],"wp:attachment":[{"href":"https:\/\/medipeel.me\/sr\/wp-json\/wp\/v2\/media?parent=6429"}],"wp:term":[{"taxonomy":"product_brand","embeddable":true,"href":"https:\/\/medipeel.me\/sr\/wp-json\/wp\/v2\/product_brand?post=6429"},{"taxonomy":"product_cat","embeddable":true,"href":"https:\/\/medipeel.me\/sr\/wp-json\/wp\/v2\/product_cat?post=6429"},{"taxonomy":"product_tag","embeddable":true,"href":"https:\/\/medipeel.me\/sr\/wp-json\/wp\/v2\/product_tag?post=6429"}],"curies":[{"name":"wp","href":"https:\/\/api.w.org\/{rel}","templated":true}]}}