{"id":6424,"date":"2024-03-08T00:10:57","date_gmt":"2024-03-07T23:10:57","guid":{"rendered":"https:\/\/medipeel.me\/?post_type=product&#038;p=6424"},"modified":"2026-01-18T20:57:44","modified_gmt":"2026-01-18T19:57:44","slug":"medi-peel-peptide-9-volume-lifting-all-in-one-essence-pro","status":"publish","type":"product","link":"https:\/\/medipeel.me\/sr\/\u043f\u0440\u043e\u0438\u0437\u0432\u043e\u0434\/medi-peel-peptide-9-volume-lifting-all-in-one-essence-pro\/","title":{"rendered":"Medi-Peel Peptide 9 Volume Lifting All In One Essence Pro"},"content":{"rendered":"<p>Pro verzija <a title=\"\" href=\"https:\/\/medipeel.me\/sr\/\u043f\u0440\u043e\u0438\u0437\u0432\u043e\u0434\/medi-peel-peptide-9-volume-lifting-all-in-one-essence\/\" target=\"_blank\" rel=\"noopener\">kiseoni\u010dne esencije<\/a> Medi-Peel Peptide 9 Volume Lifting All In One Essence Pro je namenjena ko\u017ei sa izra\u017eenim znacima starenja, poput opu\u0161tanja, bore, opu\u0161tenog ovala lica i dubokih bora oko nosa i u predelu obrva. Glavno dejstvo esencije je trodimenzionalno ja\u010danje ko\u017ene matrice. Patentirani aktivni sastojci u sinergiji sa regenerativnim komponentama ja\u010daju i zate\u017eu ko\u017enu matricu, zagla\u0111uju bore i pobolj\u0161avaju tonus.<br \/>\nOsnova formule su inovativni mehuri\u0107i kiseonika koji garantuju brzo prodiranje aktivnih sastojaka u duboke slojeve ko\u017ee, pru\u017eaju\u0107i joj neuporedivu meko\u0107u i elasti\u010dnost.<br>\nProizvod se mo\u017ee koristiti kao mo\u0107an serum ili kao multifunkcionalno sredstvo koje mo\u017ee zameniti i serum i lagani krem.<\/p>\n<p><em><strong>Glavni sastojci:<\/strong><\/em><\/p>\n<p class=\"translation-block\">1% patentiranog kompleksa BL Fill UP, dobijenog iz ekstrakata sme\u0111e morske alge fukusa i obi\u010dne crnoglave, predstavlja glavnu karakteristiku esencije. Kompleks ima izuzetno sna\u017enu antioksidativnu aktivnost i primetno podmla\u0111uje ko\u017eu. Bogat taninima, eteri\u010dnim uljima, sapuninima, taninima i beta-karotenom, koji ko\u017eu oboga\u0107uju hranljivim materijama, elimini\u0161u\u0107i suvo\u0107u i dehidrataciju. Trostruka poja\u010dana koncentracija peptida u kompleksu sadr\u017ei i signalne i miorelaksantne peptide. Ima opu\u0161taju\u0107i efekat na mi\u0161i\u0107nu mimiku, zagla\u0111uju\u0107i bore i spre\u010davaju\u0107i njihovo pojavljivanje. Signalni peptidi aktiviraju sintezu strukturnih proteina ko\u017ee (kolagen, elastin), time spre\u010davaju\u0107i hronostarenje, ja\u010daju\u0107i oval lica, zagla\u0111uju\u0107i bore.<br>\n- SYN-AKE\u2122 (Tripeptid-3, Dipeptid Diaminobutyroyl Benzylamide Diacetate) - sinteti\u010dka supstanca koja imitira funkcije zmijinog otrova, ve\u0107 dugo poznata kao izuzetno sredstvo u borbi protiv starenja. Ima efekat sli\u010dan dejstvu botulinskog toksina-A (Botox), opu\u0161ta mi\u0161i\u0107e lica, \u0161to omogu\u0107ava smanjenje pokretne aktivnosti lica i spre\u010dava pojavu bora.<br>\n- Argirelin (Acetyl Hexapeptide-8) - neuropeptid s dejstvom sli\u010dnim botoksu (blokatoru mi\u0161i\u0107nog skra\u0107ivanja). Ima sposobnost blagog smanjenja aktivnosti mi\u0161i\u0107a lica, \u010dime spre\u010dava njihovu pojavu. Deluje bla\u017ee bezbednije od klasi\u010dnog Botoxa, ne blokira mi\u0161i\u0107no skra\u0107ivanje, ve\u0107 se, kao da se usmerava izme\u0111u izraslina mi\u0161i\u0107a, blokira prenos nervnog impulsa. To ima mio-relaksiraju\u0107e dejstvo, omogu\u0107ava opu\u0161tanje svih mi\u0161i\u0107a lica. Zagla\u0111uje bore, pobolj\u0161ava op\u0161ti tonus ko\u017ee, ja\u010da kolagenove vlakna.<br>\n- Nonapeptid-1 sastavljen od 7 aminokiselina, spre\u010dava sintezu tirozinaze - enzima koji stimuli\u0161e prenos melanina u \u0107elije, \u010dime spre\u010dava formiranje pigmentnih fleka.<br>\n- Bakar tripeptid-1 (Copper Tripeptide-1) pove\u0107ava sintezu kolagena i elastina, daje \u010dvrsto\u0107u, ima ja\u010danje, protivupalno i antioksidativno dejstvo, smanjuje vidljivost bora i ubrzava regeneraciju.<br>\n- Tripeptid-1 spre\u010dava znakove foto-starenja, pove\u0107ava proizvodnju sopstvenog kolagena i potiskuje degradaciju kolagenih vlakana, bori se protiv slobodnih radikala.<br>\n- Heksapeptid-9  stimuli\u0161e fibroblaste i pobolj\u0161ava proizvodnju kolagena, zagla\u0111uje ko\u017eu i smanjuje dubinu bora i nabora.<br>\n- Palmitoil pentapeptid-4 je dobro prou\u010den anti-age peptid, sastavljen od 5 aminokiselina. On je subfragment kolagena tipa 1, smanjuje dubinu bora i nabora, pobolj\u0161ava teksturu ko\u017ee. Po efikasnosti ne zaostaje za retinolom, pri \u010demu ne izaziva iritaciju.<br>\nEctoin i kompleks hijaluronskih kiselina razli\u010dite molekularne mase dubinski hidriraju i obnavljaju vodni balans u \u0107elijskim sistemima. Ectoin je mo\u0107an antioksidans koji, pored svojih svojstava zadr\u017eavanja vlage, pru\u017ea za\u0161titu ko\u017ee od foto-starenja.<br>\nU sastavu esencije tako\u0111e ima visok sadr\u017eaj Volufilina - aktivnog sastojka dobijenog iz korena anemarrene, koji ima stimuliraju\u0107e dejstvo na adipocite - \u0107elije koje \u010dine masno tkivo. Deluju\u0107i na duboke slojeve ko\u017enog omota\u010da, sarsapogenin (fitosterol, koji nema hormonsku aktivnost) privla\u010di i zadr\u017eava masne \u0107elije, time doprinose\u0107i pobolj\u0161anju elasti\u010dnosti ko\u017ee, pove\u0107anju njenog volumena i gustine. Mikrocirkulacija krvi se aktivira, reguli\u0161e se lipidni proces. Stvara se efekat lipofiliranja.<br>\nEnzimi lakto bakterija posvetljuju, hidriraju, uklanjaju crvenilo, reguli\u0161u proizvodnju melanina u epidermisu, blago eksfolijiraju keratinizirani sloj i ubrzavaju procese regeneracije.<br>\nHidrolizovani kolagen i elastin obnavljaju integritet tkiva epidermisa i integri\u0161u se u o\u0161te\u0107ene delove, ja\u010daju\u0107i strukturu iznutra. Aktiviraju proteinsku razmenu, podr\u017eavaju\u0107i matricu ko\u017ee.<br>\nMultiEx BSASM\u00ae Plus - patentirani biljni kompleks, sastavljen od ruzmarina, kamilice, kamelije, centele, sladi\u0107a, heljde i baikalskog \u0161ljiva. Potiskuje upalni proces, ima antisepti\u010dko dejstvo i bori se protiv razmno\u017eavanja bakterija. Smanjuje svrab, peckanje i ostalu nelagodnost uzrokovanu dermatolo\u0161kim problemima. Ima imunomodulatorno i antioksidativno dejstvo. Odli\u010dno odgovara ko\u017ei sa rozaceom, pro\u0161irenim porama i neujedna\u010denim tonom. <br>\nPreporu\u010duje se za suvu, normalnu i kombinovanu ko\u017eu.<\/p>\n<p><strong>Na\u010din upotrebe:<\/strong> Nanesite potrebnu koli\u010dinu esencije na ko\u017eu i sa\u010dekajte dok se ne pojave mehuric\u0301i. Nakon \u0161to proizvod po\u010dne da se peni laganim pokretima tapkanja, pomozite da se esencija upije.<\/p>\n<hr \/>\n<div><em><strong><em>Sastojci:<\/em><\/strong> Water, Glycerin, Methyl Per\ufb02uoroisobutyl Ether, Methylpropanediol, Caprylic\/Capric Triglyceride, Methyl Per\ufb02uorobutyl Ether, 1,2- Hexanediol, Sodium Lauroyl Glutamate, Pentaerythrityl Stearate\/Caprate\/Caprylate\/Adipate, Polyglyceryl-3 Distearate, Trilaureth-4 Phosphate, Ammonium Acryloyldimethyltaurate\/VP Copolymer, Cetearyl Alcohol, Alpha-bisabolol, Xylitylglucoside, Myrisc Acid, Sorbitan Oleate, Anhydroxylitol, Acrylates\/C10-30 Alkyl Acrylate Crosspolymer, Tromethamine, Glyceryl Stearate Citrate, Xylitol, Butylene Glycol, Ethylhexylglycerin, Adenosine, Disodium EDTA, Hydrogenated Lecithin, Rehmannia Chinensis Root Extract, Centella Asiaca Extract, Ficus Carica (Fig) Fruit Extract, Prunella Vulgaris Extract, Fucus Vesiculosus Extract, Ceramide NP, Ectoin, Hippophae Rhamnoides Fruit Extract, Hydrogenated Polyisobutene, Collagen Extract, Lactobacillus\/Centella Asiaca Extract Ferment Filtrate, Polyglyceryl-10 Laurate, Hydrolyzed Elasn, Laminaria Japonica Extract, Ulmus Davidiana Root Extract, Aloe Barbadensis Leaf Extract, Viola Mandshurica Flower Extract, Dioscorea Japonica Root Extract, Ascorbic Acid, Tripepde-1, Leuconostoc\/Radish Root Ferment Filtrate, Polyglyceryl-10 Stearate, Panthenol, Sodium Hyaluronate, Dipepde Diaminobutyroyl Benzylamide Diacetate, Sodium Ascorbyl Phosphate, Acetyl Hexapepde-8, Alanine\/Hisdine\/Lysine Polypepde Copper HCl, Coppe Tripepde-1, Palmitoyl Tripepde-1, Palmitoyl Pentapepde-4, Hexapepde-11, Hexapepde-9, Niacinamide, Madecassic Acid, Asiacoside, Hydrolyzed Collagen, Nonapepde-1, Asiac Acid, Anemarrhena Asphodeloides Root Extract, Sodium Hyaluronate Crosspolymer, Potassium Hyaluronate, Hydroxypropyltrimonium Hyaluronate, Hydrolyzed Sodium Hyaluronate, Hydrolyzed Hyaluronic Acid, Hyaluronic Acid, Bion, Soluble Collagen, Collagen, Collage Amino Acids, Folic Acid, Pyridoxine, Tocopherol, Pentylene Glycol, Rosin Hydrolyzed Collagen, Cyanocobalamin, Sodium Acetylated Hyaluronate, Soluble Collagen Crosspolymer, Atelocollagen, Potassium Myristoyl Hydrolyzed Collagen, Linoleic Acid, Ribo\ufb02avin, Beta- Carotene, Inositol, Thiamine HCl, Fragrance.<\/em><\/div>","protected":false},"excerpt":{"rendered":"<p>Kiseoni\u010dna PRO esencija sa peptidnim kompleksom za ja\u010danje i zatezanje ko\u017ee lica. 100ml<\/p>","protected":false},"featured_media":6350,"template":"","meta":{"_uag_custom_page_level_css":""},"product_brand":[],"product_cat":[255,374,365,363,366,307,272,360,260,271,310,352],"product_tag":[316,569],"class_list":{"0":"post-6424","1":"product","2":"type-product","3":"status-publish","4":"has-post-thumbnail","6":"product_cat-antiage","7":"product_cat-matureskin","8":"product_cat-combinationskin","9":"product_cat-normalskin","10":"product_cat-dryskin","11":"product_cat-lifting","12":"product_cat-brightening","13":"product_cat-dryness","14":"product_cat-hidratation","15":"product_cat-calming","16":"product_cat-bestsellers","17":"product_cat-essence","18":"product_tag-peptide-9","19":"product_tag-peptide-9-volume","20":"post-item","22":"first","23":"instock","24":"shipping-taxable","25":"purchasable","26":"product-type-simple"},"yoast_head":"<!-- This site is optimized with the Yoast SEO Premium plugin v27.2 (Yoast SEO v27.2) - https:\/\/yoast.com\/product\/yoast-seo-premium-wordpress\/ -->\n<title>Medi-Peel Peptide 9 Volume Lifting All In One Essence Pro - Medi-Peel Montenegro<\/title>\n<meta name=\"robots\" content=\"index, follow, max-snippet:-1, max-image-preview:large, max-video-preview:-1\" \/>\n<link rel=\"canonical\" href=\"https:\/\/medipeel.me\/sr\/\u043f\u0440\u043e\u0438\u0437\u0432\u043e\u0434\/medi-peel-peptide-9-volume-lifting-all-in-one-essence-pro\/\" \/>\n<meta property=\"og:locale\" content=\"sr_RS\" \/>\n<meta property=\"og:type\" content=\"article\" \/>\n<meta property=\"og:title\" content=\"Medi-Peel Peptide 9 Volume Lifting All In One Essence Pro\" \/>\n<meta property=\"og:description\" content=\"\u041a\u0438\u0441\u043b\u043e\u0440\u043e\u0434\u043d\u0430\u044f PRO \u043b\u0438\u0444\u0442\u0438\u043d\u0433-\u044d\u0441\u0441\u0435\u043d\u0446\u0438\u044f \u0441 \u043f\u0435\u043f\u0442\u0438\u0434\u043d\u044b\u043c \u043a\u043e\u043c\u043f\u043b\u0435\u043a\u0441\u043e\u043c \u0434\u043b\u044f \u0443\u043a\u0440\u0435\u043f\u043b\u0435\u043d\u0438\u044f \u0438 \u043f\u043e\u0434\u0442\u044f\u0433\u0438\u0432\u0430\u043d\u0438\u044f \u043a\u043e\u0436\u0438 \u043b\u0438\u0446\u0430. 100ml\" \/>\n<meta property=\"og:url\" content=\"https:\/\/medipeel.me\/sr\/\u043f\u0440\u043e\u0438\u0437\u0432\u043e\u0434\/medi-peel-peptide-9-volume-lifting-all-in-one-essence-pro\/\" \/>\n<meta property=\"og:site_name\" content=\"Medi-Peel Montenegro\" \/>\n<meta property=\"article:publisher\" content=\"https:\/\/www.facebook.com\/medipeel.montenegro.serbia\/\" \/>\n<meta property=\"article:modified_time\" content=\"2026-01-18T19:57:44+00:00\" \/>\n<meta property=\"og:image\" content=\"https:\/\/medipeel.me\/wp-content\/uploads\/2024\/02\/Medi-Peel-Peptide-9-Volume-Lifting-Essence-PRO.jpg\" \/>\n\t<meta property=\"og:image:width\" content=\"1200\" \/>\n\t<meta property=\"og:image:height\" content=\"1200\" \/>\n\t<meta property=\"og:image:type\" content=\"image\/jpeg\" \/>\n<script type=\"application\/ld+json\" class=\"yoast-schema-graph\">{\"@context\":\"https:\/\/schema.org\",\"@graph\":[{\"@type\":\"WebPage\",\"@id\":\"https:\/\/medipeel.me\/sr\/product\/medi-peel-peptide-9-volume-lifting-all-in-one-essence-pro\/\",\"url\":\"https:\/\/medipeel.me\/sr\/product\/medi-peel-peptide-9-volume-lifting-all-in-one-essence-pro\/\",\"name\":\"Medi-Peel Peptide 9 Volume Lifting All In One Essence Pro - Medi-Peel Montenegro\",\"isPartOf\":{\"@id\":\"https:\/\/medipeel.me\/sr\/#website\"},\"primaryImageOfPage\":{\"@id\":\"https:\/\/medipeel.me\/sr\/product\/medi-peel-peptide-9-volume-lifting-all-in-one-essence-pro\/#primaryimage\"},\"image\":{\"@id\":\"https:\/\/medipeel.me\/sr\/product\/medi-peel-peptide-9-volume-lifting-all-in-one-essence-pro\/#primaryimage\"},\"thumbnailUrl\":\"https:\/\/medipeel.me\/wp-content\/uploads\/2024\/02\/Medi-Peel-Peptide-9-Volume-Lifting-Essence-PRO.jpg\",\"datePublished\":\"2024-03-07T23:10:57+00:00\",\"dateModified\":\"2026-01-18T19:57:44+00:00\",\"breadcrumb\":{\"@id\":\"https:\/\/medipeel.me\/sr\/product\/medi-peel-peptide-9-volume-lifting-all-in-one-essence-pro\/#breadcrumb\"},\"inLanguage\":\"sr-RS\",\"potentialAction\":[{\"@type\":\"ReadAction\",\"target\":[\"https:\/\/medipeel.me\/sr\/product\/medi-peel-peptide-9-volume-lifting-all-in-one-essence-pro\/\"]}]},{\"@type\":\"ImageObject\",\"inLanguage\":\"sr-RS\",\"@id\":\"https:\/\/medipeel.me\/sr\/product\/medi-peel-peptide-9-volume-lifting-all-in-one-essence-pro\/#primaryimage\",\"url\":\"https:\/\/medipeel.me\/wp-content\/uploads\/2024\/02\/Medi-Peel-Peptide-9-Volume-Lifting-Essence-PRO.jpg\",\"contentUrl\":\"https:\/\/medipeel.me\/wp-content\/uploads\/2024\/02\/Medi-Peel-Peptide-9-Volume-Lifting-Essence-PRO.jpg\",\"width\":1200,\"height\":1200},{\"@type\":\"BreadcrumbList\",\"@id\":\"https:\/\/medipeel.me\/sr\/product\/medi-peel-peptide-9-volume-lifting-all-in-one-essence-pro\/#breadcrumb\",\"itemListElement\":[{\"@type\":\"ListItem\",\"position\":1,\"name\":\"\u0413\u043b\u0430\u0432\u043d\u0430\u044f \u0441\u0442\u0440\u0430\u043d\u0438\u0446\u0430\",\"item\":\"https:\/\/medipeel.me\/\"},{\"@type\":\"ListItem\",\"position\":2,\"name\":\"\u041a\u0430\u0442\u0430\u043b\u043e\u0433\",\"item\":\"https:\/\/medipeel.me\/\"},{\"@type\":\"ListItem\",\"position\":3,\"name\":\"Medi-Peel Peptide 9 Volume Lifting All In One Essence Pro\"}]},{\"@type\":\"WebSite\",\"@id\":\"https:\/\/medipeel.me\/sr\/#website\",\"url\":\"https:\/\/medipeel.me\/sr\/\",\"name\":\"Medi-Peel Montenegro\",\"description\":\"Ekskluzivni zastupnik MEDI-PEEL za Crnu Goru\",\"publisher\":{\"@id\":\"https:\/\/medipeel.me\/sr\/#organization\"},\"potentialAction\":[{\"@type\":\"SearchAction\",\"target\":{\"@type\":\"EntryPoint\",\"urlTemplate\":\"https:\/\/medipeel.me\/sr\/?s={search_term_string}\"},\"query-input\":{\"@type\":\"PropertyValueSpecification\",\"valueRequired\":true,\"valueName\":\"search_term_string\"}}],\"inLanguage\":\"sr-RS\"},{\"@type\":\"Organization\",\"@id\":\"https:\/\/medipeel.me\/sr\/#organization\",\"name\":\"MEDII-PEEL\",\"url\":\"https:\/\/medipeel.me\/sr\/\",\"logo\":{\"@type\":\"ImageObject\",\"inLanguage\":\"sr-RS\",\"@id\":\"https:\/\/medipeel.me\/sr\/#\/schema\/logo\/image\/\",\"url\":\"https:\/\/medipeel.me\/wp-content\/uploads\/2021\/10\/Logo-MediPeel-Mne.jpg\",\"contentUrl\":\"https:\/\/medipeel.me\/wp-content\/uploads\/2021\/10\/Logo-MediPeel-Mne.jpg\",\"width\":288,\"height\":288,\"caption\":\"MEDII-PEEL\"},\"image\":{\"@id\":\"https:\/\/medipeel.me\/sr\/#\/schema\/logo\/image\/\"},\"sameAs\":[\"https:\/\/www.facebook.com\/medipeel.montenegro.serbia\/\"]}]}<\/script>\n<!-- \/ Yoast SEO Premium plugin. -->","yoast_head_json":{"title":"Medi-Peel Peptide 9 Volume Lifting All In One Essence Pro - Medi-Peel Montenegro","robots":{"index":"index","follow":"follow","max-snippet":"max-snippet:-1","max-image-preview":"max-image-preview:large","max-video-preview":"max-video-preview:-1"},"canonical":"https:\/\/medipeel.me\/sr\/\u043f\u0440\u043e\u0438\u0437\u0432\u043e\u0434\/medi-peel-peptide-9-volume-lifting-all-in-one-essence-pro\/","og_locale":"sr_RS","og_type":"article","og_title":"Medi-Peel Peptide 9 Volume Lifting All In One Essence Pro","og_description":"\u041a\u0438\u0441\u043b\u043e\u0440\u043e\u0434\u043d\u0430\u044f PRO \u043b\u0438\u0444\u0442\u0438\u043d\u0433-\u044d\u0441\u0441\u0435\u043d\u0446\u0438\u044f \u0441 \u043f\u0435\u043f\u0442\u0438\u0434\u043d\u044b\u043c \u043a\u043e\u043c\u043f\u043b\u0435\u043a\u0441\u043e\u043c \u0434\u043b\u044f \u0443\u043a\u0440\u0435\u043f\u043b\u0435\u043d\u0438\u044f \u0438 \u043f\u043e\u0434\u0442\u044f\u0433\u0438\u0432\u0430\u043d\u0438\u044f \u043a\u043e\u0436\u0438 \u043b\u0438\u0446\u0430. 100ml","og_url":"https:\/\/medipeel.me\/sr\/\u043f\u0440\u043e\u0438\u0437\u0432\u043e\u0434\/medi-peel-peptide-9-volume-lifting-all-in-one-essence-pro\/","og_site_name":"Medi-Peel Montenegro","article_publisher":"https:\/\/www.facebook.com\/medipeel.montenegro.serbia\/","article_modified_time":"2026-01-18T19:57:44+00:00","og_image":[{"width":1200,"height":1200,"url":"https:\/\/medipeel.me\/wp-content\/uploads\/2024\/02\/Medi-Peel-Peptide-9-Volume-Lifting-Essence-PRO.jpg","type":"image\/jpeg"}],"schema":{"@context":"https:\/\/schema.org","@graph":[{"@type":"WebPage","@id":"https:\/\/medipeel.me\/sr\/product\/medi-peel-peptide-9-volume-lifting-all-in-one-essence-pro\/","url":"https:\/\/medipeel.me\/sr\/product\/medi-peel-peptide-9-volume-lifting-all-in-one-essence-pro\/","name":"Medi-Peel Peptide 9 Volume Lifting All In One Essence Pro - Medi-Peel Montenegro","isPartOf":{"@id":"https:\/\/medipeel.me\/sr\/#website"},"primaryImageOfPage":{"@id":"https:\/\/medipeel.me\/sr\/product\/medi-peel-peptide-9-volume-lifting-all-in-one-essence-pro\/#primaryimage"},"image":{"@id":"https:\/\/medipeel.me\/sr\/product\/medi-peel-peptide-9-volume-lifting-all-in-one-essence-pro\/#primaryimage"},"thumbnailUrl":"https:\/\/medipeel.me\/wp-content\/uploads\/2024\/02\/Medi-Peel-Peptide-9-Volume-Lifting-Essence-PRO.jpg","datePublished":"2024-03-07T23:10:57+00:00","dateModified":"2026-01-18T19:57:44+00:00","breadcrumb":{"@id":"https:\/\/medipeel.me\/sr\/product\/medi-peel-peptide-9-volume-lifting-all-in-one-essence-pro\/#breadcrumb"},"inLanguage":"sr-RS","potentialAction":[{"@type":"ReadAction","target":["https:\/\/medipeel.me\/sr\/product\/medi-peel-peptide-9-volume-lifting-all-in-one-essence-pro\/"]}]},{"@type":"ImageObject","inLanguage":"sr-RS","@id":"https:\/\/medipeel.me\/sr\/product\/medi-peel-peptide-9-volume-lifting-all-in-one-essence-pro\/#primaryimage","url":"https:\/\/medipeel.me\/wp-content\/uploads\/2024\/02\/Medi-Peel-Peptide-9-Volume-Lifting-Essence-PRO.jpg","contentUrl":"https:\/\/medipeel.me\/wp-content\/uploads\/2024\/02\/Medi-Peel-Peptide-9-Volume-Lifting-Essence-PRO.jpg","width":1200,"height":1200},{"@type":"BreadcrumbList","@id":"https:\/\/medipeel.me\/sr\/product\/medi-peel-peptide-9-volume-lifting-all-in-one-essence-pro\/#breadcrumb","itemListElement":[{"@type":"ListItem","position":1,"name":"\u0413\u043b\u0430\u0432\u043d\u0430\u044f \u0441\u0442\u0440\u0430\u043d\u0438\u0446\u0430","item":"https:\/\/medipeel.me\/"},{"@type":"ListItem","position":2,"name":"\u041a\u0430\u0442\u0430\u043b\u043e\u0433","item":"https:\/\/medipeel.me\/"},{"@type":"ListItem","position":3,"name":"Medi-Peel Peptide 9 Volume Lifting All In One Essence Pro"}]},{"@type":"WebSite","@id":"https:\/\/medipeel.me\/sr\/#website","url":"https:\/\/medipeel.me\/sr\/","name":"Medi-Peel Montenegro","description":"Ekskluzivni zastupnik MEDI-PEEL za Crnu Goru","publisher":{"@id":"https:\/\/medipeel.me\/sr\/#organization"},"potentialAction":[{"@type":"SearchAction","target":{"@type":"EntryPoint","urlTemplate":"https:\/\/medipeel.me\/sr\/?s={search_term_string}"},"query-input":{"@type":"PropertyValueSpecification","valueRequired":true,"valueName":"search_term_string"}}],"inLanguage":"sr-RS"},{"@type":"Organization","@id":"https:\/\/medipeel.me\/sr\/#organization","name":"MEDII-PEEL","url":"https:\/\/medipeel.me\/sr\/","logo":{"@type":"ImageObject","inLanguage":"sr-RS","@id":"https:\/\/medipeel.me\/sr\/#\/schema\/logo\/image\/","url":"https:\/\/medipeel.me\/wp-content\/uploads\/2021\/10\/Logo-MediPeel-Mne.jpg","contentUrl":"https:\/\/medipeel.me\/wp-content\/uploads\/2021\/10\/Logo-MediPeel-Mne.jpg","width":288,"height":288,"caption":"MEDII-PEEL"},"image":{"@id":"https:\/\/medipeel.me\/sr\/#\/schema\/logo\/image\/"},"sameAs":["https:\/\/www.facebook.com\/medipeel.montenegro.serbia\/"]}]}},"uagb_featured_image_src":{"full":["https:\/\/medipeel.me\/wp-content\/uploads\/2024\/02\/Medi-Peel-Peptide-9-Volume-Lifting-Essence-PRO.jpg",1200,1200,false],"thumbnail":["https:\/\/medipeel.me\/wp-content\/uploads\/2024\/02\/Medi-Peel-Peptide-9-Volume-Lifting-Essence-PRO-150x150.jpg",150,150,true],"medium":["https:\/\/medipeel.me\/wp-content\/uploads\/2024\/02\/Medi-Peel-Peptide-9-Volume-Lifting-Essence-PRO-300x300.jpg",300,300,true],"medium_large":["https:\/\/medipeel.me\/wp-content\/uploads\/2024\/02\/Medi-Peel-Peptide-9-Volume-Lifting-Essence-PRO-768x768.jpg",768,768,true],"large":["https:\/\/medipeel.me\/wp-content\/uploads\/2024\/02\/Medi-Peel-Peptide-9-Volume-Lifting-Essence-PRO-1024x1024.jpg",1024,1024,true],"1536x1536":["https:\/\/medipeel.me\/wp-content\/uploads\/2024\/02\/Medi-Peel-Peptide-9-Volume-Lifting-Essence-PRO.jpg",1200,1200,false],"2048x2048":["https:\/\/medipeel.me\/wp-content\/uploads\/2024\/02\/Medi-Peel-Peptide-9-Volume-Lifting-Essence-PRO.jpg",1200,1200,false],"trp-custom-language-flag":["https:\/\/medipeel.me\/wp-content\/uploads\/2024\/02\/Medi-Peel-Peptide-9-Volume-Lifting-Essence-PRO-12x12.jpg",12,12,true],"vcmegaposts-masonry":["https:\/\/medipeel.me\/wp-content\/uploads\/2024\/02\/Medi-Peel-Peptide-9-Volume-Lifting-Essence-PRO-500x500.jpg",500,500,true],"vcmegaposts-normal":["https:\/\/medipeel.me\/wp-content\/uploads\/2024\/02\/Medi-Peel-Peptide-9-Volume-Lifting-Essence-PRO-800x800.jpg",800,800,true],"vcmegaposts-type1":["https:\/\/medipeel.me\/wp-content\/uploads\/2024\/02\/Medi-Peel-Peptide-9-Volume-Lifting-Essence-PRO-800x500.jpg",800,500,true],"woocommerce_thumbnail":["https:\/\/medipeel.me\/wp-content\/uploads\/2024\/02\/Medi-Peel-Peptide-9-Volume-Lifting-Essence-PRO-450x600.jpg",450,600,true],"woocommerce_single":["https:\/\/medipeel.me\/wp-content\/uploads\/2024\/02\/Medi-Peel-Peptide-9-Volume-Lifting-Essence-PRO-600x600.jpg",600,600,true],"woocommerce_gallery_thumbnail":["https:\/\/medipeel.me\/wp-content\/uploads\/2024\/02\/Medi-Peel-Peptide-9-Volume-Lifting-Essence-PRO-100x100.jpg",100,100,true]},"uagb_author_info":{"display_name":"Medi-Peel","author_link":"https:\/\/medipeel.me\/sr\/author\/"},"uagb_comment_info":0,"uagb_excerpt":"\u041a\u0438\u0441\u043b\u043e\u0440\u043e\u0434\u043d\u0430\u044f PRO \u043b\u0438\u0444\u0442\u0438\u043d\u0433-\u044d\u0441\u0441\u0435\u043d\u0446\u0438\u044f \u0441 \u043f\u0435\u043f\u0442\u0438\u0434\u043d\u044b\u043c \u043a\u043e\u043c\u043f\u043b\u0435\u043a\u0441\u043e\u043c \u0434\u043b\u044f \u0443\u043a\u0440\u0435\u043f\u043b\u0435\u043d\u0438\u044f \u0438 \u043f\u043e\u0434\u0442\u044f\u0433\u0438\u0432\u0430\u043d\u0438\u044f \u043a\u043e\u0436\u0438 \u043b\u0438\u0446\u0430. 100ml","jetpack_sharing_enabled":true,"_links":{"self":[{"href":"https:\/\/medipeel.me\/sr\/wp-json\/wp\/v2\/product\/6424","targetHints":{"allow":["GET"]}}],"collection":[{"href":"https:\/\/medipeel.me\/sr\/wp-json\/wp\/v2\/product"}],"about":[{"href":"https:\/\/medipeel.me\/sr\/wp-json\/wp\/v2\/types\/product"}],"wp:featuredmedia":[{"embeddable":true,"href":"https:\/\/medipeel.me\/sr\/wp-json\/wp\/v2\/media\/6350"}],"wp:attachment":[{"href":"https:\/\/medipeel.me\/sr\/wp-json\/wp\/v2\/media?parent=6424"}],"wp:term":[{"taxonomy":"product_brand","embeddable":true,"href":"https:\/\/medipeel.me\/sr\/wp-json\/wp\/v2\/product_brand?post=6424"},{"taxonomy":"product_cat","embeddable":true,"href":"https:\/\/medipeel.me\/sr\/wp-json\/wp\/v2\/product_cat?post=6424"},{"taxonomy":"product_tag","embeddable":true,"href":"https:\/\/medipeel.me\/sr\/wp-json\/wp\/v2\/product_tag?post=6424"}],"curies":[{"name":"wp","href":"https:\/\/api.w.org\/{rel}","templated":true}]}}