{"id":5019,"date":"2023-06-16T18:12:01","date_gmt":"2023-06-16T15:12:01","guid":{"rendered":"https:\/\/medipeel.me\/?post_type=product&#038;p=5019"},"modified":"2025-04-01T12:21:28","modified_gmt":"2025-04-01T10:21:28","slug":"medi-peel-peptide-9-aqua-essence-facial-cleanser2","status":"publish","type":"product","link":"https:\/\/medipeel.me\/sr\/\u043f\u0440\u043e\u0438\u0437\u0432\u043e\u0434\/medi-peel-peptide-9-aqua-essence-facial-cleanser2\/","title":{"rendered":"Medi-Peel Peptide 9 Aqua Essence Facial Cleanser"},"content":{"rendered":"<p class=\"translation-block\">Hidratantna pena sa peptidima za \u010di\u0161\u0107enje lica Medi-Peel Peptide 9 Aqua Essence Facial Cleanser ne\u017eno i delikatno uklanja ne\u010disto\u0107e i ostatke \u0161minke sa povr\u0161ine ko\u017ee bez izazivanja dehidratacije i zategnutosti. Daje dodatni podmla\u0111uju\u0107i efekat, pove\u0107ava elasti\u010dnost i poma\u017ee u zagla\u0111ivanju bora. Prodire duboko u pore i efikasno \u010disti, intenzivno hidrira i hrani ko\u017eu. Ja\u010da turgor i vra\u0107a elasti\u010dnost tkiva. Ima visoku antioksidativnu aktivnost, blokira destruktivno dejstvo toksina, pobolj\u0161ava ten i vra\u0107a zdrav sjaj. <br>\n\nGlavne aktivne komponente: <br>\nKompleks 9 vrsta peptida pove\u0107ava elasti\u010dnost i gipkost, pospe\u0161uje proces proizvodnje sopstvenih vlakana kolagena i elastina. Smanjuje dubinu bora i spre\u010dava opu\u0161tanje ko\u017ee. Ja\u010da za\u0161titnu barijeru. <br>\n\nAstaksantin je mo\u0107ni antioksidant koji nosi i ime \u201eglavni antioksidant mladosti\u201c. Astaksantin ima aktivnu funkciju u svim slojevima ko\u017ee, pru\u017ea za\u0161titu od UV zra\u010denja, smanjuje bore i osvetljava starosne fleke. <br>\n\nVolufilin - prirodni ekstrakt Anemarrhenae Asphodeloides-efikasno stimuli\u0161e adipocite-\u0107elije koje \u010dine masno tkivo. Stimuli\u0161e stvaranje lipida u masnim \u0107elijama (adipocitima), reguli\u0161e proces njihovog odlaganja, i tako\u0111e aktivira mikrocirkulaciju krvi, \u010dime doprinosi pobolj\u0161anju \u010dvrstine ko\u017ee. Stvara efekat lipofiliranja. <br>\n\n7 vrsta hijaluronske kiseline prodiru duboko u slojeve epidermisa, aktivno hidriraju \u0107elije, doprinose zadr\u017eavanju vla\u017enosti u ko\u017ei. Formiraju za\u0161titni sloj koji spre\u010dava isparavanje vla\u017enosti. <br>\nGlutation je mo\u0107ni antioksidans. Efikasno izbeljuje, elimini\u0161e pigmentaciju. Podmla\u0111uje, pove\u0107ava \u010dvrstinu i elasti\u010dnost ko\u017ee, zagla\u0111uje bore i uklanja tragove umora. <br>\nKoenzim Q10 ima podmla\u0111uju\u0107e i antioksidativno dejstvo, poma\u017ee u zagla\u0111ivanju  bora, ubrzava regeneraciju i sintezu kolagenskih vlakana u \u0107elijama. Stimuli\u0161e rast vezivnog tkiva, \u0161titi \u0107elije od uni\u0161tenja. <br>\nHidrolizovani kolagen i elastin pove\u0107avaju elasti\u010dnost i glatko\u0107u, izjedna\u010davaju reljefnu povr\u0161inu lica. Skupljaju vla\u017enost u epidermisu, spre\u010davaju\u0107i joj da ispari. <br>\nPreporu\u010dljivo za negu zrele ko\u017ee.<\/p>\n<p><strong>Na\u010din upotrebe:<\/strong> pome\u0161ati malu koli\u010dinu proizvoda sa vodom i napraviti obolnu penu. Ne\u017enim masa\u017enim pokretima naneti penu na lice, umasirati i isprati sa toplom vodom.<\/p>\n<hr \/>\n<div><em><strong><em>Sastojci:<\/em><\/strong> Water, Palmitic Acid, Glycerin, Lauric Acid, Myristic Acid, Potassium Hydroxide, Stearic Acid, Propanediol, 1,2-Hexanediol, Hydrolyzed Collagen, Hydrolyzed Elastin, Acetyl Hexapeptide-8, Copper Tripeptide-1, Tripeptide-1, Dipeptide-2, Palmitoyl Pentapeptide-4, Palmitoyl Tripeptide-1, Alanine\/Histidine\/Lysine Polypeptide Copper HCl, Acetyl Octapeptide-3, Palmitoyl Tripeptide-5, Macadamia Ternifolia Seed Oil, Caprylic\/Capric Triglyceride, Cholesterol, Brassica Campestris (Rapeseed) Sterols, PEG-5 Rapeseed Sterol, Tocopheryl Acetate, Ceteth-3, Ceteth-5, Hydrogenated Lecithin, Potassium Cetyl Phosphate, Sodium Ascorbyl Phosphate, Ethylhexylglycerin, Glutathione, Thioctic Acid, Anemarrhena Asphodeloides Root Extract, Ubiquinone, Astaxanthin, Hydrogenated Polyisobutene, Hydrolyzed Glycosaminoglycans, Sodium Hyaluronate, Sodium Hyaluronate Crosspolymer, Hydrolyzed Hyaluronic Acid, Hydroxypropyltrimonium Hyaluronate, Hyaluronic Acid, Sodium Acetylated Hyaluronate, Glycol Distearate, Polyethylene, Polyquaternium-7, Disodium EDTA, Benzyl Glycol, Sodium Benzoate, Fragrance<\/em><\/div>","protected":false},"excerpt":{"rendered":"<p>Hidratantna pena sa peptidima za \u010di\u0161\u0107enje lica. 150ml<\/p>","protected":false},"featured_media":5020,"template":"","meta":{"_uag_custom_page_level_css":""},"product_brand":[],"product_cat":[255,373,374,272,254,332,355,260],"product_tag":[413,316],"class_list":{"0":"post-5019","1":"product","2":"type-product","3":"status-publish","4":"has-post-thumbnail","6":"product_cat-antiage","7":"product_cat-alltypesofskin","8":"product_cat-matureskin","9":"product_cat-brightening","10":"product_cat-cleansing","11":"product_cat-cleansingfoam","12":"product_cat-pigmentation","13":"product_cat-hidratation","14":"product_tag-aqua-essence","15":"product_tag-peptide-9","16":"post-item","18":"first","19":"outofstock","20":"shipping-taxable","21":"purchasable","22":"product-type-simple"},"yoast_head":"<!-- This site is optimized with the Yoast SEO Premium plugin v27.2 (Yoast SEO v27.2) - https:\/\/yoast.com\/product\/yoast-seo-premium-wordpress\/ -->\n<title>Medi-Peel Peptide 9 Aqua Essence Facial Cleanser - Medi-Peel Montenegro<\/title>\n<meta name=\"robots\" content=\"index, follow, max-snippet:-1, max-image-preview:large, max-video-preview:-1\" \/>\n<link rel=\"canonical\" href=\"https:\/\/medipeel.me\/sr\/\u043f\u0440\u043e\u0438\u0437\u0432\u043e\u0434\/medi-peel-peptide-9-aqua-essence-facial-cleanser2\/\" \/>\n<meta property=\"og:locale\" content=\"sr_RS\" \/>\n<meta property=\"og:type\" content=\"article\" \/>\n<meta property=\"og:title\" content=\"Medi-Peel Peptide 9 Aqua Essence Facial Cleanser\" \/>\n<meta property=\"og:description\" content=\"\u0423\u0432\u043b\u0430\u0436\u043d\u044f\u044e\u0449\u0430\u044f \u043f\u0435\u043d\u043a\u0430 \u0434\u043b\u044f \u0443\u043c\u044b\u0432\u0430\u043d\u0438\u044f \u0441 \u043f\u0435\u043f\u0442\u0438\u0434\u0430\u043c\u0438. 150ml\" \/>\n<meta property=\"og:url\" content=\"https:\/\/medipeel.me\/sr\/\u043f\u0440\u043e\u0438\u0437\u0432\u043e\u0434\/medi-peel-peptide-9-aqua-essence-facial-cleanser2\/\" \/>\n<meta property=\"og:site_name\" content=\"Medi-Peel Montenegro\" \/>\n<meta property=\"article:publisher\" content=\"https:\/\/www.facebook.com\/medipeel.montenegro.serbia\/\" \/>\n<meta property=\"article:modified_time\" content=\"2025-04-01T10:21:28+00:00\" \/>\n<meta property=\"og:image\" content=\"https:\/\/medipeel.me\/wp-content\/uploads\/2023\/06\/Medi-Peel-PEPTIDE-9-AQUA-ESSENCE-FACIAL-CLEANSER.jpg\" \/>\n\t<meta property=\"og:image:width\" content=\"1000\" \/>\n\t<meta property=\"og:image:height\" content=\"1000\" \/>\n\t<meta property=\"og:image:type\" content=\"image\/jpeg\" \/>\n<script type=\"application\/ld+json\" class=\"yoast-schema-graph\">{\"@context\":\"https:\/\/schema.org\",\"@graph\":[{\"@type\":\"WebPage\",\"@id\":\"https:\/\/medipeel.me\/product\/medi-peel-peptide-9-aqua-essence-facial-cleanser2\/\",\"url\":\"https:\/\/medipeel.me\/product\/medi-peel-peptide-9-aqua-essence-facial-cleanser2\/\",\"name\":\"Medi-Peel Peptide 9 Aqua Essence Facial Cleanser - Medi-Peel Montenegro\",\"isPartOf\":{\"@id\":\"https:\/\/medipeel.me\/sr\/#website\"},\"primaryImageOfPage\":{\"@id\":\"https:\/\/medipeel.me\/product\/medi-peel-peptide-9-aqua-essence-facial-cleanser2\/#primaryimage\"},\"image\":{\"@id\":\"https:\/\/medipeel.me\/product\/medi-peel-peptide-9-aqua-essence-facial-cleanser2\/#primaryimage\"},\"thumbnailUrl\":\"https:\/\/medipeel.me\/wp-content\/uploads\/2023\/06\/Medi-Peel-PEPTIDE-9-AQUA-ESSENCE-FACIAL-CLEANSER.jpg\",\"datePublished\":\"2023-06-16T15:12:01+00:00\",\"dateModified\":\"2025-04-01T10:21:28+00:00\",\"breadcrumb\":{\"@id\":\"https:\/\/medipeel.me\/product\/medi-peel-peptide-9-aqua-essence-facial-cleanser2\/#breadcrumb\"},\"inLanguage\":\"sr-RS\",\"potentialAction\":[{\"@type\":\"ReadAction\",\"target\":[\"https:\/\/medipeel.me\/product\/medi-peel-peptide-9-aqua-essence-facial-cleanser2\/\"]}]},{\"@type\":\"ImageObject\",\"inLanguage\":\"sr-RS\",\"@id\":\"https:\/\/medipeel.me\/product\/medi-peel-peptide-9-aqua-essence-facial-cleanser2\/#primaryimage\",\"url\":\"https:\/\/medipeel.me\/wp-content\/uploads\/2023\/06\/Medi-Peel-PEPTIDE-9-AQUA-ESSENCE-FACIAL-CLEANSER.jpg\",\"contentUrl\":\"https:\/\/medipeel.me\/wp-content\/uploads\/2023\/06\/Medi-Peel-PEPTIDE-9-AQUA-ESSENCE-FACIAL-CLEANSER.jpg\",\"width\":1000,\"height\":1000},{\"@type\":\"BreadcrumbList\",\"@id\":\"https:\/\/medipeel.me\/product\/medi-peel-peptide-9-aqua-essence-facial-cleanser2\/#breadcrumb\",\"itemListElement\":[{\"@type\":\"ListItem\",\"position\":1,\"name\":\"\u0413\u043b\u0430\u0432\u043d\u0430\u044f \u0441\u0442\u0440\u0430\u043d\u0438\u0446\u0430\",\"item\":\"https:\/\/medipeel.me\/\"},{\"@type\":\"ListItem\",\"position\":2,\"name\":\"\u041a\u0430\u0442\u0430\u043b\u043e\u0433\",\"item\":\"https:\/\/medipeel.me\/\"},{\"@type\":\"ListItem\",\"position\":3,\"name\":\"Medi-Peel Peptide 9 Aqua Essence Facial Cleanser\"}]},{\"@type\":\"WebSite\",\"@id\":\"https:\/\/medipeel.me\/sr\/#website\",\"url\":\"https:\/\/medipeel.me\/sr\/\",\"name\":\"Medi-Peel Montenegro\",\"description\":\"Ekskluzivni zastupnik MEDI-PEEL za Crnu Goru\",\"publisher\":{\"@id\":\"https:\/\/medipeel.me\/sr\/#organization\"},\"potentialAction\":[{\"@type\":\"SearchAction\",\"target\":{\"@type\":\"EntryPoint\",\"urlTemplate\":\"https:\/\/medipeel.me\/sr\/?s={search_term_string}\"},\"query-input\":{\"@type\":\"PropertyValueSpecification\",\"valueRequired\":true,\"valueName\":\"search_term_string\"}}],\"inLanguage\":\"sr-RS\"},{\"@type\":\"Organization\",\"@id\":\"https:\/\/medipeel.me\/sr\/#organization\",\"name\":\"MEDII-PEEL\",\"url\":\"https:\/\/medipeel.me\/sr\/\",\"logo\":{\"@type\":\"ImageObject\",\"inLanguage\":\"sr-RS\",\"@id\":\"https:\/\/medipeel.me\/sr\/#\/schema\/logo\/image\/\",\"url\":\"https:\/\/medipeel.me\/wp-content\/uploads\/2021\/10\/Logo-MediPeel-Mne.jpg\",\"contentUrl\":\"https:\/\/medipeel.me\/wp-content\/uploads\/2021\/10\/Logo-MediPeel-Mne.jpg\",\"width\":288,\"height\":288,\"caption\":\"MEDII-PEEL\"},\"image\":{\"@id\":\"https:\/\/medipeel.me\/sr\/#\/schema\/logo\/image\/\"},\"sameAs\":[\"https:\/\/www.facebook.com\/medipeel.montenegro.serbia\/\"]}]}<\/script>\n<!-- \/ Yoast SEO Premium plugin. -->","yoast_head_json":{"title":"Medi-Peel Peptide 9 Aqua Essence Facial Cleanser - Medi-Peel Montenegro","robots":{"index":"index","follow":"follow","max-snippet":"max-snippet:-1","max-image-preview":"max-image-preview:large","max-video-preview":"max-video-preview:-1"},"canonical":"https:\/\/medipeel.me\/sr\/\u043f\u0440\u043e\u0438\u0437\u0432\u043e\u0434\/medi-peel-peptide-9-aqua-essence-facial-cleanser2\/","og_locale":"sr_RS","og_type":"article","og_title":"Medi-Peel Peptide 9 Aqua Essence Facial Cleanser","og_description":"\u0423\u0432\u043b\u0430\u0436\u043d\u044f\u044e\u0449\u0430\u044f \u043f\u0435\u043d\u043a\u0430 \u0434\u043b\u044f \u0443\u043c\u044b\u0432\u0430\u043d\u0438\u044f \u0441 \u043f\u0435\u043f\u0442\u0438\u0434\u0430\u043c\u0438. 150ml","og_url":"https:\/\/medipeel.me\/sr\/\u043f\u0440\u043e\u0438\u0437\u0432\u043e\u0434\/medi-peel-peptide-9-aqua-essence-facial-cleanser2\/","og_site_name":"Medi-Peel Montenegro","article_publisher":"https:\/\/www.facebook.com\/medipeel.montenegro.serbia\/","article_modified_time":"2025-04-01T10:21:28+00:00","og_image":[{"width":1000,"height":1000,"url":"https:\/\/medipeel.me\/wp-content\/uploads\/2023\/06\/Medi-Peel-PEPTIDE-9-AQUA-ESSENCE-FACIAL-CLEANSER.jpg","type":"image\/jpeg"}],"schema":{"@context":"https:\/\/schema.org","@graph":[{"@type":"WebPage","@id":"https:\/\/medipeel.me\/product\/medi-peel-peptide-9-aqua-essence-facial-cleanser2\/","url":"https:\/\/medipeel.me\/product\/medi-peel-peptide-9-aqua-essence-facial-cleanser2\/","name":"Medi-Peel Peptide 9 Aqua Essence Facial Cleanser - Medi-Peel Montenegro","isPartOf":{"@id":"https:\/\/medipeel.me\/sr\/#website"},"primaryImageOfPage":{"@id":"https:\/\/medipeel.me\/product\/medi-peel-peptide-9-aqua-essence-facial-cleanser2\/#primaryimage"},"image":{"@id":"https:\/\/medipeel.me\/product\/medi-peel-peptide-9-aqua-essence-facial-cleanser2\/#primaryimage"},"thumbnailUrl":"https:\/\/medipeel.me\/wp-content\/uploads\/2023\/06\/Medi-Peel-PEPTIDE-9-AQUA-ESSENCE-FACIAL-CLEANSER.jpg","datePublished":"2023-06-16T15:12:01+00:00","dateModified":"2025-04-01T10:21:28+00:00","breadcrumb":{"@id":"https:\/\/medipeel.me\/product\/medi-peel-peptide-9-aqua-essence-facial-cleanser2\/#breadcrumb"},"inLanguage":"sr-RS","potentialAction":[{"@type":"ReadAction","target":["https:\/\/medipeel.me\/product\/medi-peel-peptide-9-aqua-essence-facial-cleanser2\/"]}]},{"@type":"ImageObject","inLanguage":"sr-RS","@id":"https:\/\/medipeel.me\/product\/medi-peel-peptide-9-aqua-essence-facial-cleanser2\/#primaryimage","url":"https:\/\/medipeel.me\/wp-content\/uploads\/2023\/06\/Medi-Peel-PEPTIDE-9-AQUA-ESSENCE-FACIAL-CLEANSER.jpg","contentUrl":"https:\/\/medipeel.me\/wp-content\/uploads\/2023\/06\/Medi-Peel-PEPTIDE-9-AQUA-ESSENCE-FACIAL-CLEANSER.jpg","width":1000,"height":1000},{"@type":"BreadcrumbList","@id":"https:\/\/medipeel.me\/product\/medi-peel-peptide-9-aqua-essence-facial-cleanser2\/#breadcrumb","itemListElement":[{"@type":"ListItem","position":1,"name":"\u0413\u043b\u0430\u0432\u043d\u0430\u044f \u0441\u0442\u0440\u0430\u043d\u0438\u0446\u0430","item":"https:\/\/medipeel.me\/"},{"@type":"ListItem","position":2,"name":"\u041a\u0430\u0442\u0430\u043b\u043e\u0433","item":"https:\/\/medipeel.me\/"},{"@type":"ListItem","position":3,"name":"Medi-Peel Peptide 9 Aqua Essence Facial Cleanser"}]},{"@type":"WebSite","@id":"https:\/\/medipeel.me\/sr\/#website","url":"https:\/\/medipeel.me\/sr\/","name":"Medi-Peel Montenegro","description":"Ekskluzivni zastupnik MEDI-PEEL za Crnu Goru","publisher":{"@id":"https:\/\/medipeel.me\/sr\/#organization"},"potentialAction":[{"@type":"SearchAction","target":{"@type":"EntryPoint","urlTemplate":"https:\/\/medipeel.me\/sr\/?s={search_term_string}"},"query-input":{"@type":"PropertyValueSpecification","valueRequired":true,"valueName":"search_term_string"}}],"inLanguage":"sr-RS"},{"@type":"Organization","@id":"https:\/\/medipeel.me\/sr\/#organization","name":"MEDII-PEEL","url":"https:\/\/medipeel.me\/sr\/","logo":{"@type":"ImageObject","inLanguage":"sr-RS","@id":"https:\/\/medipeel.me\/sr\/#\/schema\/logo\/image\/","url":"https:\/\/medipeel.me\/wp-content\/uploads\/2021\/10\/Logo-MediPeel-Mne.jpg","contentUrl":"https:\/\/medipeel.me\/wp-content\/uploads\/2021\/10\/Logo-MediPeel-Mne.jpg","width":288,"height":288,"caption":"MEDII-PEEL"},"image":{"@id":"https:\/\/medipeel.me\/sr\/#\/schema\/logo\/image\/"},"sameAs":["https:\/\/www.facebook.com\/medipeel.montenegro.serbia\/"]}]}},"uagb_featured_image_src":{"full":["https:\/\/medipeel.me\/wp-content\/uploads\/2023\/06\/Medi-Peel-PEPTIDE-9-AQUA-ESSENCE-FACIAL-CLEANSER.jpg",1000,1000,false],"thumbnail":["https:\/\/medipeel.me\/wp-content\/uploads\/2023\/06\/Medi-Peel-PEPTIDE-9-AQUA-ESSENCE-FACIAL-CLEANSER-150x150.jpg",150,150,true],"medium":["https:\/\/medipeel.me\/wp-content\/uploads\/2023\/06\/Medi-Peel-PEPTIDE-9-AQUA-ESSENCE-FACIAL-CLEANSER-300x300.jpg",300,300,true],"medium_large":["https:\/\/medipeel.me\/wp-content\/uploads\/2023\/06\/Medi-Peel-PEPTIDE-9-AQUA-ESSENCE-FACIAL-CLEANSER-768x768.jpg",768,768,true],"large":["https:\/\/medipeel.me\/wp-content\/uploads\/2023\/06\/Medi-Peel-PEPTIDE-9-AQUA-ESSENCE-FACIAL-CLEANSER.jpg",1000,1000,false],"1536x1536":["https:\/\/medipeel.me\/wp-content\/uploads\/2023\/06\/Medi-Peel-PEPTIDE-9-AQUA-ESSENCE-FACIAL-CLEANSER.jpg",1000,1000,false],"2048x2048":["https:\/\/medipeel.me\/wp-content\/uploads\/2023\/06\/Medi-Peel-PEPTIDE-9-AQUA-ESSENCE-FACIAL-CLEANSER.jpg",1000,1000,false],"trp-custom-language-flag":["https:\/\/medipeel.me\/wp-content\/uploads\/2023\/06\/Medi-Peel-PEPTIDE-9-AQUA-ESSENCE-FACIAL-CLEANSER-12x12.jpg",12,12,true],"vcmegaposts-masonry":["https:\/\/medipeel.me\/wp-content\/uploads\/2023\/06\/Medi-Peel-PEPTIDE-9-AQUA-ESSENCE-FACIAL-CLEANSER-500x500.jpg",500,500,true],"vcmegaposts-normal":["https:\/\/medipeel.me\/wp-content\/uploads\/2023\/06\/Medi-Peel-PEPTIDE-9-AQUA-ESSENCE-FACIAL-CLEANSER-800x800.jpg",800,800,true],"vcmegaposts-type1":["https:\/\/medipeel.me\/wp-content\/uploads\/2023\/06\/Medi-Peel-PEPTIDE-9-AQUA-ESSENCE-FACIAL-CLEANSER-800x500.jpg",800,500,true],"woocommerce_thumbnail":["https:\/\/medipeel.me\/wp-content\/uploads\/2023\/06\/Medi-Peel-PEPTIDE-9-AQUA-ESSENCE-FACIAL-CLEANSER-450x600.jpg",450,600,true],"woocommerce_single":["https:\/\/medipeel.me\/wp-content\/uploads\/2023\/06\/Medi-Peel-PEPTIDE-9-AQUA-ESSENCE-FACIAL-CLEANSER-600x600.jpg",600,600,true],"woocommerce_gallery_thumbnail":["https:\/\/medipeel.me\/wp-content\/uploads\/2023\/06\/Medi-Peel-PEPTIDE-9-AQUA-ESSENCE-FACIAL-CLEANSER-100x100.jpg",100,100,true]},"uagb_author_info":{"display_name":"Medi-Peel","author_link":"https:\/\/medipeel.me\/sr\/author\/"},"uagb_comment_info":0,"uagb_excerpt":"\u0423\u0432\u043b\u0430\u0436\u043d\u044f\u044e\u0449\u0430\u044f \u043f\u0435\u043d\u043a\u0430 \u0434\u043b\u044f \u0443\u043c\u044b\u0432\u0430\u043d\u0438\u044f \u0441 \u043f\u0435\u043f\u0442\u0438\u0434\u0430\u043c\u0438. 150ml","jetpack_sharing_enabled":true,"_links":{"self":[{"href":"https:\/\/medipeel.me\/sr\/wp-json\/wp\/v2\/product\/5019","targetHints":{"allow":["GET"]}}],"collection":[{"href":"https:\/\/medipeel.me\/sr\/wp-json\/wp\/v2\/product"}],"about":[{"href":"https:\/\/medipeel.me\/sr\/wp-json\/wp\/v2\/types\/product"}],"wp:featuredmedia":[{"embeddable":true,"href":"https:\/\/medipeel.me\/sr\/wp-json\/wp\/v2\/media\/5020"}],"wp:attachment":[{"href":"https:\/\/medipeel.me\/sr\/wp-json\/wp\/v2\/media?parent=5019"}],"wp:term":[{"taxonomy":"product_brand","embeddable":true,"href":"https:\/\/medipeel.me\/sr\/wp-json\/wp\/v2\/product_brand?post=5019"},{"taxonomy":"product_cat","embeddable":true,"href":"https:\/\/medipeel.me\/sr\/wp-json\/wp\/v2\/product_cat?post=5019"},{"taxonomy":"product_tag","embeddable":true,"href":"https:\/\/medipeel.me\/sr\/wp-json\/wp\/v2\/product_tag?post=5019"}],"curies":[{"name":"wp","href":"https:\/\/api.w.org\/{rel}","templated":true}]}}