{"id":5015,"date":"2023-06-16T19:46:48","date_gmt":"2023-06-16T16:46:48","guid":{"rendered":"https:\/\/medipeel.me\/?post_type=product&#038;p=5015"},"modified":"2025-05-05T16:15:19","modified_gmt":"2025-05-05T14:15:19","slug":"medi-peel-collagen-super-10-sleeping-care-set2","status":"publish","type":"product","link":"https:\/\/medipeel.me\/sr\/\u043f\u0440\u043e\u0438\u0437\u0432\u043e\u0434\/medi-peel-collagen-super-10-sleeping-care-set2\/","title":{"rendered":"Medi-Peel Collagen Super 10 Sleeping Care Set"},"content":{"rendered":"<p class=\"translation-block\">Kolagenski komplet Medi-Peel Collagen Super 10 Sleeping Care Set je odli\u010dan proizvod za no\u0107nu anti-ageing negu. Komplet hidrira, omek\u0161ava i ugla\u0111uje ko\u017eu, pobolj\u0161ava elasti\u010dnost i \u010dvrstinu, smanjuje vidljivost bora i daje zdrav sjaj. \nKomplet se sastoji od ampule (30ml) i mini kreme (10g): proizvodi savr\u0161eno me\u0111usobno funkcioni\u0161u i za vreme sna ubrzavaju prirodne procese oporavka. <br>\n \nProizvodi umiruju, neguju i normalizuju proizvodnju sebuma, pove\u0107avaju za\u0161titne funkcije ko\u017ee i ja\u010daju prirodnu barijeru za zadr\u017eavanje vla\u017enosti koja spre\u010dava suvo\u0107u. Krema, koja je zavr\u0161ni korak nege, za sobom ne ostavlja lepljivost. <br>\nGlavna komponenta ampule i kreme je hidrolizovani kolagen (1,000 ppm), koji prodire dublje od obi\u010dnog kolagena zbog male molekulske te\u017eine. Hidrira i zadr\u017eava vla\u017enost u ko\u017ei, zbog \u010dega odr\u017eava elasti\u010dnost i \u010dvrsto\u0107u, smanjuje vidljivost starosnih promena. <br>\n\nDodatne aktivne komponente: <br>\nPolisaharidni polimer pululan ima jak antioksidativni efekat. Stvara sloj na ko\u017ei koji se ne ose\u0107a i  zadr\u017eava vla\u017enost, zate\u017ee i ugla\u0111uje. Usporava proces starenja i ja\u010da tkiva, vra\u0107aju\u0107i ko\u017ei glatkost i sjaj. <br>\n\nKompleks peptida aktivira sintezu hijaluronske kiseline, zate\u017ee i ugla\u0111uje, spre\u010dava razgradnju kolagena, stimuli\u0161e \u0107elijsku regeneraciju, izjedna\u010dava reljef i odr\u017eava ko\u017eu mladom. <br>\nPeptid argirelin ima botulopodobni efekat, opu\u0161ta mi\u0161i\u0107e lica, i samim tim smanjuje mimi\u010dke bore. To je unikatni hepsapeptid i smatra se neinvazivnom alternativom samog botoksa. <br>\n\nNatural Protector\u2122 (ekstrakti kore bele vrbe, origana, \u010dempresa, purslane, cimeta, bajkalske kapice, fermentisani ekstrakt soje) \u2014 biljni kompleks koji deluje protivupalno i antibakterijski, tako\u0111e normalizuje proizvodnju sebuma, umiruje, hidrira i odr\u017eava ravnote\u017eu vode. <br>\n\nNiacinamid (vitamin B3) stimuli\u0161e proizvodnju kolagena, posvetljuje, ujedna\u010dava ton i usporava transport melanina u epidermis, ja\u010da hidrolipidnu barijeru.  <br>\n\nUlje jojobe je bogato vitaminima A i E, bori se protiv dehidratacije i perutanja, hrani ko\u017eu i \u010dini je gu\u0161\u0107om i elasti\u010dnijom. <br>\n\nKompleks od 10 vrsta \u201esuperhrane\u201c (zob, beli luk, spana\u0107,  gro\u017e\u0111ano vino, paradajz, brokoli, zeleni \u010daj, acai bobice, orah, borovnice) je izvor celog kompleksa makro i mikroelemenata. Efikasno i pa\u017eljivo izbeljuje ko\u017eu, ubla\u017eava zapaljenja, tonira, umiruje nadra\u017eenu ko\u017eu.\nIma mo\u0107no antioksidativno dejstvo. Odli\u010dno hidrira, umiruje, ubla\u017eava zapaljenja i crvenilo. Sadr\u017ei tanine, karoten, lipide, glikozide, \u0161e\u0107ere, limunsku i jabu\u010dnu kiselinu, zbog \u010dega ujedna\u010dava strukturu ko\u017ee, ima zagla\u0111uju\u0107i efekat, daje lep prirodni unutra\u0161nji sjaj. <br>\n\nPogodan je za sve tipove ko\u017ee.<\/p>\n<p><strong>Na\u010din upotrebe:<\/strong> nakon umivanja, \u010di\u0161\u0107enja i toniranja, nanesite serum na lice, ra\u0161irite ga po ko\u017ei. Kao zavr\u0161ni korak no\u0107ne nege, nanesite hidratantnu kremu.<\/p>\n<hr \/>\n<div><em><em><strong><em>Sastojci:<\/em><br \/>\n<\/strong><\/em><\/em><em>Ampoule: Purified Water, Butylene Glycol, Glycerin, Niacinamide, 1,2-Hexanediol, Glyceryl Glucoside, Betaine, C12-14 Pareth-12, Xylityl Glucoside, Carbomer, Arginine, Anhydroxylitol, Hydroxypropylmethylcellulose, Hydrolyzed Collagen (1,000 ppm), Pullulan, Xylitol, Sodium Hyaluronate, Ethylhexylglycerin, Adenosine, Synthetic Fluorphlogopite, Glucose, Titanium Dioxide, Vaccinium Angustifolium Extract, Propanediol, Spinacia Oleracea Extract, Hydrolyzed Walnut Extract, Allium Sativum Bulb Extract, Avena Sativa Kernel Extract, Wine Extract, Camellia Sinensis (Green Tea) Leaf Extract, Porphyridium Cruentum Extract, Solanum Lycopersicum Fruit\/Leaf\/Stem Extract, Propylene Glycol, Pinus Sylvestris Leaf Extract, Oregano Leaf Extract, Cypress Leaf Extract, Golden Extract, Purslane Extract, Lactobacillus\/Soybean Fermented Extract, Cinnamon Bark Extract, Aloe Barbadensis Leaf Extract, Squalane, Simmondsia Chinensis (Jojoba) Seed Oil, Prunus Amygdalus Dulcis (Sweet Almond) Oil, Argania Spinosa Kernel Oil, Bioflavonoids, Brassica Oleracea Italica (Broccoli) Extract, Copper Tripeptide-1, Acetyl Hexapeptide-8, Oligopeptide-32, Oligopeptide-29, Palmitoylpentapeptide-4, Fragrance<\/em><em>Cream: Water, Glycerin, Niacinamide, Dimethicone, Butylene glycol, Oat extract, Pyge-240\/H. D. I. Copolymerby &#8211; SU-Decyltetradeces-20 Etter, Dimethicone \/ Vinyl Dimethicone Cross Polymer, Hydrocyacetophenone, Pyge-60 Hydrogene Ittid Caster Oil, Glyceryl Stearate, Piigi-10 Dimethicone, Piigi-100 Stearate, Carbomer, Alginin, Garlic Extract, After Two extracts, hydrolyzed collagen (1,000 ppm), Sweet Almond Oil, Tomato fruit \/ Leaf \/ Stem extract, Spinach extract, Squalane, Wine Extract, Low Sweet Blueberry Extract, Propanediol, Ethyl nucleicylglycerin, Allantoin, Trehalose, Adenosine, Dysodium Idityei, Light Hyaluronate Jojoba Seed Oil, Argan Kernel Oil, Green Tea Extract Ceramide 3, Hydrogenate Decitin Aloe Vera Leaf Extract, Dipropylene glycol, Glyceres-20, Bioflavonoids, Pyge-10 Leifseed Sterol, 1,2-hexanda Iol, Olive Leaf Extract, Spanish Licorice Root Extract, Western Dandelion Leaf Extract, White Willow Bark Extract, Oregano Leaf Extract, Bro Collie Extract, Cypress Leaf Extract, Broiler Bark Extract, Lactobacillus \/ Soybean Fermentation Extract, Golden Extract, Purslane Extract, Rock Stone Flower Root Product, Damask Rose Extract, Halmi Flower Extract, Choppy Tree Fruit Extract, Usnia Extract, Copper tripeptide-1, Acetyl Nucleapepta &#8211; 8, Oligopeptide-29, Oligopeptide-32, palmitoylpentapeptide-4, Fragrance, Limonene, Alpha-isomethyl-ionone, Linalool<\/em><\/div>","protected":false},"excerpt":{"rendered":"<p>Kolagenski komplet za noc\u0301nu negu protiv starenja. Ampula 30ml + krema 10g<\/p>","protected":false},"featured_media":5734,"template":"","meta":{"_uag_custom_page_level_css":""},"product_brand":[],"product_cat":[255,259,373,307,392,574,272,301,303,360,261,260],"product_tag":[427],"class_list":{"0":"post-5015","1":"product","2":"type-product","3":"status-publish","4":"has-post-thumbnail","6":"product_cat-antiage","7":"product_cat-repair","8":"product_cat-alltypesofskin","9":"product_cat-lifting","10":"product_cat-nightcream","11":"product_cat-574","12":"product_cat-brightening","13":"product_cat-nutrition","14":"product_cat-sets","15":"product_cat-dryness","16":"product_cat-serum","17":"product_cat-hidratation","18":"product_tag-collagen-super-10","19":"post-item","21":"first","22":"outofstock","23":"shipping-taxable","24":"purchasable","25":"product-type-simple"},"yoast_head":"<!-- This site is optimized with the Yoast SEO Premium plugin v27.2 (Yoast SEO v27.2) - https:\/\/yoast.com\/product\/yoast-seo-premium-wordpress\/ -->\n<title>Medi-Peel Collagen Super 10 Sleeping Care Set - Medi-Peel Montenegro<\/title>\n<meta name=\"robots\" content=\"index, follow, max-snippet:-1, max-image-preview:large, max-video-preview:-1\" \/>\n<link rel=\"canonical\" href=\"https:\/\/medipeel.me\/sr\/\u043f\u0440\u043e\u0438\u0437\u0432\u043e\u0434\/medi-peel-collagen-super-10-sleeping-care-set2\/\" \/>\n<meta property=\"og:locale\" content=\"sr_RS\" \/>\n<meta property=\"og:type\" content=\"article\" \/>\n<meta property=\"og:title\" content=\"Medi-Peel Collagen Super 10 Sleeping Care Set\" \/>\n<meta property=\"og:description\" content=\"\u041a\u043e\u043b\u043b\u0430\u0433\u0435\u043d\u043e\u0432\u044b\u0439 \u043d\u0430\u0431\u043e\u0440 \u0434\u043b\u044f \u0430\u043d\u0442\u0438\u0432\u043e\u0437\u0440\u0430\u0441\u0442\u043d\u043e\u0433\u043e \u043d\u043e\u0447\u043d\u043e\u0433\u043e \u0443\u0445\u043e\u0434\u0430. \u0410\u043c\u043f\u0443\u043b\u0430 30ml +\u043a\u0440\u0435\u043c 10g\" \/>\n<meta property=\"og:url\" content=\"https:\/\/medipeel.me\/sr\/\u043f\u0440\u043e\u0438\u0437\u0432\u043e\u0434\/medi-peel-collagen-super-10-sleeping-care-set2\/\" \/>\n<meta property=\"og:site_name\" content=\"Medi-Peel Montenegro\" \/>\n<meta property=\"article:publisher\" content=\"https:\/\/www.facebook.com\/medipeel.montenegro.serbia\/\" \/>\n<meta property=\"article:modified_time\" content=\"2025-05-05T14:15:19+00:00\" \/>\n<meta property=\"og:image\" content=\"https:\/\/medipeel.me\/wp-content\/uploads\/2023\/06\/Medi-Peel-Collagen-Super-10-Sleeping-Care-Set-1.jpg\" \/>\n\t<meta property=\"og:image:width\" content=\"1200\" \/>\n\t<meta property=\"og:image:height\" content=\"1200\" \/>\n\t<meta property=\"og:image:type\" content=\"image\/jpeg\" \/>\n<script type=\"application\/ld+json\" class=\"yoast-schema-graph\">{\"@context\":\"https:\/\/schema.org\",\"@graph\":[{\"@type\":\"WebPage\",\"@id\":\"https:\/\/medipeel.me\/product\/medi-peel-collagen-super-10-sleeping-care-set2\/\",\"url\":\"https:\/\/medipeel.me\/product\/medi-peel-collagen-super-10-sleeping-care-set2\/\",\"name\":\"Medi-Peel Collagen Super 10 Sleeping Care Set - Medi-Peel Montenegro\",\"isPartOf\":{\"@id\":\"https:\/\/medipeel.me\/sr\/#website\"},\"primaryImageOfPage\":{\"@id\":\"https:\/\/medipeel.me\/product\/medi-peel-collagen-super-10-sleeping-care-set2\/#primaryimage\"},\"image\":{\"@id\":\"https:\/\/medipeel.me\/product\/medi-peel-collagen-super-10-sleeping-care-set2\/#primaryimage\"},\"thumbnailUrl\":\"https:\/\/medipeel.me\/wp-content\/uploads\/2023\/06\/Medi-Peel-Collagen-Super-10-Sleeping-Care-Set-1.jpg\",\"datePublished\":\"2023-06-16T16:46:48+00:00\",\"dateModified\":\"2025-05-05T14:15:19+00:00\",\"breadcrumb\":{\"@id\":\"https:\/\/medipeel.me\/product\/medi-peel-collagen-super-10-sleeping-care-set2\/#breadcrumb\"},\"inLanguage\":\"sr-RS\",\"potentialAction\":[{\"@type\":\"ReadAction\",\"target\":[\"https:\/\/medipeel.me\/product\/medi-peel-collagen-super-10-sleeping-care-set2\/\"]}]},{\"@type\":\"ImageObject\",\"inLanguage\":\"sr-RS\",\"@id\":\"https:\/\/medipeel.me\/product\/medi-peel-collagen-super-10-sleeping-care-set2\/#primaryimage\",\"url\":\"https:\/\/medipeel.me\/wp-content\/uploads\/2023\/06\/Medi-Peel-Collagen-Super-10-Sleeping-Care-Set-1.jpg\",\"contentUrl\":\"https:\/\/medipeel.me\/wp-content\/uploads\/2023\/06\/Medi-Peel-Collagen-Super-10-Sleeping-Care-Set-1.jpg\",\"width\":1200,\"height\":1200},{\"@type\":\"BreadcrumbList\",\"@id\":\"https:\/\/medipeel.me\/product\/medi-peel-collagen-super-10-sleeping-care-set2\/#breadcrumb\",\"itemListElement\":[{\"@type\":\"ListItem\",\"position\":1,\"name\":\"\u0413\u043b\u0430\u0432\u043d\u0430\u044f \u0441\u0442\u0440\u0430\u043d\u0438\u0446\u0430\",\"item\":\"https:\/\/medipeel.me\/\"},{\"@type\":\"ListItem\",\"position\":2,\"name\":\"\u041a\u0430\u0442\u0430\u043b\u043e\u0433\",\"item\":\"https:\/\/medipeel.me\/\"},{\"@type\":\"ListItem\",\"position\":3,\"name\":\"Medi-Peel Collagen Super 10 Sleeping Care Set\"}]},{\"@type\":\"WebSite\",\"@id\":\"https:\/\/medipeel.me\/sr\/#website\",\"url\":\"https:\/\/medipeel.me\/sr\/\",\"name\":\"Medi-Peel Montenegro\",\"description\":\"Ekskluzivni zastupnik MEDI-PEEL za Crnu Goru\",\"publisher\":{\"@id\":\"https:\/\/medipeel.me\/sr\/#organization\"},\"potentialAction\":[{\"@type\":\"SearchAction\",\"target\":{\"@type\":\"EntryPoint\",\"urlTemplate\":\"https:\/\/medipeel.me\/sr\/?s={search_term_string}\"},\"query-input\":{\"@type\":\"PropertyValueSpecification\",\"valueRequired\":true,\"valueName\":\"search_term_string\"}}],\"inLanguage\":\"sr-RS\"},{\"@type\":\"Organization\",\"@id\":\"https:\/\/medipeel.me\/sr\/#organization\",\"name\":\"MEDII-PEEL\",\"url\":\"https:\/\/medipeel.me\/sr\/\",\"logo\":{\"@type\":\"ImageObject\",\"inLanguage\":\"sr-RS\",\"@id\":\"https:\/\/medipeel.me\/sr\/#\/schema\/logo\/image\/\",\"url\":\"https:\/\/medipeel.me\/wp-content\/uploads\/2021\/10\/Logo-MediPeel-Mne.jpg\",\"contentUrl\":\"https:\/\/medipeel.me\/wp-content\/uploads\/2021\/10\/Logo-MediPeel-Mne.jpg\",\"width\":288,\"height\":288,\"caption\":\"MEDII-PEEL\"},\"image\":{\"@id\":\"https:\/\/medipeel.me\/sr\/#\/schema\/logo\/image\/\"},\"sameAs\":[\"https:\/\/www.facebook.com\/medipeel.montenegro.serbia\/\"]}]}<\/script>\n<!-- \/ Yoast SEO Premium plugin. -->","yoast_head_json":{"title":"Medi-Peel Collagen Super 10 Sleeping Care Set - Medi-Peel Montenegro","robots":{"index":"index","follow":"follow","max-snippet":"max-snippet:-1","max-image-preview":"max-image-preview:large","max-video-preview":"max-video-preview:-1"},"canonical":"https:\/\/medipeel.me\/sr\/\u043f\u0440\u043e\u0438\u0437\u0432\u043e\u0434\/medi-peel-collagen-super-10-sleeping-care-set2\/","og_locale":"sr_RS","og_type":"article","og_title":"Medi-Peel Collagen Super 10 Sleeping Care Set","og_description":"\u041a\u043e\u043b\u043b\u0430\u0433\u0435\u043d\u043e\u0432\u044b\u0439 \u043d\u0430\u0431\u043e\u0440 \u0434\u043b\u044f \u0430\u043d\u0442\u0438\u0432\u043e\u0437\u0440\u0430\u0441\u0442\u043d\u043e\u0433\u043e \u043d\u043e\u0447\u043d\u043e\u0433\u043e \u0443\u0445\u043e\u0434\u0430. \u0410\u043c\u043f\u0443\u043b\u0430 30ml +\u043a\u0440\u0435\u043c 10g","og_url":"https:\/\/medipeel.me\/sr\/\u043f\u0440\u043e\u0438\u0437\u0432\u043e\u0434\/medi-peel-collagen-super-10-sleeping-care-set2\/","og_site_name":"Medi-Peel Montenegro","article_publisher":"https:\/\/www.facebook.com\/medipeel.montenegro.serbia\/","article_modified_time":"2025-05-05T14:15:19+00:00","og_image":[{"width":1200,"height":1200,"url":"https:\/\/medipeel.me\/wp-content\/uploads\/2023\/06\/Medi-Peel-Collagen-Super-10-Sleeping-Care-Set-1.jpg","type":"image\/jpeg"}],"schema":{"@context":"https:\/\/schema.org","@graph":[{"@type":"WebPage","@id":"https:\/\/medipeel.me\/product\/medi-peel-collagen-super-10-sleeping-care-set2\/","url":"https:\/\/medipeel.me\/product\/medi-peel-collagen-super-10-sleeping-care-set2\/","name":"Medi-Peel Collagen Super 10 Sleeping Care Set - Medi-Peel Montenegro","isPartOf":{"@id":"https:\/\/medipeel.me\/sr\/#website"},"primaryImageOfPage":{"@id":"https:\/\/medipeel.me\/product\/medi-peel-collagen-super-10-sleeping-care-set2\/#primaryimage"},"image":{"@id":"https:\/\/medipeel.me\/product\/medi-peel-collagen-super-10-sleeping-care-set2\/#primaryimage"},"thumbnailUrl":"https:\/\/medipeel.me\/wp-content\/uploads\/2023\/06\/Medi-Peel-Collagen-Super-10-Sleeping-Care-Set-1.jpg","datePublished":"2023-06-16T16:46:48+00:00","dateModified":"2025-05-05T14:15:19+00:00","breadcrumb":{"@id":"https:\/\/medipeel.me\/product\/medi-peel-collagen-super-10-sleeping-care-set2\/#breadcrumb"},"inLanguage":"sr-RS","potentialAction":[{"@type":"ReadAction","target":["https:\/\/medipeel.me\/product\/medi-peel-collagen-super-10-sleeping-care-set2\/"]}]},{"@type":"ImageObject","inLanguage":"sr-RS","@id":"https:\/\/medipeel.me\/product\/medi-peel-collagen-super-10-sleeping-care-set2\/#primaryimage","url":"https:\/\/medipeel.me\/wp-content\/uploads\/2023\/06\/Medi-Peel-Collagen-Super-10-Sleeping-Care-Set-1.jpg","contentUrl":"https:\/\/medipeel.me\/wp-content\/uploads\/2023\/06\/Medi-Peel-Collagen-Super-10-Sleeping-Care-Set-1.jpg","width":1200,"height":1200},{"@type":"BreadcrumbList","@id":"https:\/\/medipeel.me\/product\/medi-peel-collagen-super-10-sleeping-care-set2\/#breadcrumb","itemListElement":[{"@type":"ListItem","position":1,"name":"\u0413\u043b\u0430\u0432\u043d\u0430\u044f \u0441\u0442\u0440\u0430\u043d\u0438\u0446\u0430","item":"https:\/\/medipeel.me\/"},{"@type":"ListItem","position":2,"name":"\u041a\u0430\u0442\u0430\u043b\u043e\u0433","item":"https:\/\/medipeel.me\/"},{"@type":"ListItem","position":3,"name":"Medi-Peel Collagen Super 10 Sleeping Care Set"}]},{"@type":"WebSite","@id":"https:\/\/medipeel.me\/sr\/#website","url":"https:\/\/medipeel.me\/sr\/","name":"Medi-Peel Montenegro","description":"Ekskluzivni zastupnik MEDI-PEEL za Crnu Goru","publisher":{"@id":"https:\/\/medipeel.me\/sr\/#organization"},"potentialAction":[{"@type":"SearchAction","target":{"@type":"EntryPoint","urlTemplate":"https:\/\/medipeel.me\/sr\/?s={search_term_string}"},"query-input":{"@type":"PropertyValueSpecification","valueRequired":true,"valueName":"search_term_string"}}],"inLanguage":"sr-RS"},{"@type":"Organization","@id":"https:\/\/medipeel.me\/sr\/#organization","name":"MEDII-PEEL","url":"https:\/\/medipeel.me\/sr\/","logo":{"@type":"ImageObject","inLanguage":"sr-RS","@id":"https:\/\/medipeel.me\/sr\/#\/schema\/logo\/image\/","url":"https:\/\/medipeel.me\/wp-content\/uploads\/2021\/10\/Logo-MediPeel-Mne.jpg","contentUrl":"https:\/\/medipeel.me\/wp-content\/uploads\/2021\/10\/Logo-MediPeel-Mne.jpg","width":288,"height":288,"caption":"MEDII-PEEL"},"image":{"@id":"https:\/\/medipeel.me\/sr\/#\/schema\/logo\/image\/"},"sameAs":["https:\/\/www.facebook.com\/medipeel.montenegro.serbia\/"]}]}},"uagb_featured_image_src":{"full":["https:\/\/medipeel.me\/wp-content\/uploads\/2023\/06\/Medi-Peel-Collagen-Super-10-Sleeping-Care-Set-1.jpg",1200,1200,false],"thumbnail":["https:\/\/medipeel.me\/wp-content\/uploads\/2023\/06\/Medi-Peel-Collagen-Super-10-Sleeping-Care-Set-1-150x150.jpg",150,150,true],"medium":["https:\/\/medipeel.me\/wp-content\/uploads\/2023\/06\/Medi-Peel-Collagen-Super-10-Sleeping-Care-Set-1-300x300.jpg",300,300,true],"medium_large":["https:\/\/medipeel.me\/wp-content\/uploads\/2023\/06\/Medi-Peel-Collagen-Super-10-Sleeping-Care-Set-1-768x768.jpg",768,768,true],"large":["https:\/\/medipeel.me\/wp-content\/uploads\/2023\/06\/Medi-Peel-Collagen-Super-10-Sleeping-Care-Set-1-1024x1024.jpg",1024,1024,true],"1536x1536":["https:\/\/medipeel.me\/wp-content\/uploads\/2023\/06\/Medi-Peel-Collagen-Super-10-Sleeping-Care-Set-1.jpg",1200,1200,false],"2048x2048":["https:\/\/medipeel.me\/wp-content\/uploads\/2023\/06\/Medi-Peel-Collagen-Super-10-Sleeping-Care-Set-1.jpg",1200,1200,false],"trp-custom-language-flag":["https:\/\/medipeel.me\/wp-content\/uploads\/2023\/06\/Medi-Peel-Collagen-Super-10-Sleeping-Care-Set-1-12x12.jpg",12,12,true],"vcmegaposts-masonry":["https:\/\/medipeel.me\/wp-content\/uploads\/2023\/06\/Medi-Peel-Collagen-Super-10-Sleeping-Care-Set-1-500x500.jpg",500,500,true],"vcmegaposts-normal":["https:\/\/medipeel.me\/wp-content\/uploads\/2023\/06\/Medi-Peel-Collagen-Super-10-Sleeping-Care-Set-1-800x800.jpg",800,800,true],"vcmegaposts-type1":["https:\/\/medipeel.me\/wp-content\/uploads\/2023\/06\/Medi-Peel-Collagen-Super-10-Sleeping-Care-Set-1-800x500.jpg",800,500,true],"woocommerce_thumbnail":["https:\/\/medipeel.me\/wp-content\/uploads\/2023\/06\/Medi-Peel-Collagen-Super-10-Sleeping-Care-Set-1-450x600.jpg",450,600,true],"woocommerce_single":["https:\/\/medipeel.me\/wp-content\/uploads\/2023\/06\/Medi-Peel-Collagen-Super-10-Sleeping-Care-Set-1-600x600.jpg",600,600,true],"woocommerce_gallery_thumbnail":["https:\/\/medipeel.me\/wp-content\/uploads\/2023\/06\/Medi-Peel-Collagen-Super-10-Sleeping-Care-Set-1-100x100.jpg",100,100,true]},"uagb_author_info":{"display_name":"Medi-Peel","author_link":"https:\/\/medipeel.me\/sr\/author\/"},"uagb_comment_info":0,"uagb_excerpt":"\u041a\u043e\u043b\u043b\u0430\u0433\u0435\u043d\u043e\u0432\u044b\u0439 \u043d\u0430\u0431\u043e\u0440 \u0434\u043b\u044f \u0430\u043d\u0442\u0438\u0432\u043e\u0437\u0440\u0430\u0441\u0442\u043d\u043e\u0433\u043e \u043d\u043e\u0447\u043d\u043e\u0433\u043e \u0443\u0445\u043e\u0434\u0430. \u0410\u043c\u043f\u0443\u043b\u0430 30ml +\u043a\u0440\u0435\u043c 10g","jetpack_sharing_enabled":true,"_links":{"self":[{"href":"https:\/\/medipeel.me\/sr\/wp-json\/wp\/v2\/product\/5015","targetHints":{"allow":["GET"]}}],"collection":[{"href":"https:\/\/medipeel.me\/sr\/wp-json\/wp\/v2\/product"}],"about":[{"href":"https:\/\/medipeel.me\/sr\/wp-json\/wp\/v2\/types\/product"}],"wp:featuredmedia":[{"embeddable":true,"href":"https:\/\/medipeel.me\/sr\/wp-json\/wp\/v2\/media\/5734"}],"wp:attachment":[{"href":"https:\/\/medipeel.me\/sr\/wp-json\/wp\/v2\/media?parent=5015"}],"wp:term":[{"taxonomy":"product_brand","embeddable":true,"href":"https:\/\/medipeel.me\/sr\/wp-json\/wp\/v2\/product_brand?post=5015"},{"taxonomy":"product_cat","embeddable":true,"href":"https:\/\/medipeel.me\/sr\/wp-json\/wp\/v2\/product_cat?post=5015"},{"taxonomy":"product_tag","embeddable":true,"href":"https:\/\/medipeel.me\/sr\/wp-json\/wp\/v2\/product_tag?post=5015"}],"curies":[{"name":"wp","href":"https:\/\/api.w.org\/{rel}","templated":true}]}}