{"id":5007,"date":"2023-06-17T19:43:21","date_gmt":"2023-06-17T16:43:21","guid":{"rendered":"https:\/\/medipeel.me\/?post_type=product&#038;p=5007"},"modified":"2026-02-25T19:11:25","modified_gmt":"2026-02-25T18:11:25","slug":"medi-peel-cell-toxing-dermajours-repair-eye-cream2","status":"publish","type":"product","link":"https:\/\/medipeel.me\/sr\/\u043f\u0440\u043e\u0438\u0437\u0432\u043e\u0434\/medi-peel-cell-toxing-dermajours-repair-eye-cream2\/","title":{"rendered":"Medi-Peel Cell Toxing Dermajours Repair Eye Cream"},"content":{"rendered":"<p class=\"translation-block\">Koncentrovana krema za o\u010di sa kompleksom peptida Medi-Peel Cell Toxing Dermajours Repair Eye Cream ima izra\u017een efekat zatezanja i liftinga. Izgla\u0111uje bore smejalice i smanjuje izra\u017eenost dubljih bora, odr\u017eava gipkost i elasti\u010dnost ko\u017ee, ja\u010da turgor i usporava proces starenja. Krema ima o\u010dvr\u0161\u0107avaju\u0107e dejstvo, zagla\u0111uje bore ''gu\u0161\u010dije noge'' oko o\u010diju i ko\u017ene nabore, smanjuje vidljivost tamnih krugova ispod o\u010diju, zate\u017ee i pove\u0107ava elasti\u010dnost. Zahvaljuju\u0107i efektu podizanja, rezultat je primetan nakon nekoliko primena, ko\u017ea postaje zategnutija, elasti\u010dnija i dubina bora se smanjuje. \n<br>Ekstrakt mati\u010dnih \u0107elija edellwiss-a zate\u017ee opu\u0161tenu ko\u017eu vrata i obraza i zagla\u0111uje \"gu\u0161\u010dije noge\", \u0161titi od oksidativnog stresa (zaga\u0111enje vazduha, UV zra\u010denje), vra\u0107a ko\u017ei \u010dvrstinu, obnavljaju\u0107i proces mitohondrijske fisije. \u0160titi integritet ekstracelularnog matriksa i pospe\u0161uje  proizvodnju kolagena, stimuli\u0161e vitalnost odraslih mati\u010dnih \u0107elija ko\u017ee, \u0161titi od \u0107elijskog starenja. \n<br>Ekstrakt crnog kavijara jedna je od najmo\u0107nijih komponenti protiv starenja. Aktivira proizvodnju kolagena u ko\u017ei, \u010dija se koli\u010dina smanjuje sa godinama, vra\u0107aju\u0107i ko\u017ei elasti\u010dnost i \u010dvrsto\u0107u. Obezbe\u0111uje aktivnu ishranu i podmla\u0111ivanje ko\u017ee, izgla\u0111uje mimi\u010dke i starosne bore i ko\u017ene nabore, ja\u010da zidove sudova. Primena ekstrakta crnog kavijara u kozmeti\u010dkim proizvodima pre svega daje odli\u010dan lifting efekat. Kao rezultat se dobija zna\u010dajno zategnuta i podmla\u0111ena ko\u017ea. Kontura ovalnog lica postaje jasnija i ravnomernija, nestaju male bore, ten postaje prijatan i sve\u017e. \n<br>Ulje masline oboga\u0107eno je najva\u017enijim kiselinama (oleinska, linolna, palmitinska), kao i visokom koncentracijom vitamina A, D, E.Vitamin E ima sna\u017ean efekat protiv starenja, vitamin A hidrira i pove\u0107ava elasti\u010dnost ko\u017ee. Odli\u010dno hrani suvu i osetljivu ko\u017eu. Ubrzava regeneraciju, stimuli\u0161u\u0107i zarastanje rana. Izvor je antioksidanata, stimuli\u0161e \u0107elijske procese, le\u010di i podmla\u0111uje ko\u017eu. \n<br>Glutation je mo\u0107an antioksidans, bez premca u izjedna\u010davanju tona lica i uklanjanju stara\u010dkih pega. To je najbr\u017ea prirodna komponenta koja u kratkom vremenu re\u0161ava problemati\u010dne procese sa ko\u017eom, odr\u017eava je \u010distom i bistrom, daje joj blistav izgled. \n<br>Ekstrakt brokolija zasi\u0107uje ko\u017eu kompleksom vitamina, normalizuje hidrobalans ko\u017ee, ima detoksikaciona svojstva, daje \u010dvrstinu, pove\u0107ava barijerne funkcije ko\u017ee, \u0161tite\u0107i je od negativnih efekata okoline. \n<br>9 peptida smanjuje ve\u0107 postoje\u0107e bore i spre\u010dava pojavu novih, zate\u017ee ko\u017eu, intenzivno hidrira i pove\u0107ava otpornost ko\u017ee na brojne faktore starenja. Doprinose ja\u010danju turgora, pove\u0107avaju ukupni tonus ko\u017ee i aktiviraju sintezu sopstvenih kolagenskih i elastinskih vlakana. Peptidi igraju va\u017enu ulogu u obnavljanju normalnog funkcionisanja \u0107elija, imaju visoku antioksidativnu aktivnost, pa se ko\u017ea, kada je izlo\u017eena, podmla\u0111uje, a op\u0161te starenje usporava. \n<br>Pantenol (provitamin B5) reguli\u0161e najva\u017enije \u0107elijske procese u ko\u017ei, poma\u017ee u proizvodnji energije, revitalizuje i podmla\u0111uje ko\u017eu. Ima efikasan rezultat u le\u010denju potko\u017enih bubuljica i akni, poma\u017ee u suo\u010davanju sa suvo\u0107om i perutanjem, daje sposobnost ko\u017ei da se odupre agresivnim efektima okoline.<\/p>\n<p><strong>Na\u010din upotrebe:<\/strong> nanesite potrebnu koli\u010dinu proizvoda laganim tapkajuc\u0301im pokretima na podru\u010dje oko o\u010diju i nazolabijalne bore.<\/p>\n<hr \/>\n<div><em><strong><em>Sastojci:<\/em><\/strong> Purified water, butylene glycol, methyl propanediol, glycerin, olive oil, triethylhexanoin, cetearyl oliveate, 1,2-hexanediol, niacinamide, butylene glycol dicaprylate\/dicap Latex, sorbitan olivate, cetyl alcohol, sunflower seed oil, stearic acid, palmitic acid, babassu seed oil, simethicone, hydroxyethyl acrylate\/sodium acryloyldimethyltaurate copolymer, arginine, carbo Mer, sodium polyacrylate, trehalose, glyceryl glucoside, ethylhexyl glycerin, adenosine, sorbitan isostearate, disodium EDTA, malt extract, panthenol, propylene glycol, edelweiss callus culture extract, glutathione, fig extract, mulberry fruit extract, pomegranate extract, ginkgo extract, dipeptide diaminobutyroylbenzylamide diacetate, wheatgrass extract, broccoli extract, cabbage extract, alfalfa extract, caviar extract, radish seed extract, rapeseed extract, palmitoyl tripeptide-5, sodium high Alluronate, Locustius bark extract, Polysorbate 20, Lecithin, Copper Tripeptide-1, Tripeptide-1, Palmitoyl Pentapeptide-4, Nonapeptide-1, Acetyl Octapeptide-3, Acetyl Hexapeptide- 8, Hexapeptide-9, Palmitoyl Tetrapeptide-7, Palmitoyl Tripeptide-1, Fragrance<\/em><\/div>","protected":false},"excerpt":{"rendered":"<p>Koncentrovana krema za o\u010di sa peptidnim kompleksom i mati\u010dnim c\u0301elijama. 30ml<\/p>","protected":false},"featured_media":5008,"template":"","meta":{"_uag_custom_page_level_css":""},"product_brand":[],"product_cat":[255,256,374,257,307,301,310],"product_tag":[320],"class_list":{"0":"post-5007","1":"product","2":"type-product","3":"status-publish","4":"has-post-thumbnail","6":"product_cat-antiage","7":"product_cat-eyecare","8":"product_cat-matureskin","9":"product_cat-eyecream","10":"product_cat-lifting","11":"product_cat-nutrition","12":"product_cat-bestsellers","13":"product_tag-cell-toxing","14":"post-item","16":"first","17":"instock","18":"shipping-taxable","19":"purchasable","20":"product-type-simple"},"yoast_head":"<!-- This site is optimized with the Yoast SEO Premium plugin v27.2 (Yoast SEO v27.2) - https:\/\/yoast.com\/product\/yoast-seo-premium-wordpress\/ -->\n<title>Medi-Peel Cell Toxing Dermajours Repair Eye Cream - Medi-Peel Montenegro<\/title>\n<meta name=\"robots\" content=\"index, follow, max-snippet:-1, max-image-preview:large, max-video-preview:-1\" \/>\n<link rel=\"canonical\" href=\"https:\/\/medipeel.me\/sr\/\u043f\u0440\u043e\u0438\u0437\u0432\u043e\u0434\/medi-peel-cell-toxing-dermajours-repair-eye-cream2\/\" \/>\n<meta property=\"og:locale\" content=\"sr_RS\" \/>\n<meta property=\"og:type\" content=\"article\" \/>\n<meta property=\"og:title\" content=\"Medi-Peel Cell Toxing Dermajours Repair Eye Cream\" \/>\n<meta property=\"og:description\" content=\"\u041a\u043e\u043d\u0446\u0435\u043d\u0442\u0440\u0438\u0440\u043e\u0432\u0430\u043d\u043d\u044b\u0439 \u043a\u0440\u0435\u043c \u0434\u043b\u044f \u0432\u0435\u043a \u0441 \u043a\u043e\u043c\u043f\u043b\u0435\u043a\u0441\u043e\u043c \u043f\u0435\u043f\u0442\u0438\u0434\u043e\u0432 \u0438 \u0441\u0442\u0432\u043e\u043b\u043e\u0432\u044b\u043c\u0438 \u043a\u043b\u0435\u0442\u043a\u0430\u043c\u0438. 30 ml\" \/>\n<meta property=\"og:url\" content=\"https:\/\/medipeel.me\/sr\/\u043f\u0440\u043e\u0438\u0437\u0432\u043e\u0434\/medi-peel-cell-toxing-dermajours-repair-eye-cream2\/\" \/>\n<meta property=\"og:site_name\" content=\"Medi-Peel Montenegro\" \/>\n<meta property=\"article:publisher\" content=\"https:\/\/www.facebook.com\/medipeel.montenegro.serbia\/\" \/>\n<meta property=\"article:modified_time\" content=\"2026-02-25T18:11:25+00:00\" \/>\n<meta property=\"og:image\" content=\"https:\/\/medipeel.me\/wp-content\/uploads\/2023\/06\/Dermajours-Repair-Eye-Cream.jpg\" \/>\n\t<meta property=\"og:image:width\" content=\"1000\" \/>\n\t<meta property=\"og:image:height\" content=\"1000\" \/>\n\t<meta property=\"og:image:type\" content=\"image\/jpeg\" \/>\n<script type=\"application\/ld+json\" class=\"yoast-schema-graph\">{\"@context\":\"https:\/\/schema.org\",\"@graph\":[{\"@type\":\"WebPage\",\"@id\":\"https:\/\/medipeel.me\/product\/medi-peel-cell-toxing-dermajours-repair-eye-cream2\/\",\"url\":\"https:\/\/medipeel.me\/product\/medi-peel-cell-toxing-dermajours-repair-eye-cream2\/\",\"name\":\"Medi-Peel Cell Toxing Dermajours Repair Eye Cream - Medi-Peel Montenegro\",\"isPartOf\":{\"@id\":\"https:\/\/medipeel.me\/sr\/#website\"},\"primaryImageOfPage\":{\"@id\":\"https:\/\/medipeel.me\/product\/medi-peel-cell-toxing-dermajours-repair-eye-cream2\/#primaryimage\"},\"image\":{\"@id\":\"https:\/\/medipeel.me\/product\/medi-peel-cell-toxing-dermajours-repair-eye-cream2\/#primaryimage\"},\"thumbnailUrl\":\"https:\/\/medipeel.me\/wp-content\/uploads\/2023\/06\/Dermajours-Repair-Eye-Cream.jpg\",\"datePublished\":\"2023-06-17T16:43:21+00:00\",\"dateModified\":\"2026-02-25T18:11:25+00:00\",\"breadcrumb\":{\"@id\":\"https:\/\/medipeel.me\/product\/medi-peel-cell-toxing-dermajours-repair-eye-cream2\/#breadcrumb\"},\"inLanguage\":\"sr-RS\",\"potentialAction\":[{\"@type\":\"ReadAction\",\"target\":[\"https:\/\/medipeel.me\/product\/medi-peel-cell-toxing-dermajours-repair-eye-cream2\/\"]}]},{\"@type\":\"ImageObject\",\"inLanguage\":\"sr-RS\",\"@id\":\"https:\/\/medipeel.me\/product\/medi-peel-cell-toxing-dermajours-repair-eye-cream2\/#primaryimage\",\"url\":\"https:\/\/medipeel.me\/wp-content\/uploads\/2023\/06\/Dermajours-Repair-Eye-Cream.jpg\",\"contentUrl\":\"https:\/\/medipeel.me\/wp-content\/uploads\/2023\/06\/Dermajours-Repair-Eye-Cream.jpg\",\"width\":1000,\"height\":1000},{\"@type\":\"BreadcrumbList\",\"@id\":\"https:\/\/medipeel.me\/product\/medi-peel-cell-toxing-dermajours-repair-eye-cream2\/#breadcrumb\",\"itemListElement\":[{\"@type\":\"ListItem\",\"position\":1,\"name\":\"\u0413\u043b\u0430\u0432\u043d\u0430\u044f \u0441\u0442\u0440\u0430\u043d\u0438\u0446\u0430\",\"item\":\"https:\/\/medipeel.me\/\"},{\"@type\":\"ListItem\",\"position\":2,\"name\":\"\u041a\u0430\u0442\u0430\u043b\u043e\u0433\",\"item\":\"https:\/\/medipeel.me\/\"},{\"@type\":\"ListItem\",\"position\":3,\"name\":\"Medi-Peel Cell Toxing Dermajours Repair Eye Cream\"}]},{\"@type\":\"WebSite\",\"@id\":\"https:\/\/medipeel.me\/sr\/#website\",\"url\":\"https:\/\/medipeel.me\/sr\/\",\"name\":\"Medi-Peel Montenegro\",\"description\":\"Ekskluzivni zastupnik MEDI-PEEL za Crnu Goru\",\"publisher\":{\"@id\":\"https:\/\/medipeel.me\/sr\/#organization\"},\"potentialAction\":[{\"@type\":\"SearchAction\",\"target\":{\"@type\":\"EntryPoint\",\"urlTemplate\":\"https:\/\/medipeel.me\/sr\/?s={search_term_string}\"},\"query-input\":{\"@type\":\"PropertyValueSpecification\",\"valueRequired\":true,\"valueName\":\"search_term_string\"}}],\"inLanguage\":\"sr-RS\"},{\"@type\":\"Organization\",\"@id\":\"https:\/\/medipeel.me\/sr\/#organization\",\"name\":\"MEDII-PEEL\",\"url\":\"https:\/\/medipeel.me\/sr\/\",\"logo\":{\"@type\":\"ImageObject\",\"inLanguage\":\"sr-RS\",\"@id\":\"https:\/\/medipeel.me\/sr\/#\/schema\/logo\/image\/\",\"url\":\"https:\/\/medipeel.me\/wp-content\/uploads\/2021\/10\/Logo-MediPeel-Mne.jpg\",\"contentUrl\":\"https:\/\/medipeel.me\/wp-content\/uploads\/2021\/10\/Logo-MediPeel-Mne.jpg\",\"width\":288,\"height\":288,\"caption\":\"MEDII-PEEL\"},\"image\":{\"@id\":\"https:\/\/medipeel.me\/sr\/#\/schema\/logo\/image\/\"},\"sameAs\":[\"https:\/\/www.facebook.com\/medipeel.montenegro.serbia\/\"]}]}<\/script>\n<!-- \/ Yoast SEO Premium plugin. -->","yoast_head_json":{"title":"Medi-Peel Cell Toxing Dermajours Repair Eye Cream - Medi-Peel Montenegro","robots":{"index":"index","follow":"follow","max-snippet":"max-snippet:-1","max-image-preview":"max-image-preview:large","max-video-preview":"max-video-preview:-1"},"canonical":"https:\/\/medipeel.me\/sr\/\u043f\u0440\u043e\u0438\u0437\u0432\u043e\u0434\/medi-peel-cell-toxing-dermajours-repair-eye-cream2\/","og_locale":"sr_RS","og_type":"article","og_title":"Medi-Peel Cell Toxing Dermajours Repair Eye Cream","og_description":"\u041a\u043e\u043d\u0446\u0435\u043d\u0442\u0440\u0438\u0440\u043e\u0432\u0430\u043d\u043d\u044b\u0439 \u043a\u0440\u0435\u043c \u0434\u043b\u044f \u0432\u0435\u043a \u0441 \u043a\u043e\u043c\u043f\u043b\u0435\u043a\u0441\u043e\u043c \u043f\u0435\u043f\u0442\u0438\u0434\u043e\u0432 \u0438 \u0441\u0442\u0432\u043e\u043b\u043e\u0432\u044b\u043c\u0438 \u043a\u043b\u0435\u0442\u043a\u0430\u043c\u0438. 30 ml","og_url":"https:\/\/medipeel.me\/sr\/\u043f\u0440\u043e\u0438\u0437\u0432\u043e\u0434\/medi-peel-cell-toxing-dermajours-repair-eye-cream2\/","og_site_name":"Medi-Peel Montenegro","article_publisher":"https:\/\/www.facebook.com\/medipeel.montenegro.serbia\/","article_modified_time":"2026-02-25T18:11:25+00:00","og_image":[{"width":1000,"height":1000,"url":"https:\/\/medipeel.me\/wp-content\/uploads\/2023\/06\/Dermajours-Repair-Eye-Cream.jpg","type":"image\/jpeg"}],"schema":{"@context":"https:\/\/schema.org","@graph":[{"@type":"WebPage","@id":"https:\/\/medipeel.me\/product\/medi-peel-cell-toxing-dermajours-repair-eye-cream2\/","url":"https:\/\/medipeel.me\/product\/medi-peel-cell-toxing-dermajours-repair-eye-cream2\/","name":"Medi-Peel Cell Toxing Dermajours Repair Eye Cream - Medi-Peel Montenegro","isPartOf":{"@id":"https:\/\/medipeel.me\/sr\/#website"},"primaryImageOfPage":{"@id":"https:\/\/medipeel.me\/product\/medi-peel-cell-toxing-dermajours-repair-eye-cream2\/#primaryimage"},"image":{"@id":"https:\/\/medipeel.me\/product\/medi-peel-cell-toxing-dermajours-repair-eye-cream2\/#primaryimage"},"thumbnailUrl":"https:\/\/medipeel.me\/wp-content\/uploads\/2023\/06\/Dermajours-Repair-Eye-Cream.jpg","datePublished":"2023-06-17T16:43:21+00:00","dateModified":"2026-02-25T18:11:25+00:00","breadcrumb":{"@id":"https:\/\/medipeel.me\/product\/medi-peel-cell-toxing-dermajours-repair-eye-cream2\/#breadcrumb"},"inLanguage":"sr-RS","potentialAction":[{"@type":"ReadAction","target":["https:\/\/medipeel.me\/product\/medi-peel-cell-toxing-dermajours-repair-eye-cream2\/"]}]},{"@type":"ImageObject","inLanguage":"sr-RS","@id":"https:\/\/medipeel.me\/product\/medi-peel-cell-toxing-dermajours-repair-eye-cream2\/#primaryimage","url":"https:\/\/medipeel.me\/wp-content\/uploads\/2023\/06\/Dermajours-Repair-Eye-Cream.jpg","contentUrl":"https:\/\/medipeel.me\/wp-content\/uploads\/2023\/06\/Dermajours-Repair-Eye-Cream.jpg","width":1000,"height":1000},{"@type":"BreadcrumbList","@id":"https:\/\/medipeel.me\/product\/medi-peel-cell-toxing-dermajours-repair-eye-cream2\/#breadcrumb","itemListElement":[{"@type":"ListItem","position":1,"name":"\u0413\u043b\u0430\u0432\u043d\u0430\u044f \u0441\u0442\u0440\u0430\u043d\u0438\u0446\u0430","item":"https:\/\/medipeel.me\/"},{"@type":"ListItem","position":2,"name":"\u041a\u0430\u0442\u0430\u043b\u043e\u0433","item":"https:\/\/medipeel.me\/"},{"@type":"ListItem","position":3,"name":"Medi-Peel Cell Toxing Dermajours Repair Eye Cream"}]},{"@type":"WebSite","@id":"https:\/\/medipeel.me\/sr\/#website","url":"https:\/\/medipeel.me\/sr\/","name":"Medi-Peel Montenegro","description":"Ekskluzivni zastupnik MEDI-PEEL za Crnu Goru","publisher":{"@id":"https:\/\/medipeel.me\/sr\/#organization"},"potentialAction":[{"@type":"SearchAction","target":{"@type":"EntryPoint","urlTemplate":"https:\/\/medipeel.me\/sr\/?s={search_term_string}"},"query-input":{"@type":"PropertyValueSpecification","valueRequired":true,"valueName":"search_term_string"}}],"inLanguage":"sr-RS"},{"@type":"Organization","@id":"https:\/\/medipeel.me\/sr\/#organization","name":"MEDII-PEEL","url":"https:\/\/medipeel.me\/sr\/","logo":{"@type":"ImageObject","inLanguage":"sr-RS","@id":"https:\/\/medipeel.me\/sr\/#\/schema\/logo\/image\/","url":"https:\/\/medipeel.me\/wp-content\/uploads\/2021\/10\/Logo-MediPeel-Mne.jpg","contentUrl":"https:\/\/medipeel.me\/wp-content\/uploads\/2021\/10\/Logo-MediPeel-Mne.jpg","width":288,"height":288,"caption":"MEDII-PEEL"},"image":{"@id":"https:\/\/medipeel.me\/sr\/#\/schema\/logo\/image\/"},"sameAs":["https:\/\/www.facebook.com\/medipeel.montenegro.serbia\/"]}]}},"uagb_featured_image_src":{"full":["https:\/\/medipeel.me\/wp-content\/uploads\/2023\/06\/Dermajours-Repair-Eye-Cream.jpg",1000,1000,false],"thumbnail":["https:\/\/medipeel.me\/wp-content\/uploads\/2023\/06\/Dermajours-Repair-Eye-Cream-150x150.jpg",150,150,true],"medium":["https:\/\/medipeel.me\/wp-content\/uploads\/2023\/06\/Dermajours-Repair-Eye-Cream-300x300.jpg",300,300,true],"medium_large":["https:\/\/medipeel.me\/wp-content\/uploads\/2023\/06\/Dermajours-Repair-Eye-Cream-768x768.jpg",768,768,true],"large":["https:\/\/medipeel.me\/wp-content\/uploads\/2023\/06\/Dermajours-Repair-Eye-Cream.jpg",1000,1000,false],"1536x1536":["https:\/\/medipeel.me\/wp-content\/uploads\/2023\/06\/Dermajours-Repair-Eye-Cream.jpg",1000,1000,false],"2048x2048":["https:\/\/medipeel.me\/wp-content\/uploads\/2023\/06\/Dermajours-Repair-Eye-Cream.jpg",1000,1000,false],"trp-custom-language-flag":["https:\/\/medipeel.me\/wp-content\/uploads\/2023\/06\/Dermajours-Repair-Eye-Cream-12x12.jpg",12,12,true],"vcmegaposts-masonry":["https:\/\/medipeel.me\/wp-content\/uploads\/2023\/06\/Dermajours-Repair-Eye-Cream-500x500.jpg",500,500,true],"vcmegaposts-normal":["https:\/\/medipeel.me\/wp-content\/uploads\/2023\/06\/Dermajours-Repair-Eye-Cream-800x800.jpg",800,800,true],"vcmegaposts-type1":["https:\/\/medipeel.me\/wp-content\/uploads\/2023\/06\/Dermajours-Repair-Eye-Cream-800x500.jpg",800,500,true],"woocommerce_thumbnail":["https:\/\/medipeel.me\/wp-content\/uploads\/2023\/06\/Dermajours-Repair-Eye-Cream-450x600.jpg",450,600,true],"woocommerce_single":["https:\/\/medipeel.me\/wp-content\/uploads\/2023\/06\/Dermajours-Repair-Eye-Cream-600x600.jpg",600,600,true],"woocommerce_gallery_thumbnail":["https:\/\/medipeel.me\/wp-content\/uploads\/2023\/06\/Dermajours-Repair-Eye-Cream-100x100.jpg",100,100,true]},"uagb_author_info":{"display_name":"Medi-Peel","author_link":"https:\/\/medipeel.me\/sr\/author\/"},"uagb_comment_info":0,"uagb_excerpt":"\u041a\u043e\u043d\u0446\u0435\u043d\u0442\u0440\u0438\u0440\u043e\u0432\u0430\u043d\u043d\u044b\u0439 \u043a\u0440\u0435\u043c \u0434\u043b\u044f \u0432\u0435\u043a \u0441 \u043a\u043e\u043c\u043f\u043b\u0435\u043a\u0441\u043e\u043c \u043f\u0435\u043f\u0442\u0438\u0434\u043e\u0432 \u0438 \u0441\u0442\u0432\u043e\u043b\u043e\u0432\u044b\u043c\u0438 \u043a\u043b\u0435\u0442\u043a\u0430\u043c\u0438. 30 ml","jetpack_sharing_enabled":true,"_links":{"self":[{"href":"https:\/\/medipeel.me\/sr\/wp-json\/wp\/v2\/product\/5007","targetHints":{"allow":["GET"]}}],"collection":[{"href":"https:\/\/medipeel.me\/sr\/wp-json\/wp\/v2\/product"}],"about":[{"href":"https:\/\/medipeel.me\/sr\/wp-json\/wp\/v2\/types\/product"}],"wp:featuredmedia":[{"embeddable":true,"href":"https:\/\/medipeel.me\/sr\/wp-json\/wp\/v2\/media\/5008"}],"wp:attachment":[{"href":"https:\/\/medipeel.me\/sr\/wp-json\/wp\/v2\/media?parent=5007"}],"wp:term":[{"taxonomy":"product_brand","embeddable":true,"href":"https:\/\/medipeel.me\/sr\/wp-json\/wp\/v2\/product_brand?post=5007"},{"taxonomy":"product_cat","embeddable":true,"href":"https:\/\/medipeel.me\/sr\/wp-json\/wp\/v2\/product_cat?post=5007"},{"taxonomy":"product_tag","embeddable":true,"href":"https:\/\/medipeel.me\/sr\/wp-json\/wp\/v2\/product_tag?post=5007"}],"curies":[{"name":"wp","href":"https:\/\/api.w.org\/{rel}","templated":true}]}}