{"id":4785,"date":"2023-02-21T22:27:03","date_gmt":"2023-02-21T19:27:03","guid":{"rendered":"https:\/\/medipeel.me\/?post_type=product&#038;p=4785"},"modified":"2026-01-18T21:09:05","modified_gmt":"2026-01-18T20:09:05","slug":"medi-peel-red-lacto-collagen-pore-lifting-mask","status":"publish","type":"product","link":"https:\/\/medipeel.me\/sr\/\u043f\u0440\u043e\u0438\u0437\u0432\u043e\u0434\/medi-peel-red-lacto-collagen-pore-lifting-mask\/","title":{"rendered":"Medi-Peel Red Lacto Collagen Pore Lifting Mask"},"content":{"rendered":"<p class=\"translation-block\">Maska u maramici za lifting pora sa kolagenom Medi-Peel Red Lacto Collagen Pore Lifting Mask pru\u017ea efekat zatezanja ko\u017ee, smanjuje dubinu pora i \u010dini ih manje vidljivim, daju\u0107i ko\u017ei gladak reljef i ujedna\u010denu teksturu.\nPove\u0107ava elasti\u010dnost i \u010dvrstinu ko\u017ee.\nStimuli\u0161e proizvodnju sopstvenog kolagena i intenzivno hidrira, usporavaju\u0107i pojavu prvih znakova starenja.<br>\n\nTanka tkanina maske izra\u0111ena je od tensela \u2013 ekolo\u0161kog materijala na bazi eukaliptusa koji \u010dvrsto prijanja uz ko\u017eu.\nIma antioksidativno dejstvo i usporava proces starenja.\nZagla\u0111uje i omek\u0161ava grublje delove ko\u017ee.<br>\n\n<i>Kolagen<\/i> u sastavu prodire duboko u epiderm zahvaljuju\u0107i niskoj molekulskoj masi od 300 Da, intenzivno hidrira i obnavlja, zagla\u0111uje i ja\u010da ko\u017eu, smanjuje izra\u017eenost bora.<br>\n\n<i>Tannin\u2122<\/i> (ekstrakti hurme, gro\u017e\u0111a, kafe, \u0161afrana, rododendrona, zelenog \u010daja, crvenog \u0161aflora i hrizanteme) je biljni kompleks koji ubla\u017eava svrab, iritaciju i perutanje, ima adstringentno i antioksidativno dejstvo, su\u017eava pore.<br>\n\n<i>Anti Sebum P\u2122<\/i> je biljni kompleks od ekstrakata bora, brijesta, no\u0107urka i puerarije.\nKompleks reguli\u0161e prekomerno lu\u010denje sebuma, normalizuje masno\u0107u ko\u017ee i elimini\u0161e masni sjaj.<br>\n\n<i>Fermenti laktobacila<\/i> (1.000 ppm) podr\u017eavaju prirodnu mikrofloru ko\u017ee, pobolj\u0161avaju strukturu kolagena i elasti\u010dnost ko\u017ee.\nImaju efekat posvetljavanja i ubla\u017eavaju pigmentacije.<br>\n\n<i>Aminokiseline<\/i> obnavljaju tkiva epiderma, ja\u010daju vlakna i \u010dine ko\u017eu gu\u0161\u0107om i otpornijom.\nOdr\u017eavaju integritet ko\u017ee i pobolj\u0161avaju elasti\u010dnost.<br>\n\n<i>Natrijum hijaluronat<\/i> \u2013 oblik hijaluronske kiseline sa niskom molekulskom masom, duboko hidrira, pobolj\u0161ava elasti\u010dnost i glatko\u0107u ko\u017ee.<br>\n\nPreporu\u010duje se za kombinovanu i masnu ko\u017eu.<\/p>\n<p><strong>Na\u010din upotrebe:<\/strong> O\u010distite ko\u017eu, nanesite tonik, zatim nanesite masku na lice i ostavite da deluje 20-30 minuta. Preostalu esenciju ne\u017eno umasirajte u ko\u017eu lica, vrata i dekoltea.<\/p>\n<hr \/>\n<p><em><strong><em>Sastojci:<\/em><\/strong> Purified Water, Collagen Extract (2,060 ppm), Glycerin, Niacinamide, Dipropylene Glycol, 1,2-Hexanediol, Butylene Glycol, Lactobacillus Ferment (1,000 ppm), Persimmon Leaf Extract, Grape Extract, European Pear Extract, Rosebay Willowherb Extract, Coffee Bean Extract, Chinese Peony Root Extract, Green Tea Extract, Chestnut Shell Extract, Zanthoxylum Extract, Western Buckthorn Leaf\/Stem Extract, Apple Extract, Beach Strawberry Extract, Lavender Flower Extract, Chamomile Flower Extract, Borage Extract, Cornflower Flower Extract, Clary Sage Extract, Hyacinth Flower Extract, Evening Primrose Extract, Alnus Japonica Root Extract, Yew Leaf Extract, Arrowroot Root Extract, Hydrolyzed Collagen (100 ppm), Sodium Hyaluronate, Arginine, Glycine, Serine, Glutamic Acid, Aspartic Acid, Leucine, Alanine, Lysine, Tyrosine, Phenylalanine, Valine, Threonine, Proline, Isoleucine, Histidine, Methionine, Cysteine, Betaine, Adenosine, Allantoin, Hydroxyethylcellulose, Carbomer, Xanthan Gum, Disodium EDTA, Ethylhexylglycerin.<\/em><\/p>","protected":false},"excerpt":{"rendered":"<p>Lifting maska sa kolagenom za su\u017eavanje pora. 30ml<\/p>","protected":false},"featured_media":4786,"template":"","meta":{"_uag_custom_page_level_css":""},"product_brand":[],"product_cat":[255,364,365,307,347,264,359,344,260],"product_tag":[308],"class_list":{"0":"post-4785","1":"product","2":"type-product","3":"status-publish","4":"has-post-thumbnail","6":"product_cat-antiage","7":"product_cat-oilyskin","8":"product_cat-combinationskin","9":"product_cat-lifting","10":"product_cat-liftingmask","11":"product_cat-masks","12":"product_cat-pore","13":"product_cat-sheetmask","14":"product_cat-hidratation","15":"product_tag-red-lacto-collagen-series","16":"post-item","18":"first","19":"instock","20":"shipping-taxable","21":"purchasable","22":"product-type-simple"},"yoast_head":"<!-- This site is optimized with the Yoast SEO Premium plugin v27.2 (Yoast SEO v27.2) - https:\/\/yoast.com\/product\/yoast-seo-premium-wordpress\/ -->\n<title>Medi-Peel Red Lacto Collagen Pore Lifting Mask - Medi-Peel Montenegro<\/title>\n<meta name=\"robots\" content=\"index, follow, max-snippet:-1, max-image-preview:large, max-video-preview:-1\" \/>\n<link rel=\"canonical\" href=\"https:\/\/medipeel.me\/sr\/\u043f\u0440\u043e\u0438\u0437\u0432\u043e\u0434\/medi-peel-red-lacto-collagen-pore-lifting-mask\/\" \/>\n<meta property=\"og:locale\" content=\"sr_RS\" \/>\n<meta property=\"og:type\" content=\"article\" \/>\n<meta property=\"og:title\" content=\"Medi-Peel Red Lacto Collagen Pore Lifting Mask\" \/>\n<meta property=\"og:description\" content=\"\u0422\u043a\u0430\u043d\u0435\u0432\u0430\u044f \u043b\u0438\u0444\u0442\u0438\u043d\u0433-\u043c\u0430\u0441\u043a\u0430 \u0441 \u043a\u043e\u043b\u043b\u0430\u0433\u0435\u043d\u043e\u043c \u0434\u043b\u044f \u0441\u0443\u0436\u0435\u043d\u0438\u044f \u043f\u043e\u0440. 30ml\" \/>\n<meta property=\"og:url\" content=\"https:\/\/medipeel.me\/sr\/\u043f\u0440\u043e\u0438\u0437\u0432\u043e\u0434\/medi-peel-red-lacto-collagen-pore-lifting-mask\/\" \/>\n<meta property=\"og:site_name\" content=\"Medi-Peel Montenegro\" \/>\n<meta property=\"article:publisher\" content=\"https:\/\/www.facebook.com\/medipeel.montenegro.serbia\/\" \/>\n<meta property=\"article:modified_time\" content=\"2026-01-18T20:09:05+00:00\" \/>\n<meta property=\"og:image\" content=\"https:\/\/medipeel.me\/wp-content\/uploads\/2023\/02\/MEDI-PEEL-Red-Lacto-Collagen-Pore-Lifting-Mask.jpg\" \/>\n\t<meta property=\"og:image:width\" content=\"1200\" \/>\n\t<meta property=\"og:image:height\" content=\"1200\" \/>\n\t<meta property=\"og:image:type\" content=\"image\/jpeg\" \/>\n<script type=\"application\/ld+json\" class=\"yoast-schema-graph\">{\"@context\":\"https:\/\/schema.org\",\"@graph\":[{\"@type\":\"WebPage\",\"@id\":\"https:\/\/medipeel.me\/product\/medi-peel-red-lacto-collagen-pore-lifting-mask\/\",\"url\":\"https:\/\/medipeel.me\/product\/medi-peel-red-lacto-collagen-pore-lifting-mask\/\",\"name\":\"Medi-Peel Red Lacto Collagen Pore Lifting Mask - Medi-Peel Montenegro\",\"isPartOf\":{\"@id\":\"https:\/\/medipeel.me\/sr\/#website\"},\"primaryImageOfPage\":{\"@id\":\"https:\/\/medipeel.me\/product\/medi-peel-red-lacto-collagen-pore-lifting-mask\/#primaryimage\"},\"image\":{\"@id\":\"https:\/\/medipeel.me\/product\/medi-peel-red-lacto-collagen-pore-lifting-mask\/#primaryimage\"},\"thumbnailUrl\":\"https:\/\/medipeel.me\/wp-content\/uploads\/2023\/02\/MEDI-PEEL-Red-Lacto-Collagen-Pore-Lifting-Mask.jpg\",\"datePublished\":\"2023-02-21T19:27:03+00:00\",\"dateModified\":\"2026-01-18T20:09:05+00:00\",\"breadcrumb\":{\"@id\":\"https:\/\/medipeel.me\/product\/medi-peel-red-lacto-collagen-pore-lifting-mask\/#breadcrumb\"},\"inLanguage\":\"sr-RS\",\"potentialAction\":[{\"@type\":\"ReadAction\",\"target\":[\"https:\/\/medipeel.me\/product\/medi-peel-red-lacto-collagen-pore-lifting-mask\/\"]}]},{\"@type\":\"ImageObject\",\"inLanguage\":\"sr-RS\",\"@id\":\"https:\/\/medipeel.me\/product\/medi-peel-red-lacto-collagen-pore-lifting-mask\/#primaryimage\",\"url\":\"https:\/\/medipeel.me\/wp-content\/uploads\/2023\/02\/MEDI-PEEL-Red-Lacto-Collagen-Pore-Lifting-Mask.jpg\",\"contentUrl\":\"https:\/\/medipeel.me\/wp-content\/uploads\/2023\/02\/MEDI-PEEL-Red-Lacto-Collagen-Pore-Lifting-Mask.jpg\",\"width\":1200,\"height\":1200},{\"@type\":\"BreadcrumbList\",\"@id\":\"https:\/\/medipeel.me\/product\/medi-peel-red-lacto-collagen-pore-lifting-mask\/#breadcrumb\",\"itemListElement\":[{\"@type\":\"ListItem\",\"position\":1,\"name\":\"\u0413\u043b\u0430\u0432\u043d\u0430\u044f \u0441\u0442\u0440\u0430\u043d\u0438\u0446\u0430\",\"item\":\"https:\/\/medipeel.me\/\"},{\"@type\":\"ListItem\",\"position\":2,\"name\":\"\u041a\u0430\u0442\u0430\u043b\u043e\u0433\",\"item\":\"https:\/\/medipeel.me\/\"},{\"@type\":\"ListItem\",\"position\":3,\"name\":\"Medi-Peel Red Lacto Collagen Pore Lifting Mask\"}]},{\"@type\":\"WebSite\",\"@id\":\"https:\/\/medipeel.me\/sr\/#website\",\"url\":\"https:\/\/medipeel.me\/sr\/\",\"name\":\"Medi-Peel Montenegro\",\"description\":\"Ekskluzivni zastupnik MEDI-PEEL za Crnu Goru\",\"publisher\":{\"@id\":\"https:\/\/medipeel.me\/sr\/#organization\"},\"potentialAction\":[{\"@type\":\"SearchAction\",\"target\":{\"@type\":\"EntryPoint\",\"urlTemplate\":\"https:\/\/medipeel.me\/sr\/?s={search_term_string}\"},\"query-input\":{\"@type\":\"PropertyValueSpecification\",\"valueRequired\":true,\"valueName\":\"search_term_string\"}}],\"inLanguage\":\"sr-RS\"},{\"@type\":\"Organization\",\"@id\":\"https:\/\/medipeel.me\/sr\/#organization\",\"name\":\"MEDII-PEEL\",\"url\":\"https:\/\/medipeel.me\/sr\/\",\"logo\":{\"@type\":\"ImageObject\",\"inLanguage\":\"sr-RS\",\"@id\":\"https:\/\/medipeel.me\/sr\/#\/schema\/logo\/image\/\",\"url\":\"https:\/\/medipeel.me\/wp-content\/uploads\/2021\/10\/Logo-MediPeel-Mne.jpg\",\"contentUrl\":\"https:\/\/medipeel.me\/wp-content\/uploads\/2021\/10\/Logo-MediPeel-Mne.jpg\",\"width\":288,\"height\":288,\"caption\":\"MEDII-PEEL\"},\"image\":{\"@id\":\"https:\/\/medipeel.me\/sr\/#\/schema\/logo\/image\/\"},\"sameAs\":[\"https:\/\/www.facebook.com\/medipeel.montenegro.serbia\/\"]}]}<\/script>\n<!-- \/ Yoast SEO Premium plugin. -->","yoast_head_json":{"title":"Medi-Peel Red Lacto Collagen Pore Lifting Mask - Medi-Peel Montenegro","robots":{"index":"index","follow":"follow","max-snippet":"max-snippet:-1","max-image-preview":"max-image-preview:large","max-video-preview":"max-video-preview:-1"},"canonical":"https:\/\/medipeel.me\/sr\/\u043f\u0440\u043e\u0438\u0437\u0432\u043e\u0434\/medi-peel-red-lacto-collagen-pore-lifting-mask\/","og_locale":"sr_RS","og_type":"article","og_title":"Medi-Peel Red Lacto Collagen Pore Lifting Mask","og_description":"\u0422\u043a\u0430\u043d\u0435\u0432\u0430\u044f \u043b\u0438\u0444\u0442\u0438\u043d\u0433-\u043c\u0430\u0441\u043a\u0430 \u0441 \u043a\u043e\u043b\u043b\u0430\u0433\u0435\u043d\u043e\u043c \u0434\u043b\u044f \u0441\u0443\u0436\u0435\u043d\u0438\u044f \u043f\u043e\u0440. 30ml","og_url":"https:\/\/medipeel.me\/sr\/\u043f\u0440\u043e\u0438\u0437\u0432\u043e\u0434\/medi-peel-red-lacto-collagen-pore-lifting-mask\/","og_site_name":"Medi-Peel Montenegro","article_publisher":"https:\/\/www.facebook.com\/medipeel.montenegro.serbia\/","article_modified_time":"2026-01-18T20:09:05+00:00","og_image":[{"width":1200,"height":1200,"url":"https:\/\/medipeel.me\/wp-content\/uploads\/2023\/02\/MEDI-PEEL-Red-Lacto-Collagen-Pore-Lifting-Mask.jpg","type":"image\/jpeg"}],"schema":{"@context":"https:\/\/schema.org","@graph":[{"@type":"WebPage","@id":"https:\/\/medipeel.me\/product\/medi-peel-red-lacto-collagen-pore-lifting-mask\/","url":"https:\/\/medipeel.me\/product\/medi-peel-red-lacto-collagen-pore-lifting-mask\/","name":"Medi-Peel Red Lacto Collagen Pore Lifting Mask - Medi-Peel Montenegro","isPartOf":{"@id":"https:\/\/medipeel.me\/sr\/#website"},"primaryImageOfPage":{"@id":"https:\/\/medipeel.me\/product\/medi-peel-red-lacto-collagen-pore-lifting-mask\/#primaryimage"},"image":{"@id":"https:\/\/medipeel.me\/product\/medi-peel-red-lacto-collagen-pore-lifting-mask\/#primaryimage"},"thumbnailUrl":"https:\/\/medipeel.me\/wp-content\/uploads\/2023\/02\/MEDI-PEEL-Red-Lacto-Collagen-Pore-Lifting-Mask.jpg","datePublished":"2023-02-21T19:27:03+00:00","dateModified":"2026-01-18T20:09:05+00:00","breadcrumb":{"@id":"https:\/\/medipeel.me\/product\/medi-peel-red-lacto-collagen-pore-lifting-mask\/#breadcrumb"},"inLanguage":"sr-RS","potentialAction":[{"@type":"ReadAction","target":["https:\/\/medipeel.me\/product\/medi-peel-red-lacto-collagen-pore-lifting-mask\/"]}]},{"@type":"ImageObject","inLanguage":"sr-RS","@id":"https:\/\/medipeel.me\/product\/medi-peel-red-lacto-collagen-pore-lifting-mask\/#primaryimage","url":"https:\/\/medipeel.me\/wp-content\/uploads\/2023\/02\/MEDI-PEEL-Red-Lacto-Collagen-Pore-Lifting-Mask.jpg","contentUrl":"https:\/\/medipeel.me\/wp-content\/uploads\/2023\/02\/MEDI-PEEL-Red-Lacto-Collagen-Pore-Lifting-Mask.jpg","width":1200,"height":1200},{"@type":"BreadcrumbList","@id":"https:\/\/medipeel.me\/product\/medi-peel-red-lacto-collagen-pore-lifting-mask\/#breadcrumb","itemListElement":[{"@type":"ListItem","position":1,"name":"\u0413\u043b\u0430\u0432\u043d\u0430\u044f \u0441\u0442\u0440\u0430\u043d\u0438\u0446\u0430","item":"https:\/\/medipeel.me\/"},{"@type":"ListItem","position":2,"name":"\u041a\u0430\u0442\u0430\u043b\u043e\u0433","item":"https:\/\/medipeel.me\/"},{"@type":"ListItem","position":3,"name":"Medi-Peel Red Lacto Collagen Pore Lifting Mask"}]},{"@type":"WebSite","@id":"https:\/\/medipeel.me\/sr\/#website","url":"https:\/\/medipeel.me\/sr\/","name":"Medi-Peel Montenegro","description":"Ekskluzivni zastupnik MEDI-PEEL za Crnu Goru","publisher":{"@id":"https:\/\/medipeel.me\/sr\/#organization"},"potentialAction":[{"@type":"SearchAction","target":{"@type":"EntryPoint","urlTemplate":"https:\/\/medipeel.me\/sr\/?s={search_term_string}"},"query-input":{"@type":"PropertyValueSpecification","valueRequired":true,"valueName":"search_term_string"}}],"inLanguage":"sr-RS"},{"@type":"Organization","@id":"https:\/\/medipeel.me\/sr\/#organization","name":"MEDII-PEEL","url":"https:\/\/medipeel.me\/sr\/","logo":{"@type":"ImageObject","inLanguage":"sr-RS","@id":"https:\/\/medipeel.me\/sr\/#\/schema\/logo\/image\/","url":"https:\/\/medipeel.me\/wp-content\/uploads\/2021\/10\/Logo-MediPeel-Mne.jpg","contentUrl":"https:\/\/medipeel.me\/wp-content\/uploads\/2021\/10\/Logo-MediPeel-Mne.jpg","width":288,"height":288,"caption":"MEDII-PEEL"},"image":{"@id":"https:\/\/medipeel.me\/sr\/#\/schema\/logo\/image\/"},"sameAs":["https:\/\/www.facebook.com\/medipeel.montenegro.serbia\/"]}]}},"uagb_featured_image_src":{"full":["https:\/\/medipeel.me\/wp-content\/uploads\/2023\/02\/MEDI-PEEL-Red-Lacto-Collagen-Pore-Lifting-Mask.jpg",1200,1200,false],"thumbnail":["https:\/\/medipeel.me\/wp-content\/uploads\/2023\/02\/MEDI-PEEL-Red-Lacto-Collagen-Pore-Lifting-Mask-150x150.jpg",150,150,true],"medium":["https:\/\/medipeel.me\/wp-content\/uploads\/2023\/02\/MEDI-PEEL-Red-Lacto-Collagen-Pore-Lifting-Mask-300x300.jpg",300,300,true],"medium_large":["https:\/\/medipeel.me\/wp-content\/uploads\/2023\/02\/MEDI-PEEL-Red-Lacto-Collagen-Pore-Lifting-Mask-768x768.jpg",768,768,true],"large":["https:\/\/medipeel.me\/wp-content\/uploads\/2023\/02\/MEDI-PEEL-Red-Lacto-Collagen-Pore-Lifting-Mask-1024x1024.jpg",1024,1024,true],"1536x1536":["https:\/\/medipeel.me\/wp-content\/uploads\/2023\/02\/MEDI-PEEL-Red-Lacto-Collagen-Pore-Lifting-Mask.jpg",1200,1200,false],"2048x2048":["https:\/\/medipeel.me\/wp-content\/uploads\/2023\/02\/MEDI-PEEL-Red-Lacto-Collagen-Pore-Lifting-Mask.jpg",1200,1200,false],"trp-custom-language-flag":["https:\/\/medipeel.me\/wp-content\/uploads\/2023\/02\/MEDI-PEEL-Red-Lacto-Collagen-Pore-Lifting-Mask-12x12.jpg",12,12,true],"vcmegaposts-masonry":["https:\/\/medipeel.me\/wp-content\/uploads\/2023\/02\/MEDI-PEEL-Red-Lacto-Collagen-Pore-Lifting-Mask-500x500.jpg",500,500,true],"vcmegaposts-normal":["https:\/\/medipeel.me\/wp-content\/uploads\/2023\/02\/MEDI-PEEL-Red-Lacto-Collagen-Pore-Lifting-Mask-800x800.jpg",800,800,true],"vcmegaposts-type1":["https:\/\/medipeel.me\/wp-content\/uploads\/2023\/02\/MEDI-PEEL-Red-Lacto-Collagen-Pore-Lifting-Mask-800x500.jpg",800,500,true],"woocommerce_thumbnail":["https:\/\/medipeel.me\/wp-content\/uploads\/2023\/02\/MEDI-PEEL-Red-Lacto-Collagen-Pore-Lifting-Mask-450x600.jpg",450,600,true],"woocommerce_single":["https:\/\/medipeel.me\/wp-content\/uploads\/2023\/02\/MEDI-PEEL-Red-Lacto-Collagen-Pore-Lifting-Mask-600x600.jpg",600,600,true],"woocommerce_gallery_thumbnail":["https:\/\/medipeel.me\/wp-content\/uploads\/2023\/02\/MEDI-PEEL-Red-Lacto-Collagen-Pore-Lifting-Mask-100x100.jpg",100,100,true]},"uagb_author_info":{"display_name":"Medi-Peel","author_link":"https:\/\/medipeel.me\/sr\/author\/"},"uagb_comment_info":0,"uagb_excerpt":"\u0422\u043a\u0430\u043d\u0435\u0432\u0430\u044f \u043b\u0438\u0444\u0442\u0438\u043d\u0433-\u043c\u0430\u0441\u043a\u0430 \u0441 \u043a\u043e\u043b\u043b\u0430\u0433\u0435\u043d\u043e\u043c \u0434\u043b\u044f \u0441\u0443\u0436\u0435\u043d\u0438\u044f \u043f\u043e\u0440. 30ml","jetpack_sharing_enabled":true,"_links":{"self":[{"href":"https:\/\/medipeel.me\/sr\/wp-json\/wp\/v2\/product\/4785","targetHints":{"allow":["GET"]}}],"collection":[{"href":"https:\/\/medipeel.me\/sr\/wp-json\/wp\/v2\/product"}],"about":[{"href":"https:\/\/medipeel.me\/sr\/wp-json\/wp\/v2\/types\/product"}],"wp:featuredmedia":[{"embeddable":true,"href":"https:\/\/medipeel.me\/sr\/wp-json\/wp\/v2\/media\/4786"}],"wp:attachment":[{"href":"https:\/\/medipeel.me\/sr\/wp-json\/wp\/v2\/media?parent=4785"}],"wp:term":[{"taxonomy":"product_brand","embeddable":true,"href":"https:\/\/medipeel.me\/sr\/wp-json\/wp\/v2\/product_brand?post=4785"},{"taxonomy":"product_cat","embeddable":true,"href":"https:\/\/medipeel.me\/sr\/wp-json\/wp\/v2\/product_cat?post=4785"},{"taxonomy":"product_tag","embeddable":true,"href":"https:\/\/medipeel.me\/sr\/wp-json\/wp\/v2\/product_tag?post=4785"}],"curies":[{"name":"wp","href":"https:\/\/api.w.org\/{rel}","templated":true}]}}