{"id":4735,"date":"2023-01-17T20:21:43","date_gmt":"2023-01-17T17:21:43","guid":{"rendered":"https:\/\/medipeel.me\/?post_type=product&#038;p=4735"},"modified":"2024-11-26T13:06:22","modified_gmt":"2024-11-26T12:06:22","slug":"medi-peel-melanon-x-ampoule","status":"publish","type":"product","link":"https:\/\/medipeel.me\/sr\/\u043f\u0440\u043e\u0438\u0437\u0432\u043e\u0434\/medi-peel-melanon-x-ampoule\/","title":{"rendered":"Medi-Peel Melanon X Ampoule"},"content":{"rendered":"<p style=\"text-align: left;\" class=\"translation-block\">Antioksidantna ampula za posvetljavanje ko\u017ee sa retinolom sa intenzivnim antioksidativnim delovanjem poma\u017ee u smanjenju bora (nasolabijalnih bora, bora oko o\u010diju, bora na \u010delu), daje ko\u017ei sjaj i pobolj\u0161ava njen tonus. Sastav seruma je vi\u0161e nego zasic\u0301en i deluje jednako efikasno.  <br>Serum je veoma ekonomi\u010dan, potrebno vam je nekoliko kapi uve\u0107e. \nTekstura seruma je gusta, obradovac\u0301e vlasnike suve i dehidrirane ko\u017ee i bic\u0301e spas u zimskom periodu.\nNakon apsorpcije, ampula daje dobro osetljiv lifting efekat i to se mo\u017ee videti vizuelno.  Nakon kursa upotrebe, ko\u017ea postaje \u010dvrsta, njen ten se ujedna\u010dava.\nDelovanje ampule je ne\u017eno, ne izaziva iritaciju, osip i crvenilo.<br>\nRetinol - jedan od rastvorljivih u mastima oblika vitamina A, deluje protiv prvih znakova starenja: smanjuje dubinu bora, ujedna\u010dava tonus i mikroreljef, odr\u017eava ko\u017eu da bude mladala\u010dka. Cela raznolikost ovih oblika naziva se retinoidi. \u010cista retinoi\u010dna kiselina mo\u017ee pru\u017eiti najmoc\u0301niji i najbr\u017ei rezultat. Najdelotvornija je, ali i najagresivnija, ima mnogo ne\u017eeljenih efekata. \nDrugi oblici vitamina A se transformi\u0161u u telu a na kraju u retinoi\u010dnu kiselinu, nakon \u010dega direktno uti\u010du na c\u0301elije ko\u017ee. Visoka koncentracija retinola, koja je neophodna za odli\u010dne vizuelne rezultate, mo\u017ee biti prac\u0301ena i veoma neprijatnim posledicama: jakim perutanjem, crvenilom i peckanjem. Vi \u0107ete dobiti svoj odli\u010dan rezultat, ali kroz bol, patnju i nelagodu. Zbog toga proizvo\u0111a\u010di kozmetike tra\u017ee sve na\u010dine da zaobi\u0111u ovo ograni\u010denje - da odr\u017ee efikasnost delovanja i minimiziraju rizike od ne\u017eeljenih efekata. U kozmetici se \u010desto koriste prirodni oblici retinoida: retinol palmitat, retinol, retinaldehid i tretinoin. Ali sam retinol je veoma nestabilan. \u010cim do\u0111e u dodir sa vazduhom, odmah oksidira i gubi sva svoja svojstva. Zbog toga se stavlja u mikrokapsule ili kombinuje sa stabilizujuc\u0301im molekulima. <br>Medi-Peel retinol je inkapsuliran kako bi se za\u0161titio od razgradnje i dao mu vremena da oslobodi retinolnu kiselinu.<br>\nMelatamine 7\u2122 kompleks (vitamin B5, C, E, retinil palmitat, retinal, glutation, AA-Ferm) hrani i posvjetljuje ko\u017eu, zagla\u0111uje bore.<br>\nTraneksaminska kiselina u sastavu seruma ne\u017eno posvetljava pigmentaciju i tragove post-akni, spre\u010davajuc\u0301i pojavu stara\u010dkih pega u buduc\u0301nosti.<\/p>\n<p><strong>Na\u010din upotrebe:<\/strong> Pritisnite pumpicu 1-2 puta i istisnite sadr\u017eaj, a zatim ne\u017eno nanesite serum na celo lice. Nanesite deblji sloj seruma na fleke-pege.<br> \nZa optimalno posvetljavanje i efekat liftinga koristite u kombinaciji sa tonikom i kremom iz Melanon X serije.<br \/>\nNapomena: ne prepbroru\u010duje se upotreba kozmetike sa retinolom istovremeno sa kiselinama, pilingom i vitaminom C.<\/p>\n<hr \/>\n<p><em><strong><em>Sastojci:<\/em><\/strong> Purified water, panthenol, butylene glycol, shea butter, niacinamide, 1,2-hexanediol, methyl glucose-20, glycerin, plum extract, methyl glucose sesquistearate, apple extract, papaya fruit extract, grape extract , propanediol, cetearyl olivate, sorbitan olivate, caprylic\/capric triglyceride, carbomer, caprylyl glycol, inulin lauryl carbamate, tromethamine, lavender flower extract, Matrica Lia flower extract, borage extract, cornflower extract, alpha-arbutin, clary extract, hyacinth whole plant extract, vitamin tree water, vitamin tree fruit extract, adenosine, lactobacillus fermented product, xanthan gum, disodium EDTA, Oil palm oil, hydrogenated lecithin, calcium pantothenate, maltodextrin, sodium starch octenyl succinate, garcinia fruit extract, glutathione, camellia flower extract, alteromonas ferment extract, phenethyl alcohol, hydrolyzed Sponge, wormwood extract, pentylene glycol, tangerine peel extract, sodium ascorbyl phosphate, sodium hyaluronate, hydrolyzed hyaluronic acid, hyaluronic acid, tocopheryl acetate, pyridoxine HCL, Ethylhexylglycerin, Sucrose Palmitate, Ascorbic Acid, Tocopherol, Menadione, Polyglyceryl-4 Oleate, Linoleic Acid, Retinyl Palmitate, Peanut Oil, Sodium Phosphate, Linolenic Acid, Lecithin, Retin R, Silica, tranexamic acid, rosemary leaf extract, acetylhexapeptide-8, sunflower seed oil, SH-oligopeptide-1, SH-oligopeptide-2, SH-polypeptide-1, SH-polypeptide-10, SH -Polypeptide-60, lemon peel oil, limonene, citral, hexylcinnamal, linalool, benzyl salicylate<br \/>\n<\/em><\/p>","protected":false},"excerpt":{"rendered":"<p>Antioksidantna ampula za posvetljavanje ko\u017ee sa retinolom. 50ml<\/p>","protected":false},"featured_media":4736,"template":"","meta":{"_uag_custom_page_level_css":""},"product_brand":[],"product_cat":[255,573,373,366,574,272,355,301,261,260],"product_tag":[390],"class_list":{"0":"post-4735","1":"product","2":"type-product","3":"status-publish","4":"has-post-thumbnail","6":"product_cat-antiage","7":"product_cat-573","8":"product_cat-alltypesofskin","9":"product_cat-dryskin","10":"product_cat-574","11":"product_cat-brightening","12":"product_cat-pigmentation","13":"product_cat-nutrition","14":"product_cat-serum","15":"product_cat-hidratation","16":"product_tag-melanon-x","17":"post-item","19":"first","20":"outofstock","21":"shipping-taxable","22":"purchasable","23":"product-type-simple"},"yoast_head":"<!-- This site is optimized with the Yoast SEO Premium plugin v27.2 (Yoast SEO v27.2) - https:\/\/yoast.com\/product\/yoast-seo-premium-wordpress\/ -->\n<title>Medi-Peel Melanon X Ampoule - Medi-Peel Montenegro<\/title>\n<meta name=\"robots\" content=\"index, follow, max-snippet:-1, max-image-preview:large, max-video-preview:-1\" \/>\n<link rel=\"canonical\" href=\"https:\/\/medipeel.me\/sr\/\u043f\u0440\u043e\u0438\u0437\u0432\u043e\u0434\/medi-peel-melanon-x-ampoule\/\" \/>\n<meta property=\"og:locale\" content=\"sr_RS\" \/>\n<meta property=\"og:type\" content=\"article\" \/>\n<meta property=\"og:title\" content=\"Medi-Peel Melanon X Ampoule\" \/>\n<meta property=\"og:description\" content=\"\u0410\u043d\u0442\u0438\u043e\u043a\u0441\u0438\u0434\u0430\u043d\u0442\u043d\u0430\u044f \u043e\u0441\u0432\u0435\u0442\u043b\u044f\u044e\u0449\u0430\u044f \u0430\u043c\u043f\u0443\u043b\u0430 \u0441 \u0440\u0435\u0442\u0438\u043d\u043e\u043b\u043e\u043c. 50ml\" \/>\n<meta property=\"og:url\" content=\"https:\/\/medipeel.me\/sr\/\u043f\u0440\u043e\u0438\u0437\u0432\u043e\u0434\/medi-peel-melanon-x-ampoule\/\" \/>\n<meta property=\"og:site_name\" content=\"Medi-Peel Montenegro\" \/>\n<meta property=\"article:publisher\" content=\"https:\/\/www.facebook.com\/medipeel.montenegro.serbia\/\" \/>\n<meta property=\"article:modified_time\" content=\"2024-11-26T12:06:22+00:00\" \/>\n<meta property=\"og:image\" content=\"https:\/\/medipeel.me\/wp-content\/uploads\/2023\/01\/Medi-Peel-Melanon-X-Ampoule.jpg\" \/>\n\t<meta property=\"og:image:width\" content=\"1200\" \/>\n\t<meta property=\"og:image:height\" content=\"1200\" \/>\n\t<meta property=\"og:image:type\" content=\"image\/jpeg\" \/>\n<script type=\"application\/ld+json\" class=\"yoast-schema-graph\">{\"@context\":\"https:\/\/schema.org\",\"@graph\":[{\"@type\":\"WebPage\",\"@id\":\"https:\/\/medipeel.me\/product\/medi-peel-melanon-x-ampoule\/\",\"url\":\"https:\/\/medipeel.me\/product\/medi-peel-melanon-x-ampoule\/\",\"name\":\"Medi-Peel Melanon X Ampoule - Medi-Peel Montenegro\",\"isPartOf\":{\"@id\":\"https:\/\/medipeel.me\/sr\/#website\"},\"primaryImageOfPage\":{\"@id\":\"https:\/\/medipeel.me\/product\/medi-peel-melanon-x-ampoule\/#primaryimage\"},\"image\":{\"@id\":\"https:\/\/medipeel.me\/product\/medi-peel-melanon-x-ampoule\/#primaryimage\"},\"thumbnailUrl\":\"https:\/\/medipeel.me\/wp-content\/uploads\/2023\/01\/Medi-Peel-Melanon-X-Ampoule.jpg\",\"datePublished\":\"2023-01-17T17:21:43+00:00\",\"dateModified\":\"2024-11-26T12:06:22+00:00\",\"breadcrumb\":{\"@id\":\"https:\/\/medipeel.me\/product\/medi-peel-melanon-x-ampoule\/#breadcrumb\"},\"inLanguage\":\"sr-RS\",\"potentialAction\":[{\"@type\":\"ReadAction\",\"target\":[\"https:\/\/medipeel.me\/product\/medi-peel-melanon-x-ampoule\/\"]}]},{\"@type\":\"ImageObject\",\"inLanguage\":\"sr-RS\",\"@id\":\"https:\/\/medipeel.me\/product\/medi-peel-melanon-x-ampoule\/#primaryimage\",\"url\":\"https:\/\/medipeel.me\/wp-content\/uploads\/2023\/01\/Medi-Peel-Melanon-X-Ampoule.jpg\",\"contentUrl\":\"https:\/\/medipeel.me\/wp-content\/uploads\/2023\/01\/Medi-Peel-Melanon-X-Ampoule.jpg\",\"width\":1200,\"height\":1200},{\"@type\":\"BreadcrumbList\",\"@id\":\"https:\/\/medipeel.me\/product\/medi-peel-melanon-x-ampoule\/#breadcrumb\",\"itemListElement\":[{\"@type\":\"ListItem\",\"position\":1,\"name\":\"\u0413\u043b\u0430\u0432\u043d\u0430\u044f \u0441\u0442\u0440\u0430\u043d\u0438\u0446\u0430\",\"item\":\"https:\/\/medipeel.me\/\"},{\"@type\":\"ListItem\",\"position\":2,\"name\":\"\u041a\u0430\u0442\u0430\u043b\u043e\u0433\",\"item\":\"https:\/\/medipeel.me\/\"},{\"@type\":\"ListItem\",\"position\":3,\"name\":\"Medi-Peel Melanon X Ampoule\"}]},{\"@type\":\"WebSite\",\"@id\":\"https:\/\/medipeel.me\/sr\/#website\",\"url\":\"https:\/\/medipeel.me\/sr\/\",\"name\":\"Medi-Peel Montenegro\",\"description\":\"Ekskluzivni zastupnik MEDI-PEEL za Crnu Goru\",\"publisher\":{\"@id\":\"https:\/\/medipeel.me\/sr\/#organization\"},\"potentialAction\":[{\"@type\":\"SearchAction\",\"target\":{\"@type\":\"EntryPoint\",\"urlTemplate\":\"https:\/\/medipeel.me\/sr\/?s={search_term_string}\"},\"query-input\":{\"@type\":\"PropertyValueSpecification\",\"valueRequired\":true,\"valueName\":\"search_term_string\"}}],\"inLanguage\":\"sr-RS\"},{\"@type\":\"Organization\",\"@id\":\"https:\/\/medipeel.me\/sr\/#organization\",\"name\":\"MEDII-PEEL\",\"url\":\"https:\/\/medipeel.me\/sr\/\",\"logo\":{\"@type\":\"ImageObject\",\"inLanguage\":\"sr-RS\",\"@id\":\"https:\/\/medipeel.me\/sr\/#\/schema\/logo\/image\/\",\"url\":\"https:\/\/medipeel.me\/wp-content\/uploads\/2021\/10\/Logo-MediPeel-Mne.jpg\",\"contentUrl\":\"https:\/\/medipeel.me\/wp-content\/uploads\/2021\/10\/Logo-MediPeel-Mne.jpg\",\"width\":288,\"height\":288,\"caption\":\"MEDII-PEEL\"},\"image\":{\"@id\":\"https:\/\/medipeel.me\/sr\/#\/schema\/logo\/image\/\"},\"sameAs\":[\"https:\/\/www.facebook.com\/medipeel.montenegro.serbia\/\"]}]}<\/script>\n<!-- \/ Yoast SEO Premium plugin. -->","yoast_head_json":{"title":"Medi-Peel Melanon X Ampoule - Medi-Peel Montenegro","robots":{"index":"index","follow":"follow","max-snippet":"max-snippet:-1","max-image-preview":"max-image-preview:large","max-video-preview":"max-video-preview:-1"},"canonical":"https:\/\/medipeel.me\/sr\/\u043f\u0440\u043e\u0438\u0437\u0432\u043e\u0434\/medi-peel-melanon-x-ampoule\/","og_locale":"sr_RS","og_type":"article","og_title":"Medi-Peel Melanon X Ampoule","og_description":"\u0410\u043d\u0442\u0438\u043e\u043a\u0441\u0438\u0434\u0430\u043d\u0442\u043d\u0430\u044f \u043e\u0441\u0432\u0435\u0442\u043b\u044f\u044e\u0449\u0430\u044f \u0430\u043c\u043f\u0443\u043b\u0430 \u0441 \u0440\u0435\u0442\u0438\u043d\u043e\u043b\u043e\u043c. 50ml","og_url":"https:\/\/medipeel.me\/sr\/\u043f\u0440\u043e\u0438\u0437\u0432\u043e\u0434\/medi-peel-melanon-x-ampoule\/","og_site_name":"Medi-Peel Montenegro","article_publisher":"https:\/\/www.facebook.com\/medipeel.montenegro.serbia\/","article_modified_time":"2024-11-26T12:06:22+00:00","og_image":[{"width":1200,"height":1200,"url":"https:\/\/medipeel.me\/wp-content\/uploads\/2023\/01\/Medi-Peel-Melanon-X-Ampoule.jpg","type":"image\/jpeg"}],"schema":{"@context":"https:\/\/schema.org","@graph":[{"@type":"WebPage","@id":"https:\/\/medipeel.me\/product\/medi-peel-melanon-x-ampoule\/","url":"https:\/\/medipeel.me\/product\/medi-peel-melanon-x-ampoule\/","name":"Medi-Peel Melanon X Ampoule - Medi-Peel Montenegro","isPartOf":{"@id":"https:\/\/medipeel.me\/sr\/#website"},"primaryImageOfPage":{"@id":"https:\/\/medipeel.me\/product\/medi-peel-melanon-x-ampoule\/#primaryimage"},"image":{"@id":"https:\/\/medipeel.me\/product\/medi-peel-melanon-x-ampoule\/#primaryimage"},"thumbnailUrl":"https:\/\/medipeel.me\/wp-content\/uploads\/2023\/01\/Medi-Peel-Melanon-X-Ampoule.jpg","datePublished":"2023-01-17T17:21:43+00:00","dateModified":"2024-11-26T12:06:22+00:00","breadcrumb":{"@id":"https:\/\/medipeel.me\/product\/medi-peel-melanon-x-ampoule\/#breadcrumb"},"inLanguage":"sr-RS","potentialAction":[{"@type":"ReadAction","target":["https:\/\/medipeel.me\/product\/medi-peel-melanon-x-ampoule\/"]}]},{"@type":"ImageObject","inLanguage":"sr-RS","@id":"https:\/\/medipeel.me\/product\/medi-peel-melanon-x-ampoule\/#primaryimage","url":"https:\/\/medipeel.me\/wp-content\/uploads\/2023\/01\/Medi-Peel-Melanon-X-Ampoule.jpg","contentUrl":"https:\/\/medipeel.me\/wp-content\/uploads\/2023\/01\/Medi-Peel-Melanon-X-Ampoule.jpg","width":1200,"height":1200},{"@type":"BreadcrumbList","@id":"https:\/\/medipeel.me\/product\/medi-peel-melanon-x-ampoule\/#breadcrumb","itemListElement":[{"@type":"ListItem","position":1,"name":"\u0413\u043b\u0430\u0432\u043d\u0430\u044f \u0441\u0442\u0440\u0430\u043d\u0438\u0446\u0430","item":"https:\/\/medipeel.me\/"},{"@type":"ListItem","position":2,"name":"\u041a\u0430\u0442\u0430\u043b\u043e\u0433","item":"https:\/\/medipeel.me\/"},{"@type":"ListItem","position":3,"name":"Medi-Peel Melanon X Ampoule"}]},{"@type":"WebSite","@id":"https:\/\/medipeel.me\/sr\/#website","url":"https:\/\/medipeel.me\/sr\/","name":"Medi-Peel Montenegro","description":"Ekskluzivni zastupnik MEDI-PEEL za Crnu Goru","publisher":{"@id":"https:\/\/medipeel.me\/sr\/#organization"},"potentialAction":[{"@type":"SearchAction","target":{"@type":"EntryPoint","urlTemplate":"https:\/\/medipeel.me\/sr\/?s={search_term_string}"},"query-input":{"@type":"PropertyValueSpecification","valueRequired":true,"valueName":"search_term_string"}}],"inLanguage":"sr-RS"},{"@type":"Organization","@id":"https:\/\/medipeel.me\/sr\/#organization","name":"MEDII-PEEL","url":"https:\/\/medipeel.me\/sr\/","logo":{"@type":"ImageObject","inLanguage":"sr-RS","@id":"https:\/\/medipeel.me\/sr\/#\/schema\/logo\/image\/","url":"https:\/\/medipeel.me\/wp-content\/uploads\/2021\/10\/Logo-MediPeel-Mne.jpg","contentUrl":"https:\/\/medipeel.me\/wp-content\/uploads\/2021\/10\/Logo-MediPeel-Mne.jpg","width":288,"height":288,"caption":"MEDII-PEEL"},"image":{"@id":"https:\/\/medipeel.me\/sr\/#\/schema\/logo\/image\/"},"sameAs":["https:\/\/www.facebook.com\/medipeel.montenegro.serbia\/"]}]}},"uagb_featured_image_src":{"full":["https:\/\/medipeel.me\/wp-content\/uploads\/2023\/01\/Medi-Peel-Melanon-X-Ampoule.jpg",1200,1200,false],"thumbnail":["https:\/\/medipeel.me\/wp-content\/uploads\/2023\/01\/Medi-Peel-Melanon-X-Ampoule-150x150.jpg",150,150,true],"medium":["https:\/\/medipeel.me\/wp-content\/uploads\/2023\/01\/Medi-Peel-Melanon-X-Ampoule-300x300.jpg",300,300,true],"medium_large":["https:\/\/medipeel.me\/wp-content\/uploads\/2023\/01\/Medi-Peel-Melanon-X-Ampoule-768x768.jpg",768,768,true],"large":["https:\/\/medipeel.me\/wp-content\/uploads\/2023\/01\/Medi-Peel-Melanon-X-Ampoule-1024x1024.jpg",1024,1024,true],"1536x1536":["https:\/\/medipeel.me\/wp-content\/uploads\/2023\/01\/Medi-Peel-Melanon-X-Ampoule.jpg",1200,1200,false],"2048x2048":["https:\/\/medipeel.me\/wp-content\/uploads\/2023\/01\/Medi-Peel-Melanon-X-Ampoule.jpg",1200,1200,false],"trp-custom-language-flag":["https:\/\/medipeel.me\/wp-content\/uploads\/2023\/01\/Medi-Peel-Melanon-X-Ampoule-12x12.jpg",12,12,true],"vcmegaposts-masonry":["https:\/\/medipeel.me\/wp-content\/uploads\/2023\/01\/Medi-Peel-Melanon-X-Ampoule-500x500.jpg",500,500,true],"vcmegaposts-normal":["https:\/\/medipeel.me\/wp-content\/uploads\/2023\/01\/Medi-Peel-Melanon-X-Ampoule-800x800.jpg",800,800,true],"vcmegaposts-type1":["https:\/\/medipeel.me\/wp-content\/uploads\/2023\/01\/Medi-Peel-Melanon-X-Ampoule-800x500.jpg",800,500,true],"woocommerce_thumbnail":["https:\/\/medipeel.me\/wp-content\/uploads\/2023\/01\/Medi-Peel-Melanon-X-Ampoule-450x600.jpg",450,600,true],"woocommerce_single":["https:\/\/medipeel.me\/wp-content\/uploads\/2023\/01\/Medi-Peel-Melanon-X-Ampoule-600x600.jpg",600,600,true],"woocommerce_gallery_thumbnail":["https:\/\/medipeel.me\/wp-content\/uploads\/2023\/01\/Medi-Peel-Melanon-X-Ampoule-100x100.jpg",100,100,true]},"uagb_author_info":{"display_name":"Medi-Peel","author_link":"https:\/\/medipeel.me\/sr\/author\/"},"uagb_comment_info":0,"uagb_excerpt":"\u0410\u043d\u0442\u0438\u043e\u043a\u0441\u0438\u0434\u0430\u043d\u0442\u043d\u0430\u044f \u043e\u0441\u0432\u0435\u0442\u043b\u044f\u044e\u0449\u0430\u044f \u0430\u043c\u043f\u0443\u043b\u0430 \u0441 \u0440\u0435\u0442\u0438\u043d\u043e\u043b\u043e\u043c. 50ml","jetpack_sharing_enabled":true,"_links":{"self":[{"href":"https:\/\/medipeel.me\/sr\/wp-json\/wp\/v2\/product\/4735","targetHints":{"allow":["GET"]}}],"collection":[{"href":"https:\/\/medipeel.me\/sr\/wp-json\/wp\/v2\/product"}],"about":[{"href":"https:\/\/medipeel.me\/sr\/wp-json\/wp\/v2\/types\/product"}],"wp:featuredmedia":[{"embeddable":true,"href":"https:\/\/medipeel.me\/sr\/wp-json\/wp\/v2\/media\/4736"}],"wp:attachment":[{"href":"https:\/\/medipeel.me\/sr\/wp-json\/wp\/v2\/media?parent=4735"}],"wp:term":[{"taxonomy":"product_brand","embeddable":true,"href":"https:\/\/medipeel.me\/sr\/wp-json\/wp\/v2\/product_brand?post=4735"},{"taxonomy":"product_cat","embeddable":true,"href":"https:\/\/medipeel.me\/sr\/wp-json\/wp\/v2\/product_cat?post=4735"},{"taxonomy":"product_tag","embeddable":true,"href":"https:\/\/medipeel.me\/sr\/wp-json\/wp\/v2\/product_tag?post=4735"}],"curies":[{"name":"wp","href":"https:\/\/api.w.org\/{rel}","templated":true}]}}