{"id":3885,"date":"2022-01-11T19:00:24","date_gmt":"2022-01-11T16:00:24","guid":{"rendered":"https:\/\/medipeel.me\/?post_type=product&#038;p=3885"},"modified":"2026-02-12T13:47:48","modified_gmt":"2026-02-12T12:47:48","slug":"medi-peel-hyaluron-aqua-peptide-9-ampoule-eye-patch","status":"publish","type":"product","link":"https:\/\/medipeel.me\/sr\/\u043f\u0440\u043e\u0438\u0437\u0432\u043e\u0434\/medi-peel-hyaluron-aqua-peptide-9-ampoule-eye-patch\/","title":{"rendered":"Medi-Peel Hyaluron Aqua Peptide 9 Ampoule Eye Patch"},"content":{"rendered":"<p class=\"translation-block\">Hidratantni hidrogel flasteri sa peptidima poma\u017eu u otklanjanju suvoc\u0301e i osec\u0301aja zatezanja ko\u017ee, imaju blagi efekat liftinga i poma\u017eu u razgla\u0111ivanju malih mimi\u010dnih bora. Flasteri poma\u017eu da u najkrac\u0301em moguc\u0301em roku se elimini\u0161e suvoc\u0301a, ukloni se ote\u010denost i osve\u017eiti se pogled, Imaju revitalizirajuc\u0301i i toniraju\u0107i efekat. Ekstrakti morskih algi pune c\u0301elije mikroelementima i aktivnim sastojcima, koje su neophodni za odr\u017eavanje zdravlja i mladosti epidermalnih tkiva. Oni stimuli\u0161u proizvodnju sopstvenog kolagena, obezbe\u0111uju duboko prodiranje hidratantnih faktora u epidermu i spre\u010davaju isparavanje vlage. Ekstrakt bisera sadr\u017ei kalcijum i ogromnu koli\u010dinu vitamina i minerala, \u0161to poma\u017ee u ja\u010danju mi\u0161ic\u0301a lica i ima hranljivi i hidratantni efekat. Ne\u017eno osvetljava ko\u017eu i poma\u017ee u borbi protiv tamnih krugova (podo\u010dnjaka) ispod o\u010diju, a kompleks peptida ima lifting efekat  i podmla\u0111ivanje, tako\u0111e poma\u017ee u smanjenju bora i odr\u017eava mladala\u010dki izgled. Kompleks peptida povec\u0301ava \u010dvrstinu i elasti\u010dnost ko\u017ee, u organizmu ubrzava  procese proizvodnje sopstvenih kolagenskih i elastinskih vlakana. Smanjuje dubinu bora i spre\u010dava opu\u0161tanje ko\u017ee.<\/p>\n<p><strong>Na\u010din upotrebe:<\/strong>\u00a0Nanesite flastere na \u017eeljeno podru\u010dje na prethodno o\u010di\u0161c\u0301enu i hidriranu ko\u017eu. Posle 20-30 minuta uklonite flastere i utapkajte preostalu esenciju mekim pokretima.<\/p>\n<hr \/>\n<div><em><strong><em>Sastojci:<\/em><\/strong> Purified Water, Glycerin, Carrageenan, Butylene Glycol, Guar Gum, Carob Gum, Dextrin, Calcium Chloride, PEG-60 Hydrogenated Castor Oil, Cellulose Gum, Propanediol, Allantoin, Cyclodextrin, Sucrose, Ultramarine, Castor Seed Oil, Betaine, Coconut Fruit Extract, Synthetic Fluorphlogopite, Dipotassium Glycyrrhizate, Potassium Chloride, Titanium Dioxide, Sodium Hyaluronate (110 ppm), Calcium Lactate, Arginine, Sorbitan Caprylate, Shea Butter, Caprylic\/Capric Triglyceride, Kelp Extract, Hypnea Musciformis Extract, Giant Kelp Extract, Green Algae Extract, Sargassum Extract, Spirulina Platensis Extract, Horsetail Kelp Extract, Seaweed Extract, Hizikia Fusiforme Extract, Codium Fragile Extract, Pearl Extract, Hydroxypropyltrimonium Hyaluronate (10 ppm), Glyceryl Polymethacrylate, Hydrolyzed Collagen, Sodium Acetylated Hyaluronate (1 ppm), Hydrolyzed Hyaluronic Acid (1 ppm), Beta-Glucan, Palmitoyl Tripeptide-5 (100 ppb), Sodium Hyaluronate Crosspolymer (0.25 ppm), Hyaluronic Acid (0.1 ppm), Potassium Hyaluronate (0.02 ppm), Palmitoyl Tetrapeptide-7 (5 ppb), Pentapeptide-18 (4.5 ppb), Palmitoyl Tripeptide-1 (1 ppb), Acetyl Hexapeptide-8 (1 ppb), Copper Tripeptide-1 (1 ppb), Palmitoyl Oligopeptide (1 ppb), Oligopeptide-29 (0.5 ppb), Oligopeptide-32 (0.5 ppb), Palmitoyl Pentapeptide-4 (0.1 ppb), Pine Needle Extract, 1,2-Hexanediol, Propylene Glycol, Caprylyl Glycol, Pentylene Glycol, Ethylhexanediol, Disodium EDTA, Ethylhexylglycerin, Chlorphenesin, Fragrance, Limonene, Linalool<\/em><\/div>","protected":false},"excerpt":{"rendered":"<p>Hidratantni hidrogel flasteri sa peptidima. 60 kom.<\/p>","protected":false},"featured_media":3886,"template":"","meta":{"_uag_custom_page_level_css":""},"product_brand":[],"product_cat":[256,268,260,310],"product_tag":[316],"class_list":{"0":"post-3885","1":"product","2":"type-product","3":"status-publish","4":"has-post-thumbnail","6":"product_cat-eyecare","7":"product_cat-eyepatch","8":"product_cat-hidratation","9":"product_cat-bestsellers","10":"product_tag-peptide-9","11":"post-item","13":"first","14":"instock","15":"shipping-taxable","16":"purchasable","17":"product-type-simple"},"yoast_head":"<!-- This site is optimized with the Yoast SEO Premium plugin v27.2 (Yoast SEO v27.2) - https:\/\/yoast.com\/product\/yoast-seo-premium-wordpress\/ -->\n<title>Medi-Peel Hyaluron Aqua Peptide 9 Ampoule Eye Patch - Medi-Peel Montenegro<\/title>\n<meta name=\"robots\" content=\"index, follow, max-snippet:-1, max-image-preview:large, max-video-preview:-1\" \/>\n<link rel=\"canonical\" href=\"https:\/\/medipeel.me\/sr\/\u043f\u0440\u043e\u0438\u0437\u0432\u043e\u0434\/medi-peel-hyaluron-aqua-peptide-9-ampoule-eye-patch\/\" \/>\n<meta property=\"og:locale\" content=\"sr_RS\" \/>\n<meta property=\"og:type\" content=\"article\" \/>\n<meta property=\"og:title\" content=\"Medi-Peel Hyaluron Aqua Peptide 9 Ampoule Eye Patch\" \/>\n<meta property=\"og:description\" content=\"\u0423\u0432\u043b\u0430\u0436\u043d\u044f\u044e\u0449\u0438\u0435 \u0433\u0438\u0434\u0440\u043e\u0433\u0435\u043b\u0435\u0432\u044b\u0435 \u043f\u0430\u0442\u0447\u0438 \u0441 \u043f\u0435\u043f\u0442\u0438\u0434\u0430\u043c\u0438. 60 \u0448\u0442\u0443\u043a.\" \/>\n<meta property=\"og:url\" content=\"https:\/\/medipeel.me\/sr\/\u043f\u0440\u043e\u0438\u0437\u0432\u043e\u0434\/medi-peel-hyaluron-aqua-peptide-9-ampoule-eye-patch\/\" \/>\n<meta property=\"og:site_name\" content=\"Medi-Peel Montenegro\" \/>\n<meta property=\"article:publisher\" content=\"https:\/\/www.facebook.com\/medipeel.montenegro.serbia\/\" \/>\n<meta property=\"article:modified_time\" content=\"2026-02-12T12:47:48+00:00\" \/>\n<meta property=\"og:image\" content=\"https:\/\/medipeel.me\/wp-content\/uploads\/2022\/01\/MEDI-PEEL-Hyaluron-Aqua-Peptide-9-Ampoule-Eye-Patch.jpg\" \/>\n\t<meta property=\"og:image:width\" content=\"800\" \/>\n\t<meta property=\"og:image:height\" content=\"800\" \/>\n\t<meta property=\"og:image:type\" content=\"image\/jpeg\" \/>\n<script type=\"application\/ld+json\" class=\"yoast-schema-graph\">{\"@context\":\"https:\/\/schema.org\",\"@graph\":[{\"@type\":\"WebPage\",\"@id\":\"https:\/\/medipeel.me\/product\/medi-peel-hyaluron-aqua-peptide-9-ampoule-eye-patch\/\",\"url\":\"https:\/\/medipeel.me\/product\/medi-peel-hyaluron-aqua-peptide-9-ampoule-eye-patch\/\",\"name\":\"Medi-Peel Hyaluron Aqua Peptide 9 Ampoule Eye Patch - Medi-Peel Montenegro\",\"isPartOf\":{\"@id\":\"https:\/\/medipeel.me\/sr\/#website\"},\"primaryImageOfPage\":{\"@id\":\"https:\/\/medipeel.me\/product\/medi-peel-hyaluron-aqua-peptide-9-ampoule-eye-patch\/#primaryimage\"},\"image\":{\"@id\":\"https:\/\/medipeel.me\/product\/medi-peel-hyaluron-aqua-peptide-9-ampoule-eye-patch\/#primaryimage\"},\"thumbnailUrl\":\"https:\/\/medipeel.me\/wp-content\/uploads\/2022\/01\/MEDI-PEEL-Hyaluron-Aqua-Peptide-9-Ampoule-Eye-Patch.jpg\",\"datePublished\":\"2022-01-11T16:00:24+00:00\",\"dateModified\":\"2026-02-12T12:47:48+00:00\",\"breadcrumb\":{\"@id\":\"https:\/\/medipeel.me\/product\/medi-peel-hyaluron-aqua-peptide-9-ampoule-eye-patch\/#breadcrumb\"},\"inLanguage\":\"sr-RS\",\"potentialAction\":[{\"@type\":\"ReadAction\",\"target\":[\"https:\/\/medipeel.me\/product\/medi-peel-hyaluron-aqua-peptide-9-ampoule-eye-patch\/\"]}]},{\"@type\":\"ImageObject\",\"inLanguage\":\"sr-RS\",\"@id\":\"https:\/\/medipeel.me\/product\/medi-peel-hyaluron-aqua-peptide-9-ampoule-eye-patch\/#primaryimage\",\"url\":\"https:\/\/medipeel.me\/wp-content\/uploads\/2022\/01\/MEDI-PEEL-Hyaluron-Aqua-Peptide-9-Ampoule-Eye-Patch.jpg\",\"contentUrl\":\"https:\/\/medipeel.me\/wp-content\/uploads\/2022\/01\/MEDI-PEEL-Hyaluron-Aqua-Peptide-9-Ampoule-Eye-Patch.jpg\",\"width\":800,\"height\":800},{\"@type\":\"BreadcrumbList\",\"@id\":\"https:\/\/medipeel.me\/product\/medi-peel-hyaluron-aqua-peptide-9-ampoule-eye-patch\/#breadcrumb\",\"itemListElement\":[{\"@type\":\"ListItem\",\"position\":1,\"name\":\"\u0413\u043b\u0430\u0432\u043d\u0430\u044f \u0441\u0442\u0440\u0430\u043d\u0438\u0446\u0430\",\"item\":\"https:\/\/medipeel.me\/\"},{\"@type\":\"ListItem\",\"position\":2,\"name\":\"\u041a\u0430\u0442\u0430\u043b\u043e\u0433\",\"item\":\"https:\/\/medipeel.me\/\"},{\"@type\":\"ListItem\",\"position\":3,\"name\":\"Medi-Peel Hyaluron Aqua Peptide 9 Ampoule Eye Patch\"}]},{\"@type\":\"WebSite\",\"@id\":\"https:\/\/medipeel.me\/sr\/#website\",\"url\":\"https:\/\/medipeel.me\/sr\/\",\"name\":\"Medi-Peel Montenegro\",\"description\":\"Ekskluzivni zastupnik MEDI-PEEL za Crnu Goru\",\"publisher\":{\"@id\":\"https:\/\/medipeel.me\/sr\/#organization\"},\"potentialAction\":[{\"@type\":\"SearchAction\",\"target\":{\"@type\":\"EntryPoint\",\"urlTemplate\":\"https:\/\/medipeel.me\/sr\/?s={search_term_string}\"},\"query-input\":{\"@type\":\"PropertyValueSpecification\",\"valueRequired\":true,\"valueName\":\"search_term_string\"}}],\"inLanguage\":\"sr-RS\"},{\"@type\":\"Organization\",\"@id\":\"https:\/\/medipeel.me\/sr\/#organization\",\"name\":\"MEDII-PEEL\",\"url\":\"https:\/\/medipeel.me\/sr\/\",\"logo\":{\"@type\":\"ImageObject\",\"inLanguage\":\"sr-RS\",\"@id\":\"https:\/\/medipeel.me\/sr\/#\/schema\/logo\/image\/\",\"url\":\"https:\/\/medipeel.me\/wp-content\/uploads\/2021\/10\/Logo-MediPeel-Mne.jpg\",\"contentUrl\":\"https:\/\/medipeel.me\/wp-content\/uploads\/2021\/10\/Logo-MediPeel-Mne.jpg\",\"width\":288,\"height\":288,\"caption\":\"MEDII-PEEL\"},\"image\":{\"@id\":\"https:\/\/medipeel.me\/sr\/#\/schema\/logo\/image\/\"},\"sameAs\":[\"https:\/\/www.facebook.com\/medipeel.montenegro.serbia\/\"]}]}<\/script>\n<!-- \/ Yoast SEO Premium plugin. -->","yoast_head_json":{"title":"Medi-Peel Hyaluron Aqua Peptide 9 Ampoule Eye Patch - Medi-Peel Montenegro","robots":{"index":"index","follow":"follow","max-snippet":"max-snippet:-1","max-image-preview":"max-image-preview:large","max-video-preview":"max-video-preview:-1"},"canonical":"https:\/\/medipeel.me\/sr\/\u043f\u0440\u043e\u0438\u0437\u0432\u043e\u0434\/medi-peel-hyaluron-aqua-peptide-9-ampoule-eye-patch\/","og_locale":"sr_RS","og_type":"article","og_title":"Medi-Peel Hyaluron Aqua Peptide 9 Ampoule Eye Patch","og_description":"\u0423\u0432\u043b\u0430\u0436\u043d\u044f\u044e\u0449\u0438\u0435 \u0433\u0438\u0434\u0440\u043e\u0433\u0435\u043b\u0435\u0432\u044b\u0435 \u043f\u0430\u0442\u0447\u0438 \u0441 \u043f\u0435\u043f\u0442\u0438\u0434\u0430\u043c\u0438. 60 \u0448\u0442\u0443\u043a.","og_url":"https:\/\/medipeel.me\/sr\/\u043f\u0440\u043e\u0438\u0437\u0432\u043e\u0434\/medi-peel-hyaluron-aqua-peptide-9-ampoule-eye-patch\/","og_site_name":"Medi-Peel Montenegro","article_publisher":"https:\/\/www.facebook.com\/medipeel.montenegro.serbia\/","article_modified_time":"2026-02-12T12:47:48+00:00","og_image":[{"width":800,"height":800,"url":"https:\/\/medipeel.me\/wp-content\/uploads\/2022\/01\/MEDI-PEEL-Hyaluron-Aqua-Peptide-9-Ampoule-Eye-Patch.jpg","type":"image\/jpeg"}],"schema":{"@context":"https:\/\/schema.org","@graph":[{"@type":"WebPage","@id":"https:\/\/medipeel.me\/product\/medi-peel-hyaluron-aqua-peptide-9-ampoule-eye-patch\/","url":"https:\/\/medipeel.me\/product\/medi-peel-hyaluron-aqua-peptide-9-ampoule-eye-patch\/","name":"Medi-Peel Hyaluron Aqua Peptide 9 Ampoule Eye Patch - Medi-Peel Montenegro","isPartOf":{"@id":"https:\/\/medipeel.me\/sr\/#website"},"primaryImageOfPage":{"@id":"https:\/\/medipeel.me\/product\/medi-peel-hyaluron-aqua-peptide-9-ampoule-eye-patch\/#primaryimage"},"image":{"@id":"https:\/\/medipeel.me\/product\/medi-peel-hyaluron-aqua-peptide-9-ampoule-eye-patch\/#primaryimage"},"thumbnailUrl":"https:\/\/medipeel.me\/wp-content\/uploads\/2022\/01\/MEDI-PEEL-Hyaluron-Aqua-Peptide-9-Ampoule-Eye-Patch.jpg","datePublished":"2022-01-11T16:00:24+00:00","dateModified":"2026-02-12T12:47:48+00:00","breadcrumb":{"@id":"https:\/\/medipeel.me\/product\/medi-peel-hyaluron-aqua-peptide-9-ampoule-eye-patch\/#breadcrumb"},"inLanguage":"sr-RS","potentialAction":[{"@type":"ReadAction","target":["https:\/\/medipeel.me\/product\/medi-peel-hyaluron-aqua-peptide-9-ampoule-eye-patch\/"]}]},{"@type":"ImageObject","inLanguage":"sr-RS","@id":"https:\/\/medipeel.me\/product\/medi-peel-hyaluron-aqua-peptide-9-ampoule-eye-patch\/#primaryimage","url":"https:\/\/medipeel.me\/wp-content\/uploads\/2022\/01\/MEDI-PEEL-Hyaluron-Aqua-Peptide-9-Ampoule-Eye-Patch.jpg","contentUrl":"https:\/\/medipeel.me\/wp-content\/uploads\/2022\/01\/MEDI-PEEL-Hyaluron-Aqua-Peptide-9-Ampoule-Eye-Patch.jpg","width":800,"height":800},{"@type":"BreadcrumbList","@id":"https:\/\/medipeel.me\/product\/medi-peel-hyaluron-aqua-peptide-9-ampoule-eye-patch\/#breadcrumb","itemListElement":[{"@type":"ListItem","position":1,"name":"\u0413\u043b\u0430\u0432\u043d\u0430\u044f \u0441\u0442\u0440\u0430\u043d\u0438\u0446\u0430","item":"https:\/\/medipeel.me\/"},{"@type":"ListItem","position":2,"name":"\u041a\u0430\u0442\u0430\u043b\u043e\u0433","item":"https:\/\/medipeel.me\/"},{"@type":"ListItem","position":3,"name":"Medi-Peel Hyaluron Aqua Peptide 9 Ampoule Eye Patch"}]},{"@type":"WebSite","@id":"https:\/\/medipeel.me\/sr\/#website","url":"https:\/\/medipeel.me\/sr\/","name":"Medi-Peel Montenegro","description":"Ekskluzivni zastupnik MEDI-PEEL za Crnu Goru","publisher":{"@id":"https:\/\/medipeel.me\/sr\/#organization"},"potentialAction":[{"@type":"SearchAction","target":{"@type":"EntryPoint","urlTemplate":"https:\/\/medipeel.me\/sr\/?s={search_term_string}"},"query-input":{"@type":"PropertyValueSpecification","valueRequired":true,"valueName":"search_term_string"}}],"inLanguage":"sr-RS"},{"@type":"Organization","@id":"https:\/\/medipeel.me\/sr\/#organization","name":"MEDII-PEEL","url":"https:\/\/medipeel.me\/sr\/","logo":{"@type":"ImageObject","inLanguage":"sr-RS","@id":"https:\/\/medipeel.me\/sr\/#\/schema\/logo\/image\/","url":"https:\/\/medipeel.me\/wp-content\/uploads\/2021\/10\/Logo-MediPeel-Mne.jpg","contentUrl":"https:\/\/medipeel.me\/wp-content\/uploads\/2021\/10\/Logo-MediPeel-Mne.jpg","width":288,"height":288,"caption":"MEDII-PEEL"},"image":{"@id":"https:\/\/medipeel.me\/sr\/#\/schema\/logo\/image\/"},"sameAs":["https:\/\/www.facebook.com\/medipeel.montenegro.serbia\/"]}]}},"uagb_featured_image_src":{"full":["https:\/\/medipeel.me\/wp-content\/uploads\/2022\/01\/MEDI-PEEL-Hyaluron-Aqua-Peptide-9-Ampoule-Eye-Patch.jpg",800,800,false],"thumbnail":["https:\/\/medipeel.me\/wp-content\/uploads\/2022\/01\/MEDI-PEEL-Hyaluron-Aqua-Peptide-9-Ampoule-Eye-Patch-150x150.jpg",150,150,true],"medium":["https:\/\/medipeel.me\/wp-content\/uploads\/2022\/01\/MEDI-PEEL-Hyaluron-Aqua-Peptide-9-Ampoule-Eye-Patch-300x300.jpg",300,300,true],"medium_large":["https:\/\/medipeel.me\/wp-content\/uploads\/2022\/01\/MEDI-PEEL-Hyaluron-Aqua-Peptide-9-Ampoule-Eye-Patch-768x768.jpg",768,768,true],"large":["https:\/\/medipeel.me\/wp-content\/uploads\/2022\/01\/MEDI-PEEL-Hyaluron-Aqua-Peptide-9-Ampoule-Eye-Patch.jpg",800,800,false],"1536x1536":["https:\/\/medipeel.me\/wp-content\/uploads\/2022\/01\/MEDI-PEEL-Hyaluron-Aqua-Peptide-9-Ampoule-Eye-Patch.jpg",800,800,false],"2048x2048":["https:\/\/medipeel.me\/wp-content\/uploads\/2022\/01\/MEDI-PEEL-Hyaluron-Aqua-Peptide-9-Ampoule-Eye-Patch.jpg",800,800,false],"trp-custom-language-flag":["https:\/\/medipeel.me\/wp-content\/uploads\/2022\/01\/MEDI-PEEL-Hyaluron-Aqua-Peptide-9-Ampoule-Eye-Patch-12x12.jpg",12,12,true],"vcmegaposts-masonry":["https:\/\/medipeel.me\/wp-content\/uploads\/2022\/01\/MEDI-PEEL-Hyaluron-Aqua-Peptide-9-Ampoule-Eye-Patch-500x500.jpg",500,500,true],"vcmegaposts-normal":["https:\/\/medipeel.me\/wp-content\/uploads\/2022\/01\/MEDI-PEEL-Hyaluron-Aqua-Peptide-9-Ampoule-Eye-Patch-800x800.jpg",800,800,true],"vcmegaposts-type1":["https:\/\/medipeel.me\/wp-content\/uploads\/2022\/01\/MEDI-PEEL-Hyaluron-Aqua-Peptide-9-Ampoule-Eye-Patch-800x500.jpg",800,500,true],"woocommerce_thumbnail":["https:\/\/medipeel.me\/wp-content\/uploads\/2022\/01\/MEDI-PEEL-Hyaluron-Aqua-Peptide-9-Ampoule-Eye-Patch-450x600.jpg",450,600,true],"woocommerce_single":["https:\/\/medipeel.me\/wp-content\/uploads\/2022\/01\/MEDI-PEEL-Hyaluron-Aqua-Peptide-9-Ampoule-Eye-Patch-600x600.jpg",600,600,true],"woocommerce_gallery_thumbnail":["https:\/\/medipeel.me\/wp-content\/uploads\/2022\/01\/MEDI-PEEL-Hyaluron-Aqua-Peptide-9-Ampoule-Eye-Patch-100x100.jpg",100,100,true]},"uagb_author_info":{"display_name":"Medi-Peel","author_link":"https:\/\/medipeel.me\/sr\/author\/"},"uagb_comment_info":0,"uagb_excerpt":"\u0423\u0432\u043b\u0430\u0436\u043d\u044f\u044e\u0449\u0438\u0435 \u0433\u0438\u0434\u0440\u043e\u0433\u0435\u043b\u0435\u0432\u044b\u0435 \u043f\u0430\u0442\u0447\u0438 \u0441 \u043f\u0435\u043f\u0442\u0438\u0434\u0430\u043c\u0438. 60 \u0448\u0442\u0443\u043a.","jetpack_sharing_enabled":true,"_links":{"self":[{"href":"https:\/\/medipeel.me\/sr\/wp-json\/wp\/v2\/product\/3885","targetHints":{"allow":["GET"]}}],"collection":[{"href":"https:\/\/medipeel.me\/sr\/wp-json\/wp\/v2\/product"}],"about":[{"href":"https:\/\/medipeel.me\/sr\/wp-json\/wp\/v2\/types\/product"}],"wp:featuredmedia":[{"embeddable":true,"href":"https:\/\/medipeel.me\/sr\/wp-json\/wp\/v2\/media\/3886"}],"wp:attachment":[{"href":"https:\/\/medipeel.me\/sr\/wp-json\/wp\/v2\/media?parent=3885"}],"wp:term":[{"taxonomy":"product_brand","embeddable":true,"href":"https:\/\/medipeel.me\/sr\/wp-json\/wp\/v2\/product_brand?post=3885"},{"taxonomy":"product_cat","embeddable":true,"href":"https:\/\/medipeel.me\/sr\/wp-json\/wp\/v2\/product_cat?post=3885"},{"taxonomy":"product_tag","embeddable":true,"href":"https:\/\/medipeel.me\/sr\/wp-json\/wp\/v2\/product_tag?post=3885"}],"curies":[{"name":"wp","href":"https:\/\/api.w.org\/{rel}","templated":true}]}}