{"id":1900,"date":"2021-08-27T17:02:20","date_gmt":"2021-08-27T14:02:20","guid":{"rendered":"https:\/\/medipeel.me\/?post_type=product&#038;p=1900"},"modified":"2025-10-30T22:06:56","modified_gmt":"2025-10-30T21:06:56","slug":"medi-peel-collagen-super10-sleeping-cream","status":"publish","type":"product","link":"https:\/\/medipeel.me\/sr\/\u043f\u0440\u043e\u0438\u0437\u0432\u043e\u0434\/medi-peel-collagen-super10-sleeping-cream\/","title":{"rendered":"Medi-Peel Collagen Super 10 Sleeping Cream"},"content":{"rendered":"<p class=\"translation-block\">Podmla\u0111ujuc\u0301a kolagenska noc\u0301na krema za lice Medi-Peel Collagen Super 10 Sleeping Cream vrac\u0301a \u010dvrstinu i elasti\u010dnost ko\u017ei, ja\u010da njen turgor, zate\u017ee i formira oval lica. Krema se razlikuje po najvec\u0301oj koncentraciji kolagena, koji je u stanju da popuni nabore na ko\u017ei, smanji dubinu bora, a tako\u0111e stimuli\u0161e proizvodnju sopstvenih elastinskih i kolagenskih vlakana. Kompleks ekstrakata od 10 superfoods intenzivno hidrira ko\u017eu, pobolj\u0161ava njen imunitet, ima visoku antioksidativnu aktivnost i aktivno neguje ko\u017eu. Krema obnavlja hidro-lipidnu barijeru ko\u017ee, spre\u010davaju\u0107i starenje epidermisa, smanjuju\u0107i dubinu bora i podmla\u0111uju\u0107e. Krema ima laganu i ne\u017enu teksturu, brzo se apsorbuje bez ostavljanja lepljivosti ili masnog sjaja. Ima blagi efekat hla\u0111enja i umiruje ko\u017eu. Tokom noc\u0301i, krema intenzivno neguje i hidrira ko\u017eu, sprovodi vlagu do dubokih slojeva epidermisa i bori se protiv suvoc\u0301e. Vrac\u0301a \u010dvrstinu i elasti\u010dnost tkiva, povec\u0301ava turgor ko\u017ee i usporava proces starenja. \n<br>Hidrolizovani kolagen pobolj\u0161ava op\u0161te stanje ko\u017ee: zagla\u0111uje i ujedna\u010dava je, \u010dini je \u010dvrstom i elasti\u010dnom, uklanja sitne bore i osve\u017eava. Ima lekovito i umirujuc\u0301e dejstvo\nzadr\u017eava vlagu u dubokim slojevima ko\u017ee. <br>Peptidni kompleks povec\u0301ava \u010dvrstinu i elasti\u010dnost ko\u017ee, ubrzava proizvodnju sopstvenih kolagenih i elastinskih vlakana u telu. Smanjuje dubinu bora i spre\u010dava opu\u0161tanje ko\u017ee.<\/p>\n<p><strong>Na\u010din upotrebe:<\/strong> naneti kao zavr\u0161ni korak ve\u010dernje nege, nakon nano\u0161enja seruma.<\/p>\n<hr \/>\n<div><em><strong><em>Sastojci:<\/em><\/strong> Water, Glycerin, Niacinamide, Dimethicone, Butylene Glycol, PEG-240\/HDI Copolymer Bis-Decyltetradeceth-20 Ether, Dimethicone\/Vinyl Dimethicone Crosspolymer, Hydroxyacetophenone, PEG-60 Hydrogenated Castor Oil, Glyceryl Stearate, PEG-10 Dimethicone, PEG-100 Stearate, Carbomer, Arginine, Squalane, Sweet Almond Oil, Propanediol, Ethylhexylglycerin, Trehalose, Allantoin, Adenosine, Sodium Hyaluronate, Disodium EDTA, Blueberry Fruit Extract, Jojoba Seed Oil, Oat Meal Extract, Argan Kernel Oil, Ceramide NP, Hydrogenated Lecithin, Grape Fruit Extract, Apple Fruit Extract, Plum Fruit Extract, Papaya Fruit Extract, Aloe Vera Leaf Extract, PEG-10 Rapeseed Sterol, Spinach Leaf Extract, Walnut Seed Extract, Garlic Bulb Extract, Bioflavonoids, BHT, Glycereth-20, Olive Leaf Extract, Licorice Root Extract, Dandelion Leaf Extract, Willow Bark Extract, Oregano Leaf Extract, Green Tea Leaf Extract, Broccoli Extract, Portulaca Extract, Soybean Ferment Extract, Cinnamomum Bark Extract, Damask Rose Flower Extract, Rhodiola Root Extract, Pepper Fruit Extract, Lichen Extract, Korean Pasque Flower Extract, Copper Tripeptide-1, Acetyl Hexapeptide-8, Oligopeptide-32, Oligopeptide-29, Palmitoyl Pentapeptide-4, Phenoxyethanol, Fragrance, Limonene, Alpha-Isomethyl Ionone, Linalool.<\/em><\/div>","protected":false},"excerpt":{"rendered":"<p>Noc\u0301na krema sa kolagenom. 70ml<\/p>","protected":false},"featured_media":2323,"template":"","meta":{"_uag_custom_page_level_css":""},"product_brand":[],"product_cat":[255,259,373,374,366,329,307,392,574,301,260,310],"product_tag":[],"class_list":{"0":"post-1900","1":"product","2":"type-product","3":"status-publish","4":"has-post-thumbnail","6":"product_cat-antiage","7":"product_cat-repair","8":"product_cat-alltypesofskin","9":"product_cat-matureskin","10":"product_cat-dryskin","11":"product_cat-facecream","12":"product_cat-lifting","13":"product_cat-nightcream","14":"product_cat-574","15":"product_cat-nutrition","16":"product_cat-hidratation","17":"product_cat-bestsellers","18":"post-item","20":"first","21":"instock","22":"shipping-taxable","23":"purchasable","24":"product-type-simple"},"yoast_head":"<!-- This site is optimized with the Yoast SEO Premium plugin v27.2 (Yoast SEO v27.2) - https:\/\/yoast.com\/product\/yoast-seo-premium-wordpress\/ -->\n<title>Medi-Peel Collagen Super 10 Sleeping Cream - Medi-Peel Montenegro<\/title>\n<meta name=\"robots\" content=\"index, follow, max-snippet:-1, max-image-preview:large, max-video-preview:-1\" \/>\n<link rel=\"canonical\" href=\"https:\/\/medipeel.me\/sr\/\u043f\u0440\u043e\u0438\u0437\u0432\u043e\u0434\/medi-peel-collagen-super10-sleeping-cream\/\" \/>\n<meta property=\"og:locale\" content=\"sr_RS\" \/>\n<meta property=\"og:type\" content=\"article\" \/>\n<meta property=\"og:title\" content=\"Medi-Peel Collagen Super 10 Sleeping Cream\" \/>\n<meta property=\"og:description\" content=\"\u041e\u043c\u043e\u043b\u0430\u0436\u0438\u0432\u0430\u044e\u0449\u0438\u0439 \u043d\u043e\u0447\u043d\u043e\u0439 \u043a\u0440\u0435\u043c \u0434\u043b\u044f \u043b\u0438\u0446\u0430 \u0441 \u043a\u043e\u043b\u043b\u0430\u0433\u0435\u043d\u043e\u043c. 70ml\" \/>\n<meta property=\"og:url\" content=\"https:\/\/medipeel.me\/sr\/\u043f\u0440\u043e\u0438\u0437\u0432\u043e\u0434\/medi-peel-collagen-super10-sleeping-cream\/\" \/>\n<meta property=\"og:site_name\" content=\"Medi-Peel Montenegro\" \/>\n<meta property=\"article:publisher\" content=\"https:\/\/www.facebook.com\/medipeel.montenegro.serbia\/\" \/>\n<meta property=\"article:modified_time\" content=\"2025-10-30T21:06:56+00:00\" \/>\n<meta property=\"og:image\" content=\"https:\/\/medipeel.me\/wp-content\/uploads\/2021\/10\/MEDI-PEEL-Collagen-super-10-sleeping-cream-1.jpg\" \/>\n\t<meta property=\"og:image:width\" content=\"1200\" \/>\n\t<meta property=\"og:image:height\" content=\"1200\" \/>\n\t<meta property=\"og:image:type\" content=\"image\/jpeg\" \/>\n<script type=\"application\/ld+json\" class=\"yoast-schema-graph\">{\"@context\":\"https:\/\/schema.org\",\"@graph\":[{\"@type\":\"WebPage\",\"@id\":\"https:\/\/medipeel.me\/sr\/product\/medi-peel-collagen-super10-sleeping-cream\/\",\"url\":\"https:\/\/medipeel.me\/sr\/product\/medi-peel-collagen-super10-sleeping-cream\/\",\"name\":\"Medi-Peel Collagen Super 10 Sleeping Cream - Medi-Peel Montenegro\",\"isPartOf\":{\"@id\":\"https:\/\/medipeel.me\/sr\/#website\"},\"primaryImageOfPage\":{\"@id\":\"https:\/\/medipeel.me\/sr\/product\/medi-peel-collagen-super10-sleeping-cream\/#primaryimage\"},\"image\":{\"@id\":\"https:\/\/medipeel.me\/sr\/product\/medi-peel-collagen-super10-sleeping-cream\/#primaryimage\"},\"thumbnailUrl\":\"https:\/\/medipeel.me\/wp-content\/uploads\/2021\/10\/MEDI-PEEL-Collagen-super-10-sleeping-cream-1.jpg\",\"datePublished\":\"2021-08-27T14:02:20+00:00\",\"dateModified\":\"2025-10-30T21:06:56+00:00\",\"breadcrumb\":{\"@id\":\"https:\/\/medipeel.me\/sr\/product\/medi-peel-collagen-super10-sleeping-cream\/#breadcrumb\"},\"inLanguage\":\"sr-RS\",\"potentialAction\":[{\"@type\":\"ReadAction\",\"target\":[\"https:\/\/medipeel.me\/sr\/product\/medi-peel-collagen-super10-sleeping-cream\/\"]}]},{\"@type\":\"ImageObject\",\"inLanguage\":\"sr-RS\",\"@id\":\"https:\/\/medipeel.me\/sr\/product\/medi-peel-collagen-super10-sleeping-cream\/#primaryimage\",\"url\":\"https:\/\/medipeel.me\/wp-content\/uploads\/2021\/10\/MEDI-PEEL-Collagen-super-10-sleeping-cream-1.jpg\",\"contentUrl\":\"https:\/\/medipeel.me\/wp-content\/uploads\/2021\/10\/MEDI-PEEL-Collagen-super-10-sleeping-cream-1.jpg\",\"width\":1200,\"height\":1200},{\"@type\":\"BreadcrumbList\",\"@id\":\"https:\/\/medipeel.me\/sr\/product\/medi-peel-collagen-super10-sleeping-cream\/#breadcrumb\",\"itemListElement\":[{\"@type\":\"ListItem\",\"position\":1,\"name\":\"\u0413\u043b\u0430\u0432\u043d\u0430\u044f \u0441\u0442\u0440\u0430\u043d\u0438\u0446\u0430\",\"item\":\"https:\/\/medipeel.me\/\"},{\"@type\":\"ListItem\",\"position\":2,\"name\":\"\u041a\u0430\u0442\u0430\u043b\u043e\u0433\",\"item\":\"https:\/\/medipeel.me\/\"},{\"@type\":\"ListItem\",\"position\":3,\"name\":\"Medi-Peel Collagen Super 10 Sleeping Cream\"}]},{\"@type\":\"WebSite\",\"@id\":\"https:\/\/medipeel.me\/sr\/#website\",\"url\":\"https:\/\/medipeel.me\/sr\/\",\"name\":\"Medi-Peel Montenegro\",\"description\":\"Ekskluzivni zastupnik MEDI-PEEL za Crnu Goru\",\"publisher\":{\"@id\":\"https:\/\/medipeel.me\/sr\/#organization\"},\"potentialAction\":[{\"@type\":\"SearchAction\",\"target\":{\"@type\":\"EntryPoint\",\"urlTemplate\":\"https:\/\/medipeel.me\/sr\/?s={search_term_string}\"},\"query-input\":{\"@type\":\"PropertyValueSpecification\",\"valueRequired\":true,\"valueName\":\"search_term_string\"}}],\"inLanguage\":\"sr-RS\"},{\"@type\":\"Organization\",\"@id\":\"https:\/\/medipeel.me\/sr\/#organization\",\"name\":\"MEDII-PEEL\",\"url\":\"https:\/\/medipeel.me\/sr\/\",\"logo\":{\"@type\":\"ImageObject\",\"inLanguage\":\"sr-RS\",\"@id\":\"https:\/\/medipeel.me\/sr\/#\/schema\/logo\/image\/\",\"url\":\"https:\/\/medipeel.me\/wp-content\/uploads\/2021\/10\/Logo-MediPeel-Mne.jpg\",\"contentUrl\":\"https:\/\/medipeel.me\/wp-content\/uploads\/2021\/10\/Logo-MediPeel-Mne.jpg\",\"width\":288,\"height\":288,\"caption\":\"MEDII-PEEL\"},\"image\":{\"@id\":\"https:\/\/medipeel.me\/sr\/#\/schema\/logo\/image\/\"},\"sameAs\":[\"https:\/\/www.facebook.com\/medipeel.montenegro.serbia\/\"]}]}<\/script>\n<!-- \/ Yoast SEO Premium plugin. -->","yoast_head_json":{"title":"Medi-Peel Collagen Super 10 Sleeping Cream - Medi-Peel Montenegro","robots":{"index":"index","follow":"follow","max-snippet":"max-snippet:-1","max-image-preview":"max-image-preview:large","max-video-preview":"max-video-preview:-1"},"canonical":"https:\/\/medipeel.me\/sr\/\u043f\u0440\u043e\u0438\u0437\u0432\u043e\u0434\/medi-peel-collagen-super10-sleeping-cream\/","og_locale":"sr_RS","og_type":"article","og_title":"Medi-Peel Collagen Super 10 Sleeping Cream","og_description":"\u041e\u043c\u043e\u043b\u0430\u0436\u0438\u0432\u0430\u044e\u0449\u0438\u0439 \u043d\u043e\u0447\u043d\u043e\u0439 \u043a\u0440\u0435\u043c \u0434\u043b\u044f \u043b\u0438\u0446\u0430 \u0441 \u043a\u043e\u043b\u043b\u0430\u0433\u0435\u043d\u043e\u043c. 70ml","og_url":"https:\/\/medipeel.me\/sr\/\u043f\u0440\u043e\u0438\u0437\u0432\u043e\u0434\/medi-peel-collagen-super10-sleeping-cream\/","og_site_name":"Medi-Peel Montenegro","article_publisher":"https:\/\/www.facebook.com\/medipeel.montenegro.serbia\/","article_modified_time":"2025-10-30T21:06:56+00:00","og_image":[{"width":1200,"height":1200,"url":"https:\/\/medipeel.me\/wp-content\/uploads\/2021\/10\/MEDI-PEEL-Collagen-super-10-sleeping-cream-1.jpg","type":"image\/jpeg"}],"schema":{"@context":"https:\/\/schema.org","@graph":[{"@type":"WebPage","@id":"https:\/\/medipeel.me\/sr\/product\/medi-peel-collagen-super10-sleeping-cream\/","url":"https:\/\/medipeel.me\/sr\/product\/medi-peel-collagen-super10-sleeping-cream\/","name":"Medi-Peel Collagen Super 10 Sleeping Cream - Medi-Peel Montenegro","isPartOf":{"@id":"https:\/\/medipeel.me\/sr\/#website"},"primaryImageOfPage":{"@id":"https:\/\/medipeel.me\/sr\/product\/medi-peel-collagen-super10-sleeping-cream\/#primaryimage"},"image":{"@id":"https:\/\/medipeel.me\/sr\/product\/medi-peel-collagen-super10-sleeping-cream\/#primaryimage"},"thumbnailUrl":"https:\/\/medipeel.me\/wp-content\/uploads\/2021\/10\/MEDI-PEEL-Collagen-super-10-sleeping-cream-1.jpg","datePublished":"2021-08-27T14:02:20+00:00","dateModified":"2025-10-30T21:06:56+00:00","breadcrumb":{"@id":"https:\/\/medipeel.me\/sr\/product\/medi-peel-collagen-super10-sleeping-cream\/#breadcrumb"},"inLanguage":"sr-RS","potentialAction":[{"@type":"ReadAction","target":["https:\/\/medipeel.me\/sr\/product\/medi-peel-collagen-super10-sleeping-cream\/"]}]},{"@type":"ImageObject","inLanguage":"sr-RS","@id":"https:\/\/medipeel.me\/sr\/product\/medi-peel-collagen-super10-sleeping-cream\/#primaryimage","url":"https:\/\/medipeel.me\/wp-content\/uploads\/2021\/10\/MEDI-PEEL-Collagen-super-10-sleeping-cream-1.jpg","contentUrl":"https:\/\/medipeel.me\/wp-content\/uploads\/2021\/10\/MEDI-PEEL-Collagen-super-10-sleeping-cream-1.jpg","width":1200,"height":1200},{"@type":"BreadcrumbList","@id":"https:\/\/medipeel.me\/sr\/product\/medi-peel-collagen-super10-sleeping-cream\/#breadcrumb","itemListElement":[{"@type":"ListItem","position":1,"name":"\u0413\u043b\u0430\u0432\u043d\u0430\u044f \u0441\u0442\u0440\u0430\u043d\u0438\u0446\u0430","item":"https:\/\/medipeel.me\/"},{"@type":"ListItem","position":2,"name":"\u041a\u0430\u0442\u0430\u043b\u043e\u0433","item":"https:\/\/medipeel.me\/"},{"@type":"ListItem","position":3,"name":"Medi-Peel Collagen Super 10 Sleeping Cream"}]},{"@type":"WebSite","@id":"https:\/\/medipeel.me\/sr\/#website","url":"https:\/\/medipeel.me\/sr\/","name":"Medi-Peel Montenegro","description":"Ekskluzivni zastupnik MEDI-PEEL za Crnu Goru","publisher":{"@id":"https:\/\/medipeel.me\/sr\/#organization"},"potentialAction":[{"@type":"SearchAction","target":{"@type":"EntryPoint","urlTemplate":"https:\/\/medipeel.me\/sr\/?s={search_term_string}"},"query-input":{"@type":"PropertyValueSpecification","valueRequired":true,"valueName":"search_term_string"}}],"inLanguage":"sr-RS"},{"@type":"Organization","@id":"https:\/\/medipeel.me\/sr\/#organization","name":"MEDII-PEEL","url":"https:\/\/medipeel.me\/sr\/","logo":{"@type":"ImageObject","inLanguage":"sr-RS","@id":"https:\/\/medipeel.me\/sr\/#\/schema\/logo\/image\/","url":"https:\/\/medipeel.me\/wp-content\/uploads\/2021\/10\/Logo-MediPeel-Mne.jpg","contentUrl":"https:\/\/medipeel.me\/wp-content\/uploads\/2021\/10\/Logo-MediPeel-Mne.jpg","width":288,"height":288,"caption":"MEDII-PEEL"},"image":{"@id":"https:\/\/medipeel.me\/sr\/#\/schema\/logo\/image\/"},"sameAs":["https:\/\/www.facebook.com\/medipeel.montenegro.serbia\/"]}]}},"uagb_featured_image_src":{"full":["https:\/\/medipeel.me\/wp-content\/uploads\/2021\/10\/MEDI-PEEL-Collagen-super-10-sleeping-cream-1.jpg",1200,1200,false],"thumbnail":["https:\/\/medipeel.me\/wp-content\/uploads\/2021\/10\/MEDI-PEEL-Collagen-super-10-sleeping-cream-1-150x150.jpg",150,150,true],"medium":["https:\/\/medipeel.me\/wp-content\/uploads\/2021\/10\/MEDI-PEEL-Collagen-super-10-sleeping-cream-1-300x300.jpg",300,300,true],"medium_large":["https:\/\/medipeel.me\/wp-content\/uploads\/2021\/10\/MEDI-PEEL-Collagen-super-10-sleeping-cream-1-768x768.jpg",768,768,true],"large":["https:\/\/medipeel.me\/wp-content\/uploads\/2021\/10\/MEDI-PEEL-Collagen-super-10-sleeping-cream-1-1024x1024.jpg",1024,1024,true],"1536x1536":["https:\/\/medipeel.me\/wp-content\/uploads\/2021\/10\/MEDI-PEEL-Collagen-super-10-sleeping-cream-1.jpg",1200,1200,false],"2048x2048":["https:\/\/medipeel.me\/wp-content\/uploads\/2021\/10\/MEDI-PEEL-Collagen-super-10-sleeping-cream-1.jpg",1200,1200,false],"trp-custom-language-flag":["https:\/\/medipeel.me\/wp-content\/uploads\/2021\/10\/MEDI-PEEL-Collagen-super-10-sleeping-cream-1-12x12.jpg",12,12,true],"vcmegaposts-masonry":["https:\/\/medipeel.me\/wp-content\/uploads\/2021\/10\/MEDI-PEEL-Collagen-super-10-sleeping-cream-1.jpg",500,500,false],"vcmegaposts-normal":["https:\/\/medipeel.me\/wp-content\/uploads\/2021\/10\/MEDI-PEEL-Collagen-super-10-sleeping-cream-1.jpg",800,800,false],"vcmegaposts-type1":["https:\/\/medipeel.me\/wp-content\/uploads\/2021\/10\/MEDI-PEEL-Collagen-super-10-sleeping-cream-1.jpg",500,500,false],"woocommerce_thumbnail":["https:\/\/medipeel.me\/wp-content\/uploads\/2021\/10\/MEDI-PEEL-Collagen-super-10-sleeping-cream-1-450x600.jpg",450,600,true],"woocommerce_single":["https:\/\/medipeel.me\/wp-content\/uploads\/2021\/10\/MEDI-PEEL-Collagen-super-10-sleeping-cream-1-600x600.jpg",600,600,true],"woocommerce_gallery_thumbnail":["https:\/\/medipeel.me\/wp-content\/uploads\/2021\/10\/MEDI-PEEL-Collagen-super-10-sleeping-cream-1-100x100.jpg",100,100,true]},"uagb_author_info":{"display_name":"Medi-Peel","author_link":"https:\/\/medipeel.me\/sr\/author\/"},"uagb_comment_info":0,"uagb_excerpt":"\u041e\u043c\u043e\u043b\u0430\u0436\u0438\u0432\u0430\u044e\u0449\u0438\u0439 \u043d\u043e\u0447\u043d\u043e\u0439 \u043a\u0440\u0435\u043c \u0434\u043b\u044f \u043b\u0438\u0446\u0430 \u0441 \u043a\u043e\u043b\u043b\u0430\u0433\u0435\u043d\u043e\u043c. 70ml","jetpack_sharing_enabled":true,"_links":{"self":[{"href":"https:\/\/medipeel.me\/sr\/wp-json\/wp\/v2\/product\/1900","targetHints":{"allow":["GET"]}}],"collection":[{"href":"https:\/\/medipeel.me\/sr\/wp-json\/wp\/v2\/product"}],"about":[{"href":"https:\/\/medipeel.me\/sr\/wp-json\/wp\/v2\/types\/product"}],"wp:featuredmedia":[{"embeddable":true,"href":"https:\/\/medipeel.me\/sr\/wp-json\/wp\/v2\/media\/2323"}],"wp:attachment":[{"href":"https:\/\/medipeel.me\/sr\/wp-json\/wp\/v2\/media?parent=1900"}],"wp:term":[{"taxonomy":"product_brand","embeddable":true,"href":"https:\/\/medipeel.me\/sr\/wp-json\/wp\/v2\/product_brand?post=1900"},{"taxonomy":"product_cat","embeddable":true,"href":"https:\/\/medipeel.me\/sr\/wp-json\/wp\/v2\/product_cat?post=1900"},{"taxonomy":"product_tag","embeddable":true,"href":"https:\/\/medipeel.me\/sr\/wp-json\/wp\/v2\/product_tag?post=1900"}],"curies":[{"name":"wp","href":"https:\/\/api.w.org\/{rel}","templated":true}]}}