{"id":192,"date":"2021-04-29T13:44:51","date_gmt":"2021-04-29T13:44:51","guid":{"rendered":"https:\/\/import2bs.wpengine.com\/?page_id=192"},"modified":"2026-04-18T19:52:27","modified_gmt":"2026-04-18T17:52:27","slug":"contact","status":"publish","type":"page","link":"https:\/\/medipeel.me\/sr\/contact\/","title":{"rendered":"Contact"},"content":{"rendered":"<h4><strong>ADRESE ZVANI\u010cNIH PRODAVNICA<\/strong><br \/>\n\ud83d\udccdTIVAT,\u00a0Njego\u0161eva, 12.<br \/>\n\ud83d\udccdBUDVA, Jadranska magistrala, pored Montefish-a (ranije Franca).<br \/>\n\ud83d\udccdPODGORICA \u2014 Lumeori, ul. \u0160eika Zaida (The Capital Plaza).<br \/>\nKonsultacija za odabir kozmetike:  +382 68 086 640 whatsapp<\/h4>\n<h4>U na\u0161im prodavnicama mo\u017eete pogledati aktuelni asortiman proizvoda, kao i preuzeti naru\u010denu robu sa oznakom \"Preuzimanje iz prodavnice\".<br \/>\nPA\u017dNJA! Narud\u017ebine ozna\u010dene kao \"Preuzimanje u prodavnici\" \u010duvaju se najvi\u0161e 5 radnih dana, nakon \u010dega \u0107e biti poni\u0161tene. Molimo vas da budete pa\u017eljivi!<\/h4>\n<h4>Radno vrijeme prodavnice:<br \/>\nPonedeljak \u2013 subota 10:00 \u2013 19:00, osim nedelje i praznika.<\/h4>\n<h4>Ljetnje radno vrijeme:<br \/>\n\u0411\u0443\u0434\u0432\u0430: 10:00 &#8211; 20:00<br \/>\n\u0422\u0438\u0432\u0430\u0442: 10:00 &#8211; 19:00<br \/>\n\u041f\u043e\u0434\u0433\u043e\u0440\u0438\u0446\u0430: 10:00 &#8211; 21:00<\/h4>\n<h4>Novogodi\u0161nji praznici:<br \/>\nNeradni dani: 1-2. januar, 5-8. januar.<br \/>\nRadni dani: 3-4. januar.<\/h4>\n<h4><strong>PARTNERSKE PRODAVNICE<\/strong><br \/>\n\ud83d\udccdHERCEG NOVI, Relax Studio, Njego\u0161eva, 168. Tel.+382 69190 570<br \/>\n\ud83d\udccdRISAN, Beauty salon Monika. Tel.+382 69 069 960 Location<br \/>\n\ud83d\udccdBAR, shop Svetlana, Trg Mladih broj 1 preko puta foto studija fotoBONI.<\/h4>\n<h4><strong>PARTNERSKA MRE\u017dA APOTEKA BENU<\/strong><br \/>\n\ud83d\udccdPODGORICA, Moskovska, 22.\u00a0Tel.\u00a0 +382 67 202 984<br \/>\n\ud83d\udccdBAR, Supermarket Franca,\u00a0Bulevar Novembra, 4. Tel. +382 303 315 333,\u00a0+382 67 349 766<\/h4>\n<h4>PA\u017dNJA! Akcije, popusti i specijalne ponude va\u017ee isklju\u010divo u na\u0161im zvani\u010dnim prodavnicama i ne odnose se na proizvode kupljene u prodavnicama na\u0161ih partnera.<\/h4>\n<h4><strong><a href=\"https:\/\/www.instagram.com\/medipeel.official_montenegro\" target=\"_blank\" rel=\"noopener\">Find us on Instagram\u00a0<\/a><\/strong><\/h4>\n<h4><strong><a href=\"https:\/\/www.facebook.com\/medipeel.montenegro.serbia\" target=\"_blank\" rel=\"noopener\">Find us on Facebook<\/a><\/strong><\/h4>\n<style type=\"text\/css\" id=\"gmpMapStyles_3_79856\">\r\n\t#google_map_easy_3_79856 {\r\n        width: 100%;\r\n        height: 500px;\r\n\t\t\t\t\t\t    }\r\n\t#gmapControlsNum_3_79856 {\r\n\t\twidth:100%\t}\r\n\t.gmpMapDetailsContainer#gmpMapDetailsContainer_3_79856 {\r\n\t\theight:500px;\r\n\t}\r\n\t.gmp_MapPreview#google_map_easy_3_79856 {\r\n\t\t\/*position:absolute;*\/\r\n\t\twidth: 100%;\r\n\t}\r\n\t#mapConElem_3_79856{\r\n\t\twidth: 100%\t}\r\n    .gm-style .gm-style-iw-c{\r\n        padding: 12px!important;\r\n    }\r\n\t    <\/style>\r\n <div class=\"gmp_map_opts\" id=\"mapConElem_3_79856\" data-id=\"3\" data-view-id=\"3_79856\" > <div class=\"gmpMapDetailsContainer\" id=\"gmpMapDetailsContainer_3_79856\"> <i class=\"gmpKMLLayersPreloader fa fa-spinner fa-spin\" aria-hidden=\"true\" style=\"display: none;\"><\/i> <div class=\"gmp_MapPreview\" id=\"google_map_easy_3_79856\"><\/div> <\/div> <div class=\"gmpMapMarkerFilters\" id=\"gmpMapMarkerFilters_3_79856\"> <\/div> <div class=\"gmpMapProControlsCon\" id=\"gmpMapProControlsCon_3_79856\"> <a title=\"WordPress Google Maps Plugin\" style=\"display:none;\" href=\"https:\/\/supsystic.com\/plugins\/google-maps-plugin\/?utm_medium=love_link_hide\" target=\"_blank\">WordPress Google Maps Plugin<\/a><div style=\"clear: both;\"><\/div> <\/div> <div class=\"gmpMapProDirectionsCon\" id=\"gmpMapProDirectionsCon_3_79856\" > <\/div> <div class=\"gmpMapProKmlFilterCon\" id=\"gmpMapProKmlFilterCon_3_79856\" > <\/div> <div class=\"gmpSocialSharingShell gmpSocialSharingShell_3_79856\"> <\/div> <div style=\"clear: both;\"><\/div> <\/div>","protected":false},"excerpt":{"rendered":"<p>\u0410\u0414\u0420\u0415\u0421\u0410 \u0424\u0418\u0420\u041c\u0415\u041d\u041d\u042b\u0425 \u041c\u0410\u0413\u0410\u0417\u0418\u041d\u041e\u0412 \ud83d\udccdTIVAT,\u00a0Njego\u0161eva, 12. \ud83d\udccdBUDVA, Jadranska magistrala, \u0440\u044f\u0434\u043e\u043c \u0441 Montefish (\u0431\u044b\u0432\u0448\u0430\u044f Franca). \ud83d\udccdPODGORICA \u2014 Lumeori, ul. \u0160eika Zaida (The Capital Plaza). \u041f\u043e\u043c\u043e\u0449\u044c \u0432 \u043f\u043e\u0434\u0431\u043e\u0440\u0435 \u043a\u043e\u0441\u043c\u0435\u0442\u0438\u043a\u0438: +382 68 086 640 whatsapp \u0412 \u043d\u0430\u0448\u0438\u0445 \u043c\u0430\u0433\u0430\u0437\u0438\u043d\u0430\u0445 \u0432\u044b \u043c\u043e\u0436\u0435\u0442\u0435 \u043e\u0437\u043d\u0430\u043a\u043e\u043c\u0438\u0442\u044c\u0441\u044f \u0441 \u0430\u043a\u0442\u0443\u0430\u043b\u044c\u043d\u044b\u043c \u0430\u0441\u0441\u043e\u0440\u0442\u0438\u043c\u0435\u043d\u0442\u043e\u043c \u043f\u0440\u043e\u0434\u0443\u043a\u0446\u0438\u0438, \u0430 \u0442\u0430\u043a\u0436\u0435 \u0437\u0430\u0431\u0440\u0430\u0442\u044c \u0437\u0430\u043a\u0430\u0437\u0430\u043d\u043d\u044b\u0439 \u0442\u043e\u0432\u0430\u0440 \u0441 \u043f\u043e\u043c\u0435\u0442\u043a\u043e\u0439 \u201c\u0421\u0430\u043c\u043e\u0432\u044b\u0432\u043e\u0437 \u0438\u0437 \u043c\u0430\u0433\u0430\u0437\u0438\u043d\u0430\u201d. \u0412\u041d\u0418\u041c\u0410\u041d\u0418\u0415! \u0417\u0430\u043a\u0430\u0437\u044b \u0441 \u043f\u043e\u043c\u0435\u0442\u043a\u043e\u0439 [&hellip;]<\/p>\n","protected":false},"author":1,"featured_media":0,"parent":0,"menu_order":0,"comment_status":"closed","ping_status":"closed","template":"","meta":{"_uag_custom_page_level_css":"","footnotes":""},"class_list":["post-192","page","type-page","status-publish","hentry","post-item"],"yoast_head":"<!-- This site is optimized with the Yoast SEO Premium plugin v27.2 (Yoast SEO v27.2) - https:\/\/yoast.com\/product\/yoast-seo-premium-wordpress\/ -->\n<title>Contact - Medi-Peel Montenegro<\/title>\n<meta name=\"robots\" content=\"index, follow, max-snippet:-1, max-image-preview:large, max-video-preview:-1\" \/>\n<link rel=\"canonical\" href=\"https:\/\/medipeel.me\/sr\/contact\/\" \/>\n<meta property=\"og:locale\" content=\"sr_RS\" \/>\n<meta property=\"og:type\" content=\"article\" \/>\n<meta property=\"og:title\" content=\"Contact\" \/>\n<meta property=\"og:description\" content=\"\u0410\u0414\u0420\u0415\u0421\u0410 \u0424\u0418\u0420\u041c\u0415\u041d\u041d\u042b\u0425 \u041c\u0410\u0413\u0410\u0417\u0418\u041d\u041e\u0412 \ud83d\udccdTIVAT,\u00a0Njego\u0161eva, 12. \ud83d\udccdBUDVA, Jadranska magistrala, \u0440\u044f\u0434\u043e\u043c \u0441 Montefish (\u0431\u044b\u0432\u0448\u0430\u044f Franca). \ud83d\udccdPODGORICA \u2014 Lumeori, ul. \u0160eika Zaida (The Capital Plaza). \u041f\u043e\u043c\u043e\u0449\u044c \u0432 \u043f\u043e\u0434\u0431\u043e\u0440\u0435 \u043a\u043e\u0441\u043c\u0435\u0442\u0438\u043a\u0438: +382 68 086 640 whatsapp \u0412 \u043d\u0430\u0448\u0438\u0445 \u043c\u0430\u0433\u0430\u0437\u0438\u043d\u0430\u0445 \u0432\u044b \u043c\u043e\u0436\u0435\u0442\u0435 \u043e\u0437\u043d\u0430\u043a\u043e\u043c\u0438\u0442\u044c\u0441\u044f \u0441 \u0430\u043a\u0442\u0443\u0430\u043b\u044c\u043d\u044b\u043c \u0430\u0441\u0441\u043e\u0440\u0442\u0438\u043c\u0435\u043d\u0442\u043e\u043c \u043f\u0440\u043e\u0434\u0443\u043a\u0446\u0438\u0438, \u0430 \u0442\u0430\u043a\u0436\u0435 \u0437\u0430\u0431\u0440\u0430\u0442\u044c \u0437\u0430\u043a\u0430\u0437\u0430\u043d\u043d\u044b\u0439 \u0442\u043e\u0432\u0430\u0440 \u0441 \u043f\u043e\u043c\u0435\u0442\u043a\u043e\u0439 \u201c\u0421\u0430\u043c\u043e\u0432\u044b\u0432\u043e\u0437 \u0438\u0437 \u043c\u0430\u0433\u0430\u0437\u0438\u043d\u0430\u201d. \u0412\u041d\u0418\u041c\u0410\u041d\u0418\u0415! \u0417\u0430\u043a\u0430\u0437\u044b \u0441 \u043f\u043e\u043c\u0435\u0442\u043a\u043e\u0439 [&hellip;]\" \/>\n<meta property=\"og:url\" content=\"https:\/\/medipeel.me\/sr\/contact\/\" \/>\n<meta property=\"og:site_name\" content=\"Medi-Peel Montenegro\" \/>\n<meta property=\"article:publisher\" content=\"https:\/\/www.facebook.com\/medipeel.montenegro.serbia\/\" \/>\n<meta property=\"article:modified_time\" content=\"2026-04-18T17:52:27+00:00\" \/>\n<meta property=\"og:image\" content=\"https:\/\/medipeel.me\/wp-content\/uploads\/2021\/10\/medi-peel_logo_horiz-mne_ENG2.png\" \/>\n\t<meta property=\"og:image:width\" content=\"1366\" \/>\n\t<meta property=\"og:image:height\" content=\"324\" \/>\n\t<meta property=\"og:image:type\" content=\"image\/png\" \/>\n<script type=\"application\/ld+json\" class=\"yoast-schema-graph\">{\"@context\":\"https:\/\/schema.org\",\"@graph\":[{\"@type\":\"WebPage\",\"@id\":\"https:\/\/medipeel.me\/contact\/\",\"url\":\"https:\/\/medipeel.me\/contact\/\",\"name\":\"Contact - Medi-Peel Montenegro\",\"isPartOf\":{\"@id\":\"https:\/\/medipeel.me\/sr\/#website\"},\"datePublished\":\"2021-04-29T13:44:51+00:00\",\"dateModified\":\"2026-04-18T17:52:27+00:00\",\"breadcrumb\":{\"@id\":\"https:\/\/medipeel.me\/contact\/#breadcrumb\"},\"inLanguage\":\"sr-RS\",\"potentialAction\":[{\"@type\":\"ReadAction\",\"target\":[\"https:\/\/medipeel.me\/contact\/\"]}]},{\"@type\":\"BreadcrumbList\",\"@id\":\"https:\/\/medipeel.me\/contact\/#breadcrumb\",\"itemListElement\":[{\"@type\":\"ListItem\",\"position\":1,\"name\":\"\u0413\u043b\u0430\u0432\u043d\u0430\u044f \u0441\u0442\u0440\u0430\u043d\u0438\u0446\u0430\",\"item\":\"https:\/\/medipeel.me\/\"},{\"@type\":\"ListItem\",\"position\":2,\"name\":\"Contact\"}]},{\"@type\":\"WebSite\",\"@id\":\"https:\/\/medipeel.me\/sr\/#website\",\"url\":\"https:\/\/medipeel.me\/sr\/\",\"name\":\"Medi-Peel Montenegro\",\"description\":\"Ekskluzivni zastupnik MEDI-PEEL za Crnu Goru\",\"publisher\":{\"@id\":\"https:\/\/medipeel.me\/sr\/#organization\"},\"potentialAction\":[{\"@type\":\"SearchAction\",\"target\":{\"@type\":\"EntryPoint\",\"urlTemplate\":\"https:\/\/medipeel.me\/sr\/?s={search_term_string}\"},\"query-input\":{\"@type\":\"PropertyValueSpecification\",\"valueRequired\":true,\"valueName\":\"search_term_string\"}}],\"inLanguage\":\"sr-RS\"},{\"@type\":\"Organization\",\"@id\":\"https:\/\/medipeel.me\/sr\/#organization\",\"name\":\"MEDII-PEEL\",\"url\":\"https:\/\/medipeel.me\/sr\/\",\"logo\":{\"@type\":\"ImageObject\",\"inLanguage\":\"sr-RS\",\"@id\":\"https:\/\/medipeel.me\/sr\/#\/schema\/logo\/image\/\",\"url\":\"https:\/\/medipeel.me\/wp-content\/uploads\/2021\/10\/Logo-MediPeel-Mne.jpg\",\"contentUrl\":\"https:\/\/medipeel.me\/wp-content\/uploads\/2021\/10\/Logo-MediPeel-Mne.jpg\",\"width\":288,\"height\":288,\"caption\":\"MEDII-PEEL\"},\"image\":{\"@id\":\"https:\/\/medipeel.me\/sr\/#\/schema\/logo\/image\/\"},\"sameAs\":[\"https:\/\/www.facebook.com\/medipeel.montenegro.serbia\/\"]}]}<\/script>\n<!-- \/ Yoast SEO Premium plugin. -->","yoast_head_json":{"title":"Contact - Medi-Peel Montenegro","robots":{"index":"index","follow":"follow","max-snippet":"max-snippet:-1","max-image-preview":"max-image-preview:large","max-video-preview":"max-video-preview:-1"},"canonical":"https:\/\/medipeel.me\/sr\/contact\/","og_locale":"sr_RS","og_type":"article","og_title":"Contact","og_description":"\u0410\u0414\u0420\u0415\u0421\u0410 \u0424\u0418\u0420\u041c\u0415\u041d\u041d\u042b\u0425 \u041c\u0410\u0413\u0410\u0417\u0418\u041d\u041e\u0412 \ud83d\udccdTIVAT,\u00a0Njego\u0161eva, 12. \ud83d\udccdBUDVA, Jadranska magistrala, \u0440\u044f\u0434\u043e\u043c \u0441 Montefish (\u0431\u044b\u0432\u0448\u0430\u044f Franca). \ud83d\udccdPODGORICA \u2014 Lumeori, ul. \u0160eika Zaida (The Capital Plaza). \u041f\u043e\u043c\u043e\u0449\u044c \u0432 \u043f\u043e\u0434\u0431\u043e\u0440\u0435 \u043a\u043e\u0441\u043c\u0435\u0442\u0438\u043a\u0438: +382 68 086 640 whatsapp \u0412 \u043d\u0430\u0448\u0438\u0445 \u043c\u0430\u0433\u0430\u0437\u0438\u043d\u0430\u0445 \u0432\u044b \u043c\u043e\u0436\u0435\u0442\u0435 \u043e\u0437\u043d\u0430\u043a\u043e\u043c\u0438\u0442\u044c\u0441\u044f \u0441 \u0430\u043a\u0442\u0443\u0430\u043b\u044c\u043d\u044b\u043c \u0430\u0441\u0441\u043e\u0440\u0442\u0438\u043c\u0435\u043d\u0442\u043e\u043c \u043f\u0440\u043e\u0434\u0443\u043a\u0446\u0438\u0438, \u0430 \u0442\u0430\u043a\u0436\u0435 \u0437\u0430\u0431\u0440\u0430\u0442\u044c \u0437\u0430\u043a\u0430\u0437\u0430\u043d\u043d\u044b\u0439 \u0442\u043e\u0432\u0430\u0440 \u0441 \u043f\u043e\u043c\u0435\u0442\u043a\u043e\u0439 \u201c\u0421\u0430\u043c\u043e\u0432\u044b\u0432\u043e\u0437 \u0438\u0437 \u043c\u0430\u0433\u0430\u0437\u0438\u043d\u0430\u201d. \u0412\u041d\u0418\u041c\u0410\u041d\u0418\u0415! \u0417\u0430\u043a\u0430\u0437\u044b \u0441 \u043f\u043e\u043c\u0435\u0442\u043a\u043e\u0439 [&hellip;]","og_url":"https:\/\/medipeel.me\/sr\/contact\/","og_site_name":"Medi-Peel Montenegro","article_publisher":"https:\/\/www.facebook.com\/medipeel.montenegro.serbia\/","article_modified_time":"2026-04-18T17:52:27+00:00","og_image":[{"width":1366,"height":324,"url":"https:\/\/medipeel.me\/wp-content\/uploads\/2021\/10\/medi-peel_logo_horiz-mne_ENG2.png","type":"image\/png"}],"schema":{"@context":"https:\/\/schema.org","@graph":[{"@type":"WebPage","@id":"https:\/\/medipeel.me\/contact\/","url":"https:\/\/medipeel.me\/contact\/","name":"Contact - Medi-Peel Montenegro","isPartOf":{"@id":"https:\/\/medipeel.me\/sr\/#website"},"datePublished":"2021-04-29T13:44:51+00:00","dateModified":"2026-04-18T17:52:27+00:00","breadcrumb":{"@id":"https:\/\/medipeel.me\/contact\/#breadcrumb"},"inLanguage":"sr-RS","potentialAction":[{"@type":"ReadAction","target":["https:\/\/medipeel.me\/contact\/"]}]},{"@type":"BreadcrumbList","@id":"https:\/\/medipeel.me\/contact\/#breadcrumb","itemListElement":[{"@type":"ListItem","position":1,"name":"\u0413\u043b\u0430\u0432\u043d\u0430\u044f \u0441\u0442\u0440\u0430\u043d\u0438\u0446\u0430","item":"https:\/\/medipeel.me\/"},{"@type":"ListItem","position":2,"name":"Contact"}]},{"@type":"WebSite","@id":"https:\/\/medipeel.me\/sr\/#website","url":"https:\/\/medipeel.me\/sr\/","name":"Medi-Peel Montenegro","description":"Ekskluzivni zastupnik MEDI-PEEL za Crnu Goru","publisher":{"@id":"https:\/\/medipeel.me\/sr\/#organization"},"potentialAction":[{"@type":"SearchAction","target":{"@type":"EntryPoint","urlTemplate":"https:\/\/medipeel.me\/sr\/?s={search_term_string}"},"query-input":{"@type":"PropertyValueSpecification","valueRequired":true,"valueName":"search_term_string"}}],"inLanguage":"sr-RS"},{"@type":"Organization","@id":"https:\/\/medipeel.me\/sr\/#organization","name":"MEDII-PEEL","url":"https:\/\/medipeel.me\/sr\/","logo":{"@type":"ImageObject","inLanguage":"sr-RS","@id":"https:\/\/medipeel.me\/sr\/#\/schema\/logo\/image\/","url":"https:\/\/medipeel.me\/wp-content\/uploads\/2021\/10\/Logo-MediPeel-Mne.jpg","contentUrl":"https:\/\/medipeel.me\/wp-content\/uploads\/2021\/10\/Logo-MediPeel-Mne.jpg","width":288,"height":288,"caption":"MEDII-PEEL"},"image":{"@id":"https:\/\/medipeel.me\/sr\/#\/schema\/logo\/image\/"},"sameAs":["https:\/\/www.facebook.com\/medipeel.montenegro.serbia\/"]}]}},"uagb_featured_image_src":{"full":false,"thumbnail":false,"medium":false,"medium_large":false,"large":false,"1536x1536":false,"2048x2048":false,"trp-custom-language-flag":false,"vcmegaposts-masonry":false,"vcmegaposts-normal":false,"vcmegaposts-type1":false,"woocommerce_thumbnail":false,"woocommerce_single":false,"woocommerce_gallery_thumbnail":false},"uagb_author_info":{"display_name":"Medi-Peel","author_link":"https:\/\/medipeel.me\/sr\/author\/budva85310\/"},"uagb_comment_info":0,"uagb_excerpt":"\u0410\u0414\u0420\u0415\u0421\u0410 \u0424\u0418\u0420\u041c\u0415\u041d\u041d\u042b\u0425 \u041c\u0410\u0413\u0410\u0417\u0418\u041d\u041e\u0412 \ud83d\udccdTIVAT,\u00a0Njego\u0161eva, 12. \ud83d\udccdBUDVA, Jadranska magistrala, \u0440\u044f\u0434\u043e\u043c \u0441 Montefish (\u0431\u044b\u0432\u0448\u0430\u044f Franca). \ud83d\udccdPODGORICA \u2014 Lumeori, ul. \u0160eika Zaida (The Capital Plaza). \u041f\u043e\u043c\u043e\u0449\u044c \u0432 \u043f\u043e\u0434\u0431\u043e\u0440\u0435 \u043a\u043e\u0441\u043c\u0435\u0442\u0438\u043a\u0438: +382 68 086 640 whatsapp \u0412 \u043d\u0430\u0448\u0438\u0445 \u043c\u0430\u0433\u0430\u0437\u0438\u043d\u0430\u0445 \u0432\u044b \u043c\u043e\u0436\u0435\u0442\u0435 \u043e\u0437\u043d\u0430\u043a\u043e\u043c\u0438\u0442\u044c\u0441\u044f \u0441 \u0430\u043a\u0442\u0443\u0430\u043b\u044c\u043d\u044b\u043c \u0430\u0441\u0441\u043e\u0440\u0442\u0438\u043c\u0435\u043d\u0442\u043e\u043c \u043f\u0440\u043e\u0434\u0443\u043a\u0446\u0438\u0438, \u0430 \u0442\u0430\u043a\u0436\u0435 \u0437\u0430\u0431\u0440\u0430\u0442\u044c \u0437\u0430\u043a\u0430\u0437\u0430\u043d\u043d\u044b\u0439 \u0442\u043e\u0432\u0430\u0440 \u0441 \u043f\u043e\u043c\u0435\u0442\u043a\u043e\u0439 \u201c\u0421\u0430\u043c\u043e\u0432\u044b\u0432\u043e\u0437 \u0438\u0437 \u043c\u0430\u0433\u0430\u0437\u0438\u043d\u0430\u201d. \u0412\u041d\u0418\u041c\u0410\u041d\u0418\u0415! \u0417\u0430\u043a\u0430\u0437\u044b \u0441 \u043f\u043e\u043c\u0435\u0442\u043a\u043e\u0439&hellip;","jetpack_sharing_enabled":true,"_links":{"self":[{"href":"https:\/\/medipeel.me\/sr\/wp-json\/wp\/v2\/pages\/192","targetHints":{"allow":["GET"]}}],"collection":[{"href":"https:\/\/medipeel.me\/sr\/wp-json\/wp\/v2\/pages"}],"about":[{"href":"https:\/\/medipeel.me\/sr\/wp-json\/wp\/v2\/types\/page"}],"author":[{"embeddable":true,"href":"https:\/\/medipeel.me\/sr\/wp-json\/wp\/v2\/users\/1"}],"replies":[{"embeddable":true,"href":"https:\/\/medipeel.me\/sr\/wp-json\/wp\/v2\/comments?post=192"}],"version-history":[{"count":268,"href":"https:\/\/medipeel.me\/sr\/wp-json\/wp\/v2\/pages\/192\/revisions"}],"predecessor-version":[{"id":7526,"href":"https:\/\/medipeel.me\/sr\/wp-json\/wp\/v2\/pages\/192\/revisions\/7526"}],"wp:attachment":[{"href":"https:\/\/medipeel.me\/sr\/wp-json\/wp\/v2\/media?parent=192"}],"curies":[{"name":"wp","href":"https:\/\/api.w.org\/{rel}","templated":true}]}}